{"id":2087,"date":"2021-09-04T21:00:43","date_gmt":"2021-09-04T21:00:43","guid":{"rendered":"https:\/\/mivisioneyecare.com\/?page_id=2087"},"modified":"2024-02-12T20:41:33","modified_gmt":"2024-02-12T20:41:33","slug":"gafas-de-sol-2","status":"publish","type":"page","link":"https:\/\/mivisioneyecare.com\/es\/gafas-de-sol-2\/","title":{"rendered":"Gafas de sol graduadas San Antonio | Mi visi\u00f3n"},"content":{"rendered":"<div data-elementor-type=\"wp-page\" data-elementor-id=\"2087\" class=\"elementor elementor-2087\" data-elementor-post-type=\"page\">\n\t\t\t\t\t\t<section class=\"elementor-section elementor-top-section elementor-element elementor-element-80b3c05 elementor-section-height-min-height elementor-section-boxed elementor-section-height-default elementor-section-items-middle\" data-id=\"80b3c05\" data-element_type=\"section\" data-e-type=\"section\" data-settings=\"{&quot;background_background&quot;:&quot;classic&quot;,&quot;shape_divider_top&quot;:&quot;opacity-fan&quot;}\">\n\t\t\t\t\t\t\t<div class=\"elementor-background-overlay\"><\/div>\n\t\t\t\t\t\t<div class=\"elementor-shape elementor-shape-top\" aria-hidden=\"true\" data-negative=\"false\">\n\t\t\t<svg xmlns=\"http:\/\/www.w3.org\/2000\/svg\" viewbox=\"0 0 283.5 19.6\" preserveaspectratio=\"none\">\n\t<path class=\"elementor-shape-fill\" style=\"opacity:0.33\" d=\"M0 0L0 18.8 141.8 4.1 283.5 18.8 283.5 0z\"\/>\n\t<path class=\"elementor-shape-fill\" style=\"opacity:0.33\" d=\"M0 0L0 12.6 141.8 4 283.5 12.6 283.5 0z\"\/>\n\t<path class=\"elementor-shape-fill\" style=\"opacity:0.33\" d=\"M0 0L0 6.4 141.8 4 283.5 6.4 283.5 0z\"\/>\n\t<path class=\"elementor-shape-fill\" d=\"M0 0L0 1.2 141.8 4 283.5 1.2 283.5 0z\"\/>\n<\/svg>\t\t<\/div>\n\t\t\t\t\t<div class=\"elementor-container elementor-column-gap-default\">\n\t\t\t\t\t<div class=\"elementor-column elementor-col-100 elementor-top-column elementor-element elementor-element-7db3a8b\" data-id=\"7db3a8b\" data-element_type=\"column\" data-e-type=\"column\">\n\t\t\t<div class=\"elementor-widget-wrap\">\n\t\t\t\t\t\t\t<\/div>\n\t\t<\/div>\n\t\t\t\t\t<\/div>\n\t\t<\/section>\n\t\t\t\t<section class=\"elementor-section elementor-top-section elementor-element elementor-element-829793f elementor-section-boxed elementor-section-height-default elementor-section-height-default\" data-id=\"829793f\" data-element_type=\"section\" data-e-type=\"section\">\n\t\t\t\t\t\t<div class=\"elementor-container elementor-column-gap-default\">\n\t\t\t\t\t<div class=\"elementor-column elementor-col-50 elementor-top-column elementor-element elementor-element-0e9db96\" data-id=\"0e9db96\" data-element_type=\"column\" data-e-type=\"column\">\n\t\t\t<div class=\"elementor-widget-wrap elementor-element-populated\">\n\t\t\t\t\t\t<div class=\"elementor-element elementor-element-af64c83 elementor-widget elementor-widget-heading\" data-id=\"af64c83\" data-element_type=\"widget\" data-e-type=\"widget\" data-widget_type=\"heading.default\">\n\t\t\t\t<div class=\"elementor-widget-container\">\n\t\t\t\t\t<h1 class=\"elementor-heading-title elementor-size-default\">Gafas de sol graduadas en una hora<\/h1>\t\t\t\t<\/div>\n\t\t\t\t<\/div>\n\t\t\t\t<div class=\"elementor-element elementor-element-3186051 elementor-widget elementor-widget-text-editor\" data-id=\"3186051\" data-element_type=\"widget\" data-e-type=\"widget\" data-widget_type=\"text-editor.default\">\n\t\t\t\t<div class=\"elementor-widget-container\">\n\t\t\t\t\t\t\t\t\t<div class=\"wpb_text_column wpb_content_element vc_custom_1600885197691\"><div class=\"wpb_wrapper\"><p>En Mi Vision Eye Care, ofrecemos una amplia selecci\u00f3n de gafas de sol graduadas y de venta libre para satisfacer las necesidades de todos nuestros pacientes en San Antonio. Podemos convertir cualquier gafa en gafas de sol con las siguientes tecnolog\u00edas:<\/p><p>\u00a0<\/p><p>1.\u00a0<span style=\"color: #0000ff;\"><a href=\"https:\/\/www.zeiss.com\/vision-care\/us\/eye-care-professionals\/lenses\/sunglasses-and-outdoor-lenses\/photochromic\/photochromic-lenses.html\" target=\"_blank\" rel=\"noopener\">Tecnolog\u00eda fotocrom\u00e1tica<\/a>\u00a0<\/span><span style=\"color: #000000;\">Disponible solo en color gris, monofocal, servicio de una hora.<\/span><\/p><p>2. S\u00f3lo lentes oscuros con diferentes gradientes de tonalidad y colores con policarbonato y filtros UV.<\/p><p>3. Lentes polarizadas con efectos sorprendentes en la visi\u00f3n con protecci\u00f3n UV tambi\u00e9n.<\/p><p>\u00a0<\/p><p>Estamos para ayudarte y ofrecerte las mejores opciones en nuestro local. <a href=\"https:\/\/mivisioneyecare.com\/es\/gafas-graduadas\/\">lugar de anteojos<\/a>, convenientemente ubicado en 410 e i10 en Balcones Heights. Nuestro personal le mostrar\u00e1 muestras de c\u00f3mo quedar\u00e1 en cuanto a degradados de color y el tipo de tono deseado. Tenemos una gran selecci\u00f3n de m\u00e1s de 5000 monturas en stock; es f\u00e1cil encontrar el par de gafas de sol perfecto con las lentes adecuadas que se adapten a su estilo de vida.<br \/><br \/><\/p><p>\u00bfEst\u00e1 frustrado por encontrar el par de gafas de sol graduadas perfecto para combinar con la forma de su rostro, el estilo y las necesidades de correcci\u00f3n de la visi\u00f3n en el pasado? Por suerte, con un <a href=\"https:\/\/mivisioneyecare.com\/es\/examenes-de-la-vista\/\">examen completo de la vista el mismo d\u00eda<\/a> del Dr. Cuba y nuestro personal, \u00a1nos aseguramos de que tenga muchas opciones excelentes para elegir!<\/p><h4>Explore nuestra amplia selecci\u00f3n de gafas de sol<\/h4><p>Mantenerse al d\u00eda con las \u00faltimas modas en gafas de sol graduadas es f\u00e1cil con nuestra amplia selecci\u00f3n de monturas de dise\u00f1ador asequibles. Esencial para cualquiera que busque llamar la atenci\u00f3n y proteger sus ojos de los fuertes rayos UV del sol, nuestro equipo de asesores en gafas est\u00e1 listo para ayudarle a encontrar el par de gafas de sol perfecto que se ajuste a sus necesidades de estilo y a su presupuesto.<\/p><\/div><\/div>\t\t\t\t\t\t\t\t<\/div>\n\t\t\t\t<\/div>\n\t\t\t\t\t<\/div>\n\t\t<\/div>\n\t\t\t\t<div class=\"elementor-column elementor-col-50 elementor-top-column elementor-element elementor-element-00e3211\" data-id=\"00e3211\" data-element_type=\"column\" data-e-type=\"column\">\n\t\t\t<div class=\"elementor-widget-wrap elementor-element-populated\">\n\t\t\t\t\t\t<div class=\"elementor-element elementor-element-aaf6ee1 elementor-widget elementor-widget-image\" data-id=\"aaf6ee1\" data-element_type=\"widget\" data-e-type=\"widget\" data-widget_type=\"image.default\">\n\t\t\t\t<div class=\"elementor-widget-container\">\n\t\t\t\t\t\t\t\t\t\t\t\t\t\t\t<img fetchpriority=\"high\" decoding=\"async\" width=\"683\" height=\"1024\" src=\"https:\/\/mivisioneyecare.com\/wp-content\/uploads\/2021\/10\/Ana-Mi-Vision-8-1-1-683x1024.jpeg\" class=\"attachment-large size-large wp-image-2966\" alt=\"elegantes gafas graduadas de dise\u00f1o en san antonio\" srcset=\"https:\/\/mivisioneyecare.com\/wp-content\/uploads\/2021\/10\/Ana-Mi-Vision-8-1-1-683x1024.jpeg 683w, https:\/\/mivisioneyecare.com\/wp-content\/uploads\/2021\/10\/Ana-Mi-Vision-8-1-1-200x300.jpeg 200w, https:\/\/mivisioneyecare.com\/wp-content\/uploads\/2021\/10\/Ana-Mi-Vision-8-1-1-768x1152.jpeg 768w, https:\/\/mivisioneyecare.com\/wp-content\/uploads\/2021\/10\/Ana-Mi-Vision-8-1-1-8x12.jpeg 8w, https:\/\/mivisioneyecare.com\/wp-content\/uploads\/2021\/10\/Ana-Mi-Vision-8-1-1.jpeg 1000w\" sizes=\"(max-width: 683px) 100vw, 683px\" \/>\t\t\t\t\t\t\t\t\t\t\t\t\t\t\t<\/div>\n\t\t\t\t<\/div>\n\t\t\t\t\t<\/div>\n\t\t<\/div>\n\t\t\t\t\t<\/div>\n\t\t<\/section>\n\t\t\t\t<section class=\"elementor-section elementor-top-section elementor-element elementor-element-2f881be elementor-section-boxed elementor-section-height-default elementor-section-height-default\" data-id=\"2f881be\" data-element_type=\"section\" data-e-type=\"section\">\n\t\t\t\t\t\t<div class=\"elementor-container elementor-column-gap-default\">\n\t\t\t\t\t<div class=\"elementor-column elementor-col-100 elementor-top-column elementor-element elementor-element-8498fe9\" data-id=\"8498fe9\" data-element_type=\"column\" data-e-type=\"column\">\n\t\t\t<div class=\"elementor-widget-wrap elementor-element-populated\">\n\t\t\t\t\t\t<div class=\"elementor-element elementor-element-dc8898e elementor-widget__width-initial elementor-widget elementor-widget-text-editor\" data-id=\"dc8898e\" data-element_type=\"widget\" data-e-type=\"widget\" data-widget_type=\"text-editor.default\">\n\t\t\t\t<div class=\"elementor-widget-container\">\n\t\t\t\t\t\t\t\t\t<div class=\"vc_row wpb_row vc_row-fluid top-row\"><div class=\"wpb_column vc_column_container vc_col-sm-12\"><div class=\"vc_column-inner\"><div class=\"wpb_wrapper\"><div class=\"columns_wrap sc_columns columns_nofluid sc_columns_count_1 margin_top_null margin_bottom_huge\"><div class=\"column-1_1 sc_column_item sc_column_item_1 odd first\"><div class=\"wpb_text_column wpb_content_element sec2-col1-copy\"><div class=\"wpb_wrapper\"><h3>Gafas de sol graduadas en San Antonio<\/h3><p><a href=\"https:\/\/www.webmd.com\/eye-health\/how-to-pick-prescription-sunglasses\" target=\"_blank\" rel=\"noopener\">Gafas de sol graduadas<\/a> Son como gafas de sol normales, pero con una prescripci\u00f3n correctiva espec\u00edfica integrada en las lentes. Son excelentes para cualquier persona que tenga un error de refracci\u00f3n y son la forma m\u00e1s f\u00e1cil de proteger sus ojos del sol y el resplandor para ayudarlo a ver con mayor claridad mientras disfruta de la vida en San Antonio.<\/p><h4>Prot\u00e9jase de los rayos ultravioleta<\/h4><p>Los rayos ultravioleta o UV se encuentran justo m\u00e1s all\u00e1 de la porci\u00f3n violeta del espectro de luz visible. La luz del sol es la principal fuente de rayos ultravioleta con la que entramos en contacto cada d\u00eda. La luz ultravioleta se descompone en 3 tipos diferentes de rayos: UVA, UVB y UVC. Tanto los rayos UVA como los UVA pueden ser da\u00f1inos. Los rayos UVB son los m\u00e1s peligrosos para nuestros pacientes, no s\u00f3lo para la piel sino tambi\u00e9n para problemas relacionados con los ojos como <a href=\"https:\/\/mivisioneyecare.com\/es\/emergencias-oculares\/\" target=\"_blank\" rel=\"noopener\">cataratas, pterigi\u00f3n, degeneraci\u00f3n macular<\/a> entre otros. Llevar gafas de sol y usar protector solar es imprescindible en San Antonio. Incluso en un d\u00eda nublado, los rayos ultravioleta pueden causar problemas de visi\u00f3n, por lo que es inteligente protegerse contra ellos durante todo el a\u00f1o.<\/p><p>\u00a0<\/p><h4>Gafas de sol sin receta<\/h4><p>\u00bfTiene alguien en su familia sin problemas de visi\u00f3n correctiva? \u00a1No te preocupes! En Mi Vision Eye Care, tambi\u00e9n ofrecemos opciones de gafas de sol sin receta. Con una amplia gama de estilos para elegir, todos los miembros de su familia pueden protegerse contra los da\u00f1inos rayos UV y lucir geniales. Tenemos no marcas y lujo. <a href=\"https:\/\/www.nei.nih.gov\/about\/news-and-events\/news\/protecting-your-eyes-suns-uv-light\" target=\"_blank\" rel=\"noopener\">Gafas de sol de marca sin receta con protecci\u00f3n UV.<\/a> as\u00ed como lentes polarizadas.<\/p><p>\u00a0<\/p><h4>Varios estilos de gafas de sol<\/h4><p>A la hora de encontrar el par de gafas de sol adecuado para su estilo de vida, Mi Vision Eye Care tiene una gran variedad de estilos diferentes para elegir. Algunos de los estilos de moda que ofrecemos incluyen:<\/p><ul><li>Cl\u00e1sico<\/li><li>De moda<\/li><li>Vintage<\/li><li>Dise\u00f1ador<\/li><li>Ni\u00f1os<\/li><li>Deporte<\/li><li>\u00a1Y m\u00e1s!<\/li><\/ul><p>Nuestros asesores experimentados y conocedores del cuidado de la vista est\u00e1n listos para ayudarlo a encontrar el mejor par de gafas de sol que se adapten a su estilo de vida activo. Con a\u00f1os de experiencia, hacemos que sea f\u00e1cil encontrar el par de monturas adecuado que se adapte a la forma de su rostro. Siempre tomamos en consideraci\u00f3n sus dimensiones faciales espec\u00edficas, incluido el tama\u00f1o de sus ojos, el tama\u00f1o del puente y el tama\u00f1o de las patillas, para encontrar un par de monturas de gafas de sol graduadas c\u00f3modas y elegantes que garanticen su protecci\u00f3n contra los rayos UV durante todo el a\u00f1o. Lo que es a\u00fan mejor: contamos con un laboratorio en el lugar que nos permite brindar <a href=\"https:\/\/mivisioneyecare.com\/es\/gafas-el-mismo-dia-en-una-hora-2\/\">marcos de anteojos de una hora<\/a> a todos nuestros pacientes locales con sede en Sud\u00e1frica.\u00a0<\/p><p>\u00a0<\/p><p>\u00a0<\/p><h4>Las mejores marcas de gafas de sol de dise\u00f1ador para el condado de Bexar y sus alrededores<\/h4><p>Creemos que nuestros pacientes merecen s\u00f3lo lo mejor cuando se trata de gafas de sol de calidad. Es por eso que contamos con lo mejor en moda y monturas de dise\u00f1ador. Explore nuestra selecci\u00f3n de marcas de renombre:<\/p><\/div><\/div><\/div><\/div><\/div><\/div><\/div><\/div>\t\t\t\t\t\t\t\t<\/div>\n\t\t\t\t<\/div>\n\t\t\t\t<div class=\"elementor-element elementor-element-9700db1 elementor-align-center elementor-mobile-align-center elementor-widget elementor-widget-button\" data-id=\"9700db1\" data-element_type=\"widget\" data-e-type=\"widget\" data-widget_type=\"button.default\">\n\t\t\t\t<div class=\"elementor-widget-container\">\n\t\t\t\t\t\t\t\t\t<div class=\"elementor-button-wrapper\">\n\t\t\t\t\t<a class=\"elementor-button elementor-button-link elementor-size-sm elementor-animation-shrink\" href=\"https:\/\/mivisioneyecare.com\/es\/marcas\/\" target=\"_blank\" hreflang=\"en\">\n\t\t\t\t\t\t<span class=\"elementor-button-content-wrapper\">\n\t\t\t\t\t\t\t\t\t<span class=\"elementor-button-text\">Comprar gafas<\/span>\n\t\t\t\t\t<\/span>\n\t\t\t\t\t<\/a>\n\t\t\t\t<\/div>\n\t\t\t\t\t\t\t\t<\/div>\n\t\t\t\t<\/div>\n\t\t\t\t\t<\/div>\n\t\t<\/div>\n\t\t\t\t\t<\/div>\n\t\t<\/section>\n\t\t\t\t<section class=\"elementor-section elementor-top-section elementor-element elementor-element-241c46c elementor-section-boxed elementor-section-height-default elementor-section-height-default\" data-id=\"241c46c\" data-element_type=\"section\" data-e-type=\"section\">\n\t\t\t\t\t\t<div class=\"elementor-container elementor-column-gap-default\">\n\t\t\t\t\t<div class=\"elementor-column elementor-col-100 elementor-top-column elementor-element elementor-element-dd3be60\" data-id=\"dd3be60\" data-element_type=\"column\" data-e-type=\"column\">\n\t\t\t<div class=\"elementor-widget-wrap elementor-element-populated\">\n\t\t\t\t\t\t<div class=\"elementor-element elementor-element-44dd4b7 elementor-widget elementor-widget-text-editor\" data-id=\"44dd4b7\" data-element_type=\"widget\" data-e-type=\"widget\" data-widget_type=\"text-editor.default\">\n\t\t\t\t<div class=\"elementor-widget-container\">\n\t\t\t\t\t\t\t\t\t<p>Si normalmente usa anteojos para corregir su vista, las gafas de sol graduadas son una excelente opci\u00f3n que se adapta a las necesidades de su estilo de vida. Despu\u00e9s de su evaluaci\u00f3n inicial con el Dr. Cuba y nuestro personal, podemos ayudarlo a determinar si las gafas de sol graduadas, oscuras, polarizadas o fotocrom\u00e1ticas son las opciones correctas para sus necesidades. A partir de ah\u00ed, lo ayudaremos a elegir sus monturas, revisar sus opciones de lentes y encontrar el ajuste perfecto para la forma de su rostro.<\/p><p>\u00a0<\/p><h3>\u00a1Ll\u00e1menos hoy para programar una cita para gafas de sol el mismo d\u00eda!<\/h3><p>\u00bfListo para encontrar el par de gafas de sol graduadas adecuadas para su estilo de vida activo en San Antonio? Agenda una cita con nuestro optometrista llamando\u00a0<strong>(210) 361-5875<\/strong>\u00a0\u00a1O visite Mi Vision Eye Care en l\u00ednea hoy!<\/p>\t\t\t\t\t\t\t\t<\/div>\n\t\t\t\t<\/div>\n\t\t\t\t\t<\/div>\n\t\t<\/div>\n\t\t\t\t\t<\/div>\n\t\t<\/section>\n\t\t\t\t<\/div>","protected":false},"excerpt":{"rendered":"<p>Prescription Sunglasses In One Hour At Mi Vision Eye Care, we offer a wide selection of both prescription sunglasses and non-prescription sunglasses to meet the needs of all of our\u00a0patients in San Antonio. We can make any eyewear into sunglasses with the following technologies: \u00a0 1.\u00a0Photochromic technology\u00a0available in gray color only, single vision, one hour [&hellip;]<\/p>\n","protected":false},"author":1,"featured_media":0,"parent":0,"menu_order":0,"comment_status":"closed","ping_status":"closed","template":"elementor_header_footer","meta":{"footnotes":""},"class_list":["post-2087","page","type-page","status-publish","hentry"],"yoast_head":"<!-- This site is optimized with the Yoast SEO Premium plugin v27.3 (Yoast SEO v27.3) - https:\/\/yoast.com\/product\/yoast-seo-premium-wordpress\/ -->\n<title>Prescription Sunglasses San Antonio | Mi Vision - Mi Vision Eye Care<\/title>\n<meta name=\"robots\" content=\"index, follow, max-snippet:-1, max-image-preview:large, max-video-preview:-1\" \/>\n<link rel=\"canonical\" href=\"https:\/\/mivisioneyecare.com\/es\/gafas-de-sol-2\/\" \/>\n<meta property=\"og:locale\" content=\"es_ES\" \/>\n<meta property=\"og:type\" content=\"article\" \/>\n<meta property=\"og:title\" content=\"Prescription Sunglasses San Antonio | Mi Vision\" \/>\n<meta property=\"og:description\" content=\"Prescription Sunglasses In One Hour At Mi Vision Eye Care, we offer a wide selection of both prescription sunglasses and non-prescription sunglasses to meet the needs of all of our\u00a0patients in San Antonio. We can make any eyewear into sunglasses with the following technologies: \u00a0 1.\u00a0Photochromic technology\u00a0available in gray color only, single vision, one hour [&hellip;]\" \/>\n<meta property=\"og:url\" content=\"https:\/\/mivisioneyecare.com\/es\/gafas-de-sol-2\/\" \/>\n<meta property=\"og:site_name\" content=\"Mi Vision Eye Care\" \/>\n<meta property=\"article:publisher\" content=\"https:\/\/www.facebook.com\/mivision2020\" \/>\n<meta property=\"article:modified_time\" content=\"2024-02-12T20:41:33+00:00\" \/>\n<meta property=\"og:image\" content=\"https:\/\/mivisioneyecare.com\/wp-content\/uploads\/2021\/10\/Ana-Mi-Vision-8-1-1-683x1024.jpeg\" \/>\n<meta name=\"twitter:card\" content=\"summary_large_image\" \/>\n<meta name=\"twitter:label1\" content=\"Tiempo de lectura\" \/>\n\t<meta name=\"twitter:data1\" content=\"4 minutos\" \/>\n<script type=\"application\/ld+json\" class=\"yoast-schema-graph\">{\"@context\":\"https:\\\/\\\/schema.org\",\"@graph\":[{\"@type\":\"WebPage\",\"@id\":\"https:\\\/\\\/mivisioneyecare.com\\\/sunglasses\\\/\",\"url\":\"https:\\\/\\\/mivisioneyecare.com\\\/sunglasses\\\/\",\"name\":\"Prescription Sunglasses San Antonio | Mi Vision - Mi Vision Eye Care\",\"isPartOf\":{\"@id\":\"https:\\\/\\\/mivisioneyecare.com\\\/#website\"},\"primaryImageOfPage\":{\"@id\":\"https:\\\/\\\/mivisioneyecare.com\\\/sunglasses\\\/#primaryimage\"},\"image\":{\"@id\":\"https:\\\/\\\/mivisioneyecare.com\\\/sunglasses\\\/#primaryimage\"},\"thumbnailUrl\":\"https:\\\/\\\/mivisioneyecare.com\\\/wp-content\\\/uploads\\\/2021\\\/10\\\/Ana-Mi-Vision-8-1-1-683x1024.jpeg\",\"datePublished\":\"2021-09-04T21:00:43+00:00\",\"dateModified\":\"2024-02-12T20:41:33+00:00\",\"breadcrumb\":{\"@id\":\"https:\\\/\\\/mivisioneyecare.com\\\/sunglasses\\\/#breadcrumb\"},\"inLanguage\":\"es\",\"potentialAction\":[{\"@type\":\"ReadAction\",\"target\":[\"https:\\\/\\\/mivisioneyecare.com\\\/sunglasses\\\/\"]}]},{\"@type\":\"ImageObject\",\"inLanguage\":\"es\",\"@id\":\"https:\\\/\\\/mivisioneyecare.com\\\/sunglasses\\\/#primaryimage\",\"url\":\"https:\\\/\\\/mivisioneyecare.com\\\/wp-content\\\/uploads\\\/2021\\\/10\\\/Ana-Mi-Vision-8-1-1-683x1024.jpeg\",\"contentUrl\":\"https:\\\/\\\/mivisioneyecare.com\\\/wp-content\\\/uploads\\\/2021\\\/10\\\/Ana-Mi-Vision-8-1-1-683x1024.jpeg\"},{\"@type\":\"BreadcrumbList\",\"@id\":\"https:\\\/\\\/mivisioneyecare.com\\\/sunglasses\\\/#breadcrumb\",\"itemListElement\":[{\"@type\":\"ListItem\",\"position\":1,\"name\":\"Portada\",\"item\":\"https:\\\/\\\/mivisioneyecare.com\\\/\"},{\"@type\":\"ListItem\",\"position\":2,\"name\":\"Prescription Sunglasses San Antonio | Mi Vision\"}]},{\"@type\":\"WebSite\",\"@id\":\"https:\\\/\\\/mivisioneyecare.com\\\/#website\",\"url\":\"https:\\\/\\\/mivisioneyecare.com\\\/\",\"name\":\"Mi Vision Eye Care\",\"description\":\"\",\"publisher\":{\"@id\":\"https:\\\/\\\/mivisioneyecare.com\\\/#organization\"},\"potentialAction\":[{\"@type\":\"SearchAction\",\"target\":{\"@type\":\"EntryPoint\",\"urlTemplate\":\"https:\\\/\\\/mivisioneyecare.com\\\/?s={search_term_string}\"},\"query-input\":{\"@type\":\"PropertyValueSpecification\",\"valueRequired\":true,\"valueName\":\"search_term_string\"}}],\"inLanguage\":\"es\"},{\"@type\":\"Organization\",\"@id\":\"https:\\\/\\\/mivisioneyecare.com\\\/#organization\",\"name\":\"Mi Vision Eye Care\",\"url\":\"https:\\\/\\\/mivisioneyecare.com\\\/\",\"logo\":{\"@type\":\"ImageObject\",\"inLanguage\":\"es\",\"@id\":\"https:\\\/\\\/mivisioneyecare.com\\\/#\\\/schema\\\/logo\\\/image\\\/\",\"url\":\"https:\\\/\\\/mivisioneyecare.com\\\/wp-content\\\/uploads\\\/2022\\\/04\\\/Logo-mi-vision-eye-care.jpg\",\"contentUrl\":\"https:\\\/\\\/mivisioneyecare.com\\\/wp-content\\\/uploads\\\/2022\\\/04\\\/Logo-mi-vision-eye-care.jpg\",\"width\":500,\"height\":500,\"caption\":\"Mi Vision Eye Care\"},\"image\":{\"@id\":\"https:\\\/\\\/mivisioneyecare.com\\\/#\\\/schema\\\/logo\\\/image\\\/\"},\"sameAs\":[\"https:\\\/\\\/www.facebook.com\\\/mivision2020\",\"https:\\\/\\\/www.instagram.com\\\/mivisioneyecare\\\/\",\"https:\\\/\\\/www.youtube.com\\\/channel\\\/UCRg--4BZMPV669U2v2CoY8w\"]}]}<\/script>\n<!-- \/ Yoast SEO Premium plugin. -->","yoast_head_json":{"title":"Gafas de sol graduadas San Antonio | Mi Vision - Cuidado de los ojos Mi Vision","robots":{"index":"index","follow":"follow","max-snippet":"max-snippet:-1","max-image-preview":"max-image-preview:large","max-video-preview":"max-video-preview:-1"},"canonical":"https:\/\/mivisioneyecare.com\/es\/gafas-de-sol-2\/","og_locale":"es_ES","og_type":"article","og_title":"Prescription Sunglasses San Antonio | Mi Vision","og_description":"Prescription Sunglasses In One Hour At Mi Vision Eye Care, we offer a wide selection of both prescription sunglasses and non-prescription sunglasses to meet the needs of all of our\u00a0patients in San Antonio. We can make any eyewear into sunglasses with the following technologies: \u00a0 1.\u00a0Photochromic technology\u00a0available in gray color only, single vision, one hour [&hellip;]","og_url":"https:\/\/mivisioneyecare.com\/es\/gafas-de-sol-2\/","og_site_name":"Mi Vision Eye Care","article_publisher":"https:\/\/www.facebook.com\/mivision2020","article_modified_time":"2024-02-12T20:41:33+00:00","og_image":[{"url":"https:\/\/mivisioneyecare.com\/wp-content\/uploads\/2021\/10\/Ana-Mi-Vision-8-1-1-683x1024.jpeg","type":"","width":"","height":""}],"twitter_card":"summary_large_image","twitter_misc":{"Tiempo de lectura":"4 minutos"},"schema":{"@context":"https:\/\/schema.org","@graph":[{"@type":"WebPage","@id":"https:\/\/mivisioneyecare.com\/sunglasses\/","url":"https:\/\/mivisioneyecare.com\/sunglasses\/","name":"Gafas de sol graduadas San Antonio | Mi Vision - Cuidado de los ojos Mi Vision","isPartOf":{"@id":"https:\/\/mivisioneyecare.com\/#website"},"primaryImageOfPage":{"@id":"https:\/\/mivisioneyecare.com\/sunglasses\/#primaryimage"},"image":{"@id":"https:\/\/mivisioneyecare.com\/sunglasses\/#primaryimage"},"thumbnailUrl":"https:\/\/mivisioneyecare.com\/wp-content\/uploads\/2021\/10\/Ana-Mi-Vision-8-1-1-683x1024.jpeg","datePublished":"2021-09-04T21:00:43+00:00","dateModified":"2024-02-12T20:41:33+00:00","breadcrumb":{"@id":"https:\/\/mivisioneyecare.com\/sunglasses\/#breadcrumb"},"inLanguage":"es","potentialAction":[{"@type":"ReadAction","target":["https:\/\/mivisioneyecare.com\/sunglasses\/"]}]},{"@type":"ImageObject","inLanguage":"es","@id":"https:\/\/mivisioneyecare.com\/sunglasses\/#primaryimage","url":"https:\/\/mivisioneyecare.com\/wp-content\/uploads\/2021\/10\/Ana-Mi-Vision-8-1-1-683x1024.jpeg","contentUrl":"https:\/\/mivisioneyecare.com\/wp-content\/uploads\/2021\/10\/Ana-Mi-Vision-8-1-1-683x1024.jpeg"},{"@type":"BreadcrumbList","@id":"https:\/\/mivisioneyecare.com\/sunglasses\/#breadcrumb","itemListElement":[{"@type":"ListItem","position":1,"name":"Portada","item":"https:\/\/mivisioneyecare.com\/"},{"@type":"ListItem","position":2,"name":"Prescription Sunglasses San Antonio | Mi Vision"}]},{"@type":"WebSite","@id":"https:\/\/mivisioneyecare.com\/#website","url":"https:\/\/mivisioneyecare.com\/","name":"Mi Vision Eye Care","description":"","publisher":{"@id":"https:\/\/mivisioneyecare.com\/#organization"},"potentialAction":[{"@type":"SearchAction","target":{"@type":"EntryPoint","urlTemplate":"https:\/\/mivisioneyecare.com\/?s={search_term_string}"},"query-input":{"@type":"PropertyValueSpecification","valueRequired":true,"valueName":"search_term_string"}}],"inLanguage":"es"},{"@type":"Organization","@id":"https:\/\/mivisioneyecare.com\/#organization","name":"Mi Vision Eye Care","url":"https:\/\/mivisioneyecare.com\/","logo":{"@type":"ImageObject","inLanguage":"es","@id":"https:\/\/mivisioneyecare.com\/#\/schema\/logo\/image\/","url":"https:\/\/mivisioneyecare.com\/wp-content\/uploads\/2022\/04\/Logo-mi-vision-eye-care.jpg","contentUrl":"https:\/\/mivisioneyecare.com\/wp-content\/uploads\/2022\/04\/Logo-mi-vision-eye-care.jpg","width":500,"height":500,"caption":"Mi Vision Eye Care"},"image":{"@id":"https:\/\/mivisioneyecare.com\/#\/schema\/logo\/image\/"},"sameAs":["https:\/\/www.facebook.com\/mivision2020","https:\/\/www.instagram.com\/mivisioneyecare\/","https:\/\/www.youtube.com\/channel\/UCRg--4BZMPV669U2v2CoY8w"]}]}},"_links":{"self":[{"href":"https:\/\/mivisioneyecare.com\/es\/wp-json\/wp\/v2\/pages\/2087","targetHints":{"allow":["GET"]}}],"collection":[{"href":"https:\/\/mivisioneyecare.com\/es\/wp-json\/wp\/v2\/pages"}],"about":[{"href":"https:\/\/mivisioneyecare.com\/es\/wp-json\/wp\/v2\/types\/page"}],"author":[{"embeddable":true,"href":"https:\/\/mivisioneyecare.com\/es\/wp-json\/wp\/v2\/users\/1"}],"replies":[{"embeddable":true,"href":"https:\/\/mivisioneyecare.com\/es\/wp-json\/wp\/v2\/comments?post=2087"}],"version-history":[{"count":0,"href":"https:\/\/mivisioneyecare.com\/es\/wp-json\/wp\/v2\/pages\/2087\/revisions"}],"wp:attachment":[{"href":"https:\/\/mivisioneyecare.com\/es\/wp-json\/wp\/v2\/media?parent=2087"}],"curies":[{"name":"wp","href":"https:\/\/api.w.org\/{rel}","templated":true}]}}