{"id":2129,"date":"2021-09-04T21:36:07","date_gmt":"2021-09-04T21:36:07","guid":{"rendered":"https:\/\/mivisioneyecare.com\/?page_id=2129"},"modified":"2023-10-27T23:01:53","modified_gmt":"2023-10-27T23:01:53","slug":"vision-deportiva","status":"publish","type":"page","link":"https:\/\/mivisioneyecare.com\/es\/vision-deportiva\/","title":{"rendered":"Visi\u00f3n Deportiva"},"content":{"rendered":"<div data-elementor-type=\"wp-page\" data-elementor-id=\"2129\" class=\"elementor elementor-2129\" data-elementor-post-type=\"page\">\n\t\t\t\t\t\t<section class=\"elementor-section elementor-top-section elementor-element elementor-element-27f2455 elementor-section-height-min-height elementor-section-boxed elementor-section-height-default elementor-section-items-middle\" data-id=\"27f2455\" data-element_type=\"section\" data-e-type=\"section\" data-settings=\"{&quot;background_background&quot;:&quot;classic&quot;,&quot;shape_divider_top&quot;:&quot;opacity-fan&quot;}\">\n\t\t\t\t\t\t\t<div class=\"elementor-background-overlay\"><\/div>\n\t\t\t\t\t\t<div class=\"elementor-shape elementor-shape-top\" aria-hidden=\"true\" data-negative=\"false\">\n\t\t\t<svg xmlns=\"http:\/\/www.w3.org\/2000\/svg\" viewbox=\"0 0 283.5 19.6\" preserveaspectratio=\"none\">\n\t<path class=\"elementor-shape-fill\" style=\"opacity:0.33\" d=\"M0 0L0 18.8 141.8 4.1 283.5 18.8 283.5 0z\"\/>\n\t<path class=\"elementor-shape-fill\" style=\"opacity:0.33\" d=\"M0 0L0 12.6 141.8 4 283.5 12.6 283.5 0z\"\/>\n\t<path class=\"elementor-shape-fill\" style=\"opacity:0.33\" d=\"M0 0L0 6.4 141.8 4 283.5 6.4 283.5 0z\"\/>\n\t<path class=\"elementor-shape-fill\" d=\"M0 0L0 1.2 141.8 4 283.5 1.2 283.5 0z\"\/>\n<\/svg>\t\t<\/div>\n\t\t\t\t\t<div class=\"elementor-container elementor-column-gap-default\">\n\t\t\t\t\t<div class=\"elementor-column elementor-col-100 elementor-top-column elementor-element elementor-element-9c044d1\" data-id=\"9c044d1\" data-element_type=\"column\" data-e-type=\"column\">\n\t\t\t<div class=\"elementor-widget-wrap\">\n\t\t\t\t\t\t\t<\/div>\n\t\t<\/div>\n\t\t\t\t\t<\/div>\n\t\t<\/section>\n\t\t\t\t<section class=\"elementor-section elementor-top-section elementor-element elementor-element-59214e4 elementor-section-boxed elementor-section-height-default elementor-section-height-default\" data-id=\"59214e4\" data-element_type=\"section\" data-e-type=\"section\">\n\t\t\t\t\t\t<div class=\"elementor-container elementor-column-gap-default\">\n\t\t\t\t\t<div class=\"elementor-column elementor-col-100 elementor-top-column elementor-element elementor-element-6a57406\" data-id=\"6a57406\" data-element_type=\"column\" data-e-type=\"column\">\n\t\t\t<div class=\"elementor-widget-wrap elementor-element-populated\">\n\t\t\t\t\t\t<div class=\"elementor-element elementor-element-50b7cef elementor-widget elementor-widget-heading\" data-id=\"50b7cef\" data-element_type=\"widget\" data-e-type=\"widget\" data-widget_type=\"heading.default\">\n\t\t\t\t<div class=\"elementor-widget-container\">\n\t\t\t\t\t<h1 class=\"elementor-heading-title elementor-size-default\">Pruebas de visi\u00f3n deportiva en Mi Vision Eye Care<\/h1>\t\t\t\t<\/div>\n\t\t\t\t<\/div>\n\t\t\t\t<div class=\"elementor-element elementor-element-b423eb0 elementor-widget elementor-widget-text-editor\" data-id=\"b423eb0\" data-element_type=\"widget\" data-e-type=\"widget\" data-widget_type=\"text-editor.default\">\n\t\t\t\t<div class=\"elementor-widget-container\">\n\t\t\t\t\t\t\t\t\t<div class=\"wpb_text_column wpb_content_element\"><div class=\"wpb_wrapper\"><p>Es posible que tenga un cuerpo afinado, talento natural y un entrenamiento extenso en su esfuerzo atl\u00e9tico favorito, pero si su vista no coincide con sus otros atributos, es posible que nunca alcance el est\u00e1ndar de excelencia que busca. En muchos casos, la diferencia entre un buen atleta y un gran atleta se reduce a peque\u00f1as diferencias en la coordinaci\u00f3n, el tiempo de reacci\u00f3n y la precisi\u00f3n, todo lo cual puede verse afectado por la agudeza visual.<\/p><p>Aqu\u00ed, en Mi Vision Eye Care, podemos ayudarlo a mejorar su rendimiento a trav\u00e9s de pruebas y terapias de la vista deportivas de \u00faltima generaci\u00f3n. Lea m\u00e1s a continuaci\u00f3n y consulte nuestro\u00a0<a href=\"https:\/\/mivisioneyecare.com\/es\/sports-vision-preguntas-frecuentes\/\">Preguntas frecuentes sobre visi\u00f3n deportiva<\/a>\u00a0para m\u00e1s informaci\u00f3n.<\/p><p>\u00a0<\/p><\/div><\/div><div class=\"vc_empty_space\"><img fetchpriority=\"high\" decoding=\"async\" class=\"size-medium wp-image-3006 aligncenter\" src=\"https:\/\/mivisioneyecare.com\/wp-content\/uploads\/2021\/10\/7r-1-300x167.jpeg\" alt=\"\" width=\"300\" height=\"167\" srcset=\"https:\/\/mivisioneyecare.com\/wp-content\/uploads\/2021\/10\/7r-1-300x167.jpeg 300w, https:\/\/mivisioneyecare.com\/wp-content\/uploads\/2021\/10\/7r-1-768x428.jpeg 768w, https:\/\/mivisioneyecare.com\/wp-content\/uploads\/2021\/10\/7r-1-18x10.jpeg 18w, https:\/\/mivisioneyecare.com\/wp-content\/uploads\/2021\/10\/7r-1.jpeg 1000w\" sizes=\"(max-width: 300px) 100vw, 300px\" \/><\/div><div class=\"wpb_text_column wpb_content_element\"><div class=\"wpb_wrapper\"><h4>Introducci\u00f3n a las pruebas de visi\u00f3n deportivas<\/h4><p>La visi\u00f3n no es una habilidad \u00fanica; es la suma total de muchas habilidades, capacidades y funciones diferentes, todas las cuales deben trabajar al un\u00edsono para brindarle una vista n\u00edtida, clara y confiable. Por ejemplo:<\/p><ul><li>Su capacidad para percibir diferencias sutiles, por el contrario, puede ayudarlo a ver un objetivo distante o una bola suspendida en el aire.<\/li><li>Las habilidades de seguimiento y trabajo en equipo de su ojo le permiten seguir los movimientos de un oponente u objeto de manera r\u00e1pida y precisa.<\/li><li>La rapidez con la que su cerebro procesa los datos visuales puede marcar la diferencia en la rapidez con que reacciona a lo que sucede a su alrededor.<\/li><li>Su capacidad para ver en tres dimensiones (visi\u00f3n binocular) le permite percibir la profundidad y la distancia en la cancha, la pista, el rango objetivo o el campo de juego.<\/li><\/ul><p>Desafortunadamente, los problemas funcionales y los errores de refracci\u00f3n pueden afectar estas habilidades. Incluso una leve insuficiencia en alg\u00fan \u00e1rea de su visi\u00f3n puede causarle problemas en su deporte favorito, incluso cuando no supongan ninguna diferencia en su vida diaria.<\/p><h4>Pruebas realizadas por nuestro oculista<\/h4><p>Nuestro oculista en Mi Vision Eye Care, el Dr. Cuba, puede realizar una variedad de pruebas sofisticadas que pueden detectar incluso las desviaciones m\u00e1s peque\u00f1as de una visi\u00f3n perfecta. Una de esas pruebas, la tabla optom\u00e9trica est\u00e1ndar, puede decirnos si su vista es 20\/20 o algo menos. (Por cierto, muchos atletas pueden esperar razonablemente lograr una visi\u00f3n de 20\/15). Las pruebas de sensibilidad al contraste nos muestran qu\u00e9 tan bien puede detectar peque\u00f1as diferencias entre los tonos de gris. Podemos proporcionar lentes correctivos seg\u00fan sea necesario, incluidos lentes tintados para ayudar a mejorar su percepci\u00f3n del contraste. Las pruebas de dominancia ocular pueden revelar problemas de visi\u00f3n binocular (que a menudo pueden corregirse mediante parches oculares), mientras que el seguimiento ocular y las pruebas de velocidad de procesamiento visual nos ayudan a detectar cualquier deficiencia que pueda responder a los ejercicios de terapia visual.<\/p><h4>Programe una prueba de la vista deportiva con nuestro optometrista de San Antonio<\/h4><p>Si est\u00e1 listo para intensificar su juego, comience por ingresar a My Vision Eye Care para las pruebas de visi\u00f3n deportivas necesarias. \u00a1Llame al (210) 361-5875 hoy para programar una cita con nuestro optometrista de San Antonio!<\/p><\/div><\/div>\t\t\t\t\t\t\t\t<\/div>\n\t\t\t\t<\/div>\n\t\t\t\t\t<\/div>\n\t\t<\/div>\n\t\t\t\t\t<\/div>\n\t\t<\/section>\n\t\t\t\t<\/div>","protected":false},"excerpt":{"rendered":"<p>Sports Vision Testing at Mi Vision Eye Care You might have a finely-tuned body, natural talent, and extensive training in your favorite athletic endeavor \u2014 but if your eyesight doesn\u2019t match your other attributes, you may never achieve the standard of excellence you seek. In many cases, the difference between a good athlete and a [&hellip;]<\/p>\n","protected":false},"author":1,"featured_media":0,"parent":0,"menu_order":0,"comment_status":"closed","ping_status":"closed","template":"elementor_header_footer","meta":{"footnotes":""},"class_list":["post-2129","page","type-page","status-publish","hentry"],"yoast_head":"<!-- This site is optimized with the Yoast SEO Premium plugin v27.3 (Yoast SEO v27.3) - https:\/\/yoast.com\/product\/yoast-seo-premium-wordpress\/ -->\n<title>Sports Vision - Mi Vision Eye Care<\/title>\n<meta name=\"robots\" content=\"index, follow, max-snippet:-1, max-image-preview:large, max-video-preview:-1\" \/>\n<link rel=\"canonical\" href=\"https:\/\/mivisioneyecare.com\/es\/vision-deportiva\/\" \/>\n<meta property=\"og:locale\" content=\"es_ES\" \/>\n<meta property=\"og:type\" content=\"article\" \/>\n<meta property=\"og:title\" content=\"Sports Vision\" \/>\n<meta property=\"og:description\" content=\"Sports Vision Testing at Mi Vision Eye Care You might have a finely-tuned body, natural talent, and extensive training in your favorite athletic endeavor \u2014 but if your eyesight doesn\u2019t match your other attributes, you may never achieve the standard of excellence you seek. In many cases, the difference between a good athlete and a [&hellip;]\" \/>\n<meta property=\"og:url\" content=\"https:\/\/mivisioneyecare.com\/es\/vision-deportiva\/\" \/>\n<meta property=\"og:site_name\" content=\"Mi Vision Eye Care\" \/>\n<meta property=\"article:publisher\" content=\"https:\/\/www.facebook.com\/mivision2020\" \/>\n<meta property=\"article:modified_time\" content=\"2023-10-27T23:01:53+00:00\" \/>\n<meta property=\"og:image\" content=\"https:\/\/mivisioneyecare.com\/wp-content\/uploads\/2021\/10\/7r-1-300x167.jpeg\" \/>\n<meta name=\"twitter:card\" content=\"summary_large_image\" \/>\n<meta name=\"twitter:label1\" content=\"Tiempo de lectura\" \/>\n\t<meta name=\"twitter:data1\" content=\"3 minutos\" \/>\n<script type=\"application\/ld+json\" class=\"yoast-schema-graph\">{\"@context\":\"https:\\\/\\\/schema.org\",\"@graph\":[{\"@type\":\"WebPage\",\"@id\":\"https:\\\/\\\/mivisioneyecare.com\\\/sports-vision\\\/\",\"url\":\"https:\\\/\\\/mivisioneyecare.com\\\/sports-vision\\\/\",\"name\":\"Sports Vision - Mi Vision Eye Care\",\"isPartOf\":{\"@id\":\"https:\\\/\\\/mivisioneyecare.com\\\/#website\"},\"primaryImageOfPage\":{\"@id\":\"https:\\\/\\\/mivisioneyecare.com\\\/sports-vision\\\/#primaryimage\"},\"image\":{\"@id\":\"https:\\\/\\\/mivisioneyecare.com\\\/sports-vision\\\/#primaryimage\"},\"thumbnailUrl\":\"https:\\\/\\\/mivisioneyecare.com\\\/wp-content\\\/uploads\\\/2021\\\/10\\\/7r-1-300x167.jpeg\",\"datePublished\":\"2021-09-04T21:36:07+00:00\",\"dateModified\":\"2023-10-27T23:01:53+00:00\",\"breadcrumb\":{\"@id\":\"https:\\\/\\\/mivisioneyecare.com\\\/sports-vision\\\/#breadcrumb\"},\"inLanguage\":\"es\",\"potentialAction\":[{\"@type\":\"ReadAction\",\"target\":[\"https:\\\/\\\/mivisioneyecare.com\\\/sports-vision\\\/\"]}]},{\"@type\":\"ImageObject\",\"inLanguage\":\"es\",\"@id\":\"https:\\\/\\\/mivisioneyecare.com\\\/sports-vision\\\/#primaryimage\",\"url\":\"https:\\\/\\\/mivisioneyecare.com\\\/wp-content\\\/uploads\\\/2021\\\/10\\\/7r-1-300x167.jpeg\",\"contentUrl\":\"https:\\\/\\\/mivisioneyecare.com\\\/wp-content\\\/uploads\\\/2021\\\/10\\\/7r-1-300x167.jpeg\"},{\"@type\":\"BreadcrumbList\",\"@id\":\"https:\\\/\\\/mivisioneyecare.com\\\/sports-vision\\\/#breadcrumb\",\"itemListElement\":[{\"@type\":\"ListItem\",\"position\":1,\"name\":\"Portada\",\"item\":\"https:\\\/\\\/mivisioneyecare.com\\\/\"},{\"@type\":\"ListItem\",\"position\":2,\"name\":\"Sports Vision\"}]},{\"@type\":\"WebSite\",\"@id\":\"https:\\\/\\\/mivisioneyecare.com\\\/#website\",\"url\":\"https:\\\/\\\/mivisioneyecare.com\\\/\",\"name\":\"Mi Vision Eye Care\",\"description\":\"\",\"publisher\":{\"@id\":\"https:\\\/\\\/mivisioneyecare.com\\\/#organization\"},\"potentialAction\":[{\"@type\":\"SearchAction\",\"target\":{\"@type\":\"EntryPoint\",\"urlTemplate\":\"https:\\\/\\\/mivisioneyecare.com\\\/?s={search_term_string}\"},\"query-input\":{\"@type\":\"PropertyValueSpecification\",\"valueRequired\":true,\"valueName\":\"search_term_string\"}}],\"inLanguage\":\"es\"},{\"@type\":\"Organization\",\"@id\":\"https:\\\/\\\/mivisioneyecare.com\\\/#organization\",\"name\":\"Mi Vision Eye Care\",\"url\":\"https:\\\/\\\/mivisioneyecare.com\\\/\",\"logo\":{\"@type\":\"ImageObject\",\"inLanguage\":\"es\",\"@id\":\"https:\\\/\\\/mivisioneyecare.com\\\/#\\\/schema\\\/logo\\\/image\\\/\",\"url\":\"https:\\\/\\\/mivisioneyecare.com\\\/wp-content\\\/uploads\\\/2022\\\/04\\\/Logo-mi-vision-eye-care.jpg\",\"contentUrl\":\"https:\\\/\\\/mivisioneyecare.com\\\/wp-content\\\/uploads\\\/2022\\\/04\\\/Logo-mi-vision-eye-care.jpg\",\"width\":500,\"height\":500,\"caption\":\"Mi Vision Eye Care\"},\"image\":{\"@id\":\"https:\\\/\\\/mivisioneyecare.com\\\/#\\\/schema\\\/logo\\\/image\\\/\"},\"sameAs\":[\"https:\\\/\\\/www.facebook.com\\\/mivision2020\",\"https:\\\/\\\/www.instagram.com\\\/mivisioneyecare\\\/\",\"https:\\\/\\\/www.youtube.com\\\/channel\\\/UCRg--4BZMPV669U2v2CoY8w\"]}]}<\/script>\n<!-- \/ Yoast SEO Premium plugin. -->","yoast_head_json":{"title":"Sports Vision - Mi Vision Eye Care","robots":{"index":"index","follow":"follow","max-snippet":"max-snippet:-1","max-image-preview":"max-image-preview:large","max-video-preview":"max-video-preview:-1"},"canonical":"https:\/\/mivisioneyecare.com\/es\/vision-deportiva\/","og_locale":"es_ES","og_type":"article","og_title":"Sports Vision","og_description":"Sports Vision Testing at Mi Vision Eye Care You might have a finely-tuned body, natural talent, and extensive training in your favorite athletic endeavor \u2014 but if your eyesight doesn\u2019t match your other attributes, you may never achieve the standard of excellence you seek. In many cases, the difference between a good athlete and a [&hellip;]","og_url":"https:\/\/mivisioneyecare.com\/es\/vision-deportiva\/","og_site_name":"Mi Vision Eye Care","article_publisher":"https:\/\/www.facebook.com\/mivision2020","article_modified_time":"2023-10-27T23:01:53+00:00","og_image":[{"url":"https:\/\/mivisioneyecare.com\/wp-content\/uploads\/2021\/10\/7r-1-300x167.jpeg","type":"","width":"","height":""}],"twitter_card":"summary_large_image","twitter_misc":{"Tiempo de lectura":"3 minutos"},"schema":{"@context":"https:\/\/schema.org","@graph":[{"@type":"WebPage","@id":"https:\/\/mivisioneyecare.com\/sports-vision\/","url":"https:\/\/mivisioneyecare.com\/sports-vision\/","name":"Sports Vision - Mi Vision Eye Care","isPartOf":{"@id":"https:\/\/mivisioneyecare.com\/#website"},"primaryImageOfPage":{"@id":"https:\/\/mivisioneyecare.com\/sports-vision\/#primaryimage"},"image":{"@id":"https:\/\/mivisioneyecare.com\/sports-vision\/#primaryimage"},"thumbnailUrl":"https:\/\/mivisioneyecare.com\/wp-content\/uploads\/2021\/10\/7r-1-300x167.jpeg","datePublished":"2021-09-04T21:36:07+00:00","dateModified":"2023-10-27T23:01:53+00:00","breadcrumb":{"@id":"https:\/\/mivisioneyecare.com\/sports-vision\/#breadcrumb"},"inLanguage":"es","potentialAction":[{"@type":"ReadAction","target":["https:\/\/mivisioneyecare.com\/sports-vision\/"]}]},{"@type":"ImageObject","inLanguage":"es","@id":"https:\/\/mivisioneyecare.com\/sports-vision\/#primaryimage","url":"https:\/\/mivisioneyecare.com\/wp-content\/uploads\/2021\/10\/7r-1-300x167.jpeg","contentUrl":"https:\/\/mivisioneyecare.com\/wp-content\/uploads\/2021\/10\/7r-1-300x167.jpeg"},{"@type":"BreadcrumbList","@id":"https:\/\/mivisioneyecare.com\/sports-vision\/#breadcrumb","itemListElement":[{"@type":"ListItem","position":1,"name":"Portada","item":"https:\/\/mivisioneyecare.com\/"},{"@type":"ListItem","position":2,"name":"Sports Vision"}]},{"@type":"WebSite","@id":"https:\/\/mivisioneyecare.com\/#website","url":"https:\/\/mivisioneyecare.com\/","name":"Mi Vision Eye Care","description":"","publisher":{"@id":"https:\/\/mivisioneyecare.com\/#organization"},"potentialAction":[{"@type":"SearchAction","target":{"@type":"EntryPoint","urlTemplate":"https:\/\/mivisioneyecare.com\/?s={search_term_string}"},"query-input":{"@type":"PropertyValueSpecification","valueRequired":true,"valueName":"search_term_string"}}],"inLanguage":"es"},{"@type":"Organization","@id":"https:\/\/mivisioneyecare.com\/#organization","name":"Mi Vision Eye Care","url":"https:\/\/mivisioneyecare.com\/","logo":{"@type":"ImageObject","inLanguage":"es","@id":"https:\/\/mivisioneyecare.com\/#\/schema\/logo\/image\/","url":"https:\/\/mivisioneyecare.com\/wp-content\/uploads\/2022\/04\/Logo-mi-vision-eye-care.jpg","contentUrl":"https:\/\/mivisioneyecare.com\/wp-content\/uploads\/2022\/04\/Logo-mi-vision-eye-care.jpg","width":500,"height":500,"caption":"Mi Vision Eye Care"},"image":{"@id":"https:\/\/mivisioneyecare.com\/#\/schema\/logo\/image\/"},"sameAs":["https:\/\/www.facebook.com\/mivision2020","https:\/\/www.instagram.com\/mivisioneyecare\/","https:\/\/www.youtube.com\/channel\/UCRg--4BZMPV669U2v2CoY8w"]}]}},"_links":{"self":[{"href":"https:\/\/mivisioneyecare.com\/es\/wp-json\/wp\/v2\/pages\/2129","targetHints":{"allow":["GET"]}}],"collection":[{"href":"https:\/\/mivisioneyecare.com\/es\/wp-json\/wp\/v2\/pages"}],"about":[{"href":"https:\/\/mivisioneyecare.com\/es\/wp-json\/wp\/v2\/types\/page"}],"author":[{"embeddable":true,"href":"https:\/\/mivisioneyecare.com\/es\/wp-json\/wp\/v2\/users\/1"}],"replies":[{"embeddable":true,"href":"https:\/\/mivisioneyecare.com\/es\/wp-json\/wp\/v2\/comments?post=2129"}],"version-history":[{"count":0,"href":"https:\/\/mivisioneyecare.com\/es\/wp-json\/wp\/v2\/pages\/2129\/revisions"}],"wp:attachment":[{"href":"https:\/\/mivisioneyecare.com\/es\/wp-json\/wp\/v2\/media?parent=2129"}],"curies":[{"name":"wp","href":"https:\/\/api.w.org\/{rel}","templated":true}]}}