{"id":2161,"date":"2021-09-08T23:46:18","date_gmt":"2021-09-08T23:46:18","guid":{"rendered":"https:\/\/mivisioneyecare.com\/?page_id=2161"},"modified":"2023-10-27T22:57:09","modified_gmt":"2023-10-27T22:57:09","slug":"oculista-san-antonio","status":"publish","type":"page","link":"https:\/\/mivisioneyecare.com\/es\/oculista-san-antonio\/","title":{"rendered":"Oculista San Antonio"},"content":{"rendered":"<div data-elementor-type=\"wp-page\" data-elementor-id=\"2161\" class=\"elementor elementor-2161\" data-elementor-post-type=\"page\">\n\t\t\t\t\t\t<section class=\"elementor-section elementor-top-section elementor-element elementor-element-bdadb28 elementor-section-height-min-height elementor-section-boxed elementor-section-height-default elementor-section-items-middle\" data-id=\"bdadb28\" data-element_type=\"section\" data-e-type=\"section\" data-settings=\"{&quot;background_background&quot;:&quot;classic&quot;,&quot;shape_divider_top&quot;:&quot;opacity-fan&quot;}\">\n\t\t\t\t\t\t\t<div class=\"elementor-background-overlay\"><\/div>\n\t\t\t\t\t\t<div class=\"elementor-shape elementor-shape-top\" aria-hidden=\"true\" data-negative=\"false\">\n\t\t\t<svg xmlns=\"http:\/\/www.w3.org\/2000\/svg\" viewbox=\"0 0 283.5 19.6\" preserveaspectratio=\"none\">\n\t<path class=\"elementor-shape-fill\" style=\"opacity:0.33\" d=\"M0 0L0 18.8 141.8 4.1 283.5 18.8 283.5 0z\"\/>\n\t<path class=\"elementor-shape-fill\" style=\"opacity:0.33\" d=\"M0 0L0 12.6 141.8 4 283.5 12.6 283.5 0z\"\/>\n\t<path class=\"elementor-shape-fill\" style=\"opacity:0.33\" d=\"M0 0L0 6.4 141.8 4 283.5 6.4 283.5 0z\"\/>\n\t<path class=\"elementor-shape-fill\" d=\"M0 0L0 1.2 141.8 4 283.5 1.2 283.5 0z\"\/>\n<\/svg>\t\t<\/div>\n\t\t\t\t\t<div class=\"elementor-container elementor-column-gap-default\">\n\t\t\t\t\t<div class=\"elementor-column elementor-col-100 elementor-top-column elementor-element elementor-element-6e66295\" data-id=\"6e66295\" data-element_type=\"column\" data-e-type=\"column\">\n\t\t\t<div class=\"elementor-widget-wrap\">\n\t\t\t\t\t\t\t<\/div>\n\t\t<\/div>\n\t\t\t\t\t<\/div>\n\t\t<\/section>\n\t\t\t\t<section class=\"elementor-section elementor-top-section elementor-element elementor-element-03e2d56 elementor-section-boxed elementor-section-height-default elementor-section-height-default\" data-id=\"03e2d56\" data-element_type=\"section\" data-e-type=\"section\">\n\t\t\t\t\t\t<div class=\"elementor-container elementor-column-gap-default\">\n\t\t\t\t\t<div class=\"elementor-column elementor-col-100 elementor-top-column elementor-element elementor-element-0a5add0\" data-id=\"0a5add0\" data-element_type=\"column\" data-e-type=\"column\">\n\t\t\t<div class=\"elementor-widget-wrap elementor-element-populated\">\n\t\t\t\t\t\t<div class=\"elementor-element elementor-element-30573b2 elementor-widget elementor-widget-heading\" data-id=\"30573b2\" data-element_type=\"widget\" data-e-type=\"widget\" data-widget_type=\"heading.default\">\n\t\t\t\t<div class=\"elementor-widget-container\">\n\t\t\t\t\t<h1 class=\"elementor-heading-title elementor-size-default\">Oculista En San Antonio<\/h1>\t\t\t\t<\/div>\n\t\t\t\t<\/div>\n\t\t\t\t<div class=\"elementor-element elementor-element-e6ea96f elementor-widget elementor-widget-image\" data-id=\"e6ea96f\" data-element_type=\"widget\" data-e-type=\"widget\" data-widget_type=\"image.default\">\n\t\t\t\t<div class=\"elementor-widget-container\">\n\t\t\t\t\t\t\t\t\t\t\t\t\t\t\t<img fetchpriority=\"high\" decoding=\"async\" width=\"768\" height=\"1152\" src=\"https:\/\/mivisioneyecare.com\/wp-content\/uploads\/2021\/10\/Ana-Mi-Vision-8-1-1-768x1152.jpeg\" class=\"attachment-medium_large size-medium_large wp-image-2966\" alt=\"elegantes gafas graduadas de dise\u00f1o en san antonio\" srcset=\"https:\/\/mivisioneyecare.com\/wp-content\/uploads\/2021\/10\/Ana-Mi-Vision-8-1-1-768x1152.jpeg 768w, https:\/\/mivisioneyecare.com\/wp-content\/uploads\/2021\/10\/Ana-Mi-Vision-8-1-1-200x300.jpeg 200w, https:\/\/mivisioneyecare.com\/wp-content\/uploads\/2021\/10\/Ana-Mi-Vision-8-1-1-683x1024.jpeg 683w, https:\/\/mivisioneyecare.com\/wp-content\/uploads\/2021\/10\/Ana-Mi-Vision-8-1-1-8x12.jpeg 8w, https:\/\/mivisioneyecare.com\/wp-content\/uploads\/2021\/10\/Ana-Mi-Vision-8-1-1.jpeg 1000w\" sizes=\"(max-width: 768px) 100vw, 768px\" \/>\t\t\t\t\t\t\t\t\t\t\t\t\t\t\t<\/div>\n\t\t\t\t<\/div>\n\t\t\t\t<div class=\"elementor-element elementor-element-276a38b elementor-widget elementor-widget-text-editor\" data-id=\"276a38b\" data-element_type=\"widget\" data-e-type=\"widget\" data-widget_type=\"text-editor.default\">\n\t\t\t\t<div class=\"elementor-widget-container\">\n\t\t\t\t\t\t\t\t\t<div class=\"vc_row wpb_row vc_row-fluid background-right vc_custom_1600882109586 vc_row-no-padding\" data-vc-full-width=\"true\" data-vc-full-width-init=\"true\" data-vc-stretch-content=\"true\"><div class=\"wpb_column vc_column_container vc_col-sm-12\"><div class=\"vc_column-inner\"><div class=\"wpb_wrapper\"><div class=\"columns_wrap sc_columns columns_nofluid sc_columns_count_2\"><div class=\"column-1_2 sc_column_item sc_column_item_1 odd first\"><div class=\"sc_section nopaddings teampage\"><div class=\"sc_section_inner\"><div class=\"sc_section_overlay\"><div class=\"sc_section_content padding_on\"><div class=\"sc_section_content_wrap\"><div class=\"sc_content content_wrap margin_top_small style_width_half style_position_right\"><div class=\"wpb_text_column wpb_content_element vc_custom_1600882252130\"><div class=\"wpb_wrapper\"><p>Bienvenidos a la Cl\u00ednica y Optica del Dr. Pedro Cuba en San Antonio !!!<\/p><p>Proveemos ex\u00e1menes completos de la vista, ex\u00e1menes para lentes regulares, progresivos o bifocales, lentes de contactos, co-manejo de cirug\u00edas LASIK y cataratas y tratamos o diagnosticamos la mayor\u00eda de enfermedades oculares. \u00a1Todo nuestro personal incluido el Dr. Pedro Cuba son biling\u00fces y todo nuestro personal habla espa\u00f1ol muy fluido como t\u00fa !! Nuestro compromiso contigo es:<\/p><p>Darte el mejor servicio y resolver todas tus inquietudes, claro en tu idioma<\/p><p>Ofrecerte en nuestra \u00f3ptica en San Antonio los precios m\u00e1s econ\u00f3micos por nuestras gafas o lentes<\/p><p>Poder brindar a nuestros pacientes lentes o gafas de la mejor calidad en San Antonio<\/p><p>Al ser parte de nuestra familia no solo recibir\u00e1s los mejores productos y servicios sino que tambi\u00e9n ser\u00e1s parte de una gran comunidad que apoya a causas filantr\u00f3picas pues por cada paciente visto Mi Visi\u00f3n donara $ 1.00, ONE DOLLAR, a causas ben\u00e9ficas para prevenir y ayudar la ceguera para ni\u00f1os de bajos recursos econ\u00f3micos. El Dr Cuba tiene una organizaci\u00f3n que dona lentes a ni\u00f1os de condici\u00f3n humilde y nos a permito poder servir en pa\u00edses como M\u00e9xico, Per\u00fa y Colombia. Si est\u00e1s interesado en ser voluntario o m\u00e1s informaci\u00f3n por favor s\u00edguenos en nuestra p\u00e1gina de Facebook<\/p><p>El Dr. Cuba es un inmigrante como muchos de nosotros que vino en este pa\u00eds con sue\u00f1os y deseos de servir a su comunidad. Naci\u00f3 en Per\u00fa y visitado o vivido en Chile, Argentina, Per\u00fa, Ecuador, Colombia, Venezuela, Panam\u00e1, Costa Rica, Honduras, Guatemala, M\u00e9xico, Republica Dominicana y Puerto Rico donde se ha inmerso con diferentes culturas y entiende muy bien la idiosincrasia de nuestra cultura latina.<\/p><p>Esperamos poder servirles, no sin antes reafirmarles nuestro compromiso a nuestra comunidad:<\/p><p>El mejor servicio al cliente con cada uno de nuestros empleados absolutamente biling\u00fces<\/p><p>Los mejores precios por nuestros productos en San Antonio<\/p><p>Calidad en m\u00e1s de mil lentes disponibles para toda la familia<\/p><p>Los esperamos en \u00d3ptica Mi Visi\u00f3n ubicada dentro de Wonderland of the Americas mall, entre la autopista 410 y 10.<\/p><\/div><\/div><\/div><\/div><\/div><\/div><\/div><\/div><\/div><div class=\"column-1_2 sc_column_item sc_column_item_2 even\">\u00a0<\/div><\/div><\/div><\/div><\/div><\/div><div class=\"vc_row wpb_row vc_row-fluid vc_custom_1609356396544\"><div class=\"wpb_column vc_column_container vc_col-sm-12 vc_hidden-sm vc_hidden-xs\"><div class=\"vc_column-inner\"><div class=\"wpb_wrapper\"><div class=\"columns_wrap sc_columns columns_nofluid sc_columns_count_1 content-top-margin margin_top_small\"><div class=\"column-1_1 sc_column_item sc_column_item_1 odd first\"><div class=\"wpb_text_column wpb_content_element vc_custom_1600882240749\"><div class=\"wpb_wrapper\">\u00a0<\/div><\/div><\/div><\/div><\/div><\/div><\/div><\/div>\t\t\t\t\t\t\t\t<\/div>\n\t\t\t\t<\/div>\n\t\t\t\t\t<\/div>\n\t\t<\/div>\n\t\t\t\t\t<\/div>\n\t\t<\/section>\n\t\t\t\t<\/div>","protected":false},"excerpt":{"rendered":"<p>Oculista En San Antonio Bienvenidos a la Clinica y Optica del Dr. Pedro Cuba en San Antonio!!! Proveemos ex\u00e1menes completos de la vista, ex\u00e1menes para lentes regulares, progresivos o bifocales, lentes de contactos, co-manejo de cirug\u00edas LASIK y cataratas y tratamos o diagnosticamos la mayor\u00eda de enfermedades oculares. \u00a1Todo nuestro personal incluidos el Dr. Pedro [&hellip;]<\/p>\n","protected":false},"author":2,"featured_media":0,"parent":0,"menu_order":0,"comment_status":"closed","ping_status":"closed","template":"elementor_header_footer","meta":{"footnotes":""},"class_list":["post-2161","page","type-page","status-publish","hentry"],"yoast_head":"<!-- This site is optimized with the Yoast SEO Premium plugin v27.4 (Yoast SEO v27.4) - https:\/\/yoast.com\/product\/yoast-seo-premium-wordpress\/ -->\n<title>Doctor De Ojos San Antonio | San Antonio Oculista Cerca De Mi<\/title>\n<meta name=\"description\" content=\"Si buscas un doctor de ojos cerca de ti, oculista en San Antonio Dr. Cuba ofrece ex\u00e1menes de la vista, para lentes de contacto y mas!\" \/>\n<meta name=\"robots\" content=\"index, follow, max-snippet:-1, max-image-preview:large, max-video-preview:-1\" \/>\n<link rel=\"canonical\" href=\"https:\/\/mivisioneyecare.com\/es\/oculista-san-antonio\/\" \/>\n<meta property=\"og:locale\" content=\"es_ES\" \/>\n<meta property=\"og:type\" content=\"article\" \/>\n<meta property=\"og:title\" content=\"Oculista San Antonio\" \/>\n<meta property=\"og:description\" content=\"Si buscas un doctor de ojos cerca de ti, oculista en San Antonio Dr. Cuba ofrece ex\u00e1menes de la vista, para lentes de contacto y mas!\" \/>\n<meta property=\"og:url\" content=\"https:\/\/mivisioneyecare.com\/es\/oculista-san-antonio\/\" \/>\n<meta property=\"og:site_name\" content=\"Mi Vision Eye Care\" \/>\n<meta property=\"article:publisher\" content=\"https:\/\/www.facebook.com\/mivision2020\" \/>\n<meta property=\"article:modified_time\" content=\"2023-10-27T22:57:09+00:00\" \/>\n<meta property=\"og:image\" content=\"https:\/\/mivisioneyecare.com\/wp-content\/uploads\/2021\/10\/Ana-Mi-Vision-8-1-1-768x1152.jpeg\" \/>\n<meta name=\"twitter:card\" content=\"summary_large_image\" \/>\n<meta name=\"twitter:label1\" content=\"Tiempo de lectura\" \/>\n\t<meta name=\"twitter:data1\" content=\"2 minutos\" \/>\n<script type=\"application\/ld+json\" class=\"yoast-schema-graph\">{\"@context\":\"https:\\\/\\\/schema.org\",\"@graph\":[{\"@type\":\"WebPage\",\"@id\":\"https:\\\/\\\/mivisioneyecare.com\\\/oculista-san-antonio\\\/\",\"url\":\"https:\\\/\\\/mivisioneyecare.com\\\/oculista-san-antonio\\\/\",\"name\":\"Doctor De Ojos San Antonio | San Antonio Oculista Cerca De Mi\",\"isPartOf\":{\"@id\":\"https:\\\/\\\/mivisioneyecare.com\\\/#website\"},\"primaryImageOfPage\":{\"@id\":\"https:\\\/\\\/mivisioneyecare.com\\\/oculista-san-antonio\\\/#primaryimage\"},\"image\":{\"@id\":\"https:\\\/\\\/mivisioneyecare.com\\\/oculista-san-antonio\\\/#primaryimage\"},\"thumbnailUrl\":\"https:\\\/\\\/mivisioneyecare.com\\\/wp-content\\\/uploads\\\/2021\\\/10\\\/Ana-Mi-Vision-8-1-1-768x1152.jpeg\",\"datePublished\":\"2021-09-08T23:46:18+00:00\",\"dateModified\":\"2023-10-27T22:57:09+00:00\",\"description\":\"Si buscas un doctor de ojos cerca de ti, oculista en San Antonio Dr. Cuba ofrece ex\u00e1menes de la vista, para lentes de contacto y mas!\",\"breadcrumb\":{\"@id\":\"https:\\\/\\\/mivisioneyecare.com\\\/oculista-san-antonio\\\/#breadcrumb\"},\"inLanguage\":\"es\",\"potentialAction\":[{\"@type\":\"ReadAction\",\"target\":[\"https:\\\/\\\/mivisioneyecare.com\\\/oculista-san-antonio\\\/\"]}]},{\"@type\":\"ImageObject\",\"inLanguage\":\"es\",\"@id\":\"https:\\\/\\\/mivisioneyecare.com\\\/oculista-san-antonio\\\/#primaryimage\",\"url\":\"https:\\\/\\\/mivisioneyecare.com\\\/wp-content\\\/uploads\\\/2021\\\/10\\\/Ana-Mi-Vision-8-1-1-768x1152.jpeg\",\"contentUrl\":\"https:\\\/\\\/mivisioneyecare.com\\\/wp-content\\\/uploads\\\/2021\\\/10\\\/Ana-Mi-Vision-8-1-1-768x1152.jpeg\"},{\"@type\":\"BreadcrumbList\",\"@id\":\"https:\\\/\\\/mivisioneyecare.com\\\/oculista-san-antonio\\\/#breadcrumb\",\"itemListElement\":[{\"@type\":\"ListItem\",\"position\":1,\"name\":\"Portada\",\"item\":\"https:\\\/\\\/mivisioneyecare.com\\\/\"},{\"@type\":\"ListItem\",\"position\":2,\"name\":\"Oculista San Antonio\"}]},{\"@type\":\"WebSite\",\"@id\":\"https:\\\/\\\/mivisioneyecare.com\\\/#website\",\"url\":\"https:\\\/\\\/mivisioneyecare.com\\\/\",\"name\":\"Mi Vision Eye Care\",\"description\":\"\",\"publisher\":{\"@id\":\"https:\\\/\\\/mivisioneyecare.com\\\/#organization\"},\"potentialAction\":[{\"@type\":\"SearchAction\",\"target\":{\"@type\":\"EntryPoint\",\"urlTemplate\":\"https:\\\/\\\/mivisioneyecare.com\\\/?s={search_term_string}\"},\"query-input\":{\"@type\":\"PropertyValueSpecification\",\"valueRequired\":true,\"valueName\":\"search_term_string\"}}],\"inLanguage\":\"es\"},{\"@type\":\"Organization\",\"@id\":\"https:\\\/\\\/mivisioneyecare.com\\\/#organization\",\"name\":\"Mi Vision Eye Care\",\"url\":\"https:\\\/\\\/mivisioneyecare.com\\\/\",\"logo\":{\"@type\":\"ImageObject\",\"inLanguage\":\"es\",\"@id\":\"https:\\\/\\\/mivisioneyecare.com\\\/#\\\/schema\\\/logo\\\/image\\\/\",\"url\":\"https:\\\/\\\/mivisioneyecare.com\\\/wp-content\\\/uploads\\\/2022\\\/04\\\/Logo-mi-vision-eye-care.jpg\",\"contentUrl\":\"https:\\\/\\\/mivisioneyecare.com\\\/wp-content\\\/uploads\\\/2022\\\/04\\\/Logo-mi-vision-eye-care.jpg\",\"width\":500,\"height\":500,\"caption\":\"Mi Vision Eye Care\"},\"image\":{\"@id\":\"https:\\\/\\\/mivisioneyecare.com\\\/#\\\/schema\\\/logo\\\/image\\\/\"},\"sameAs\":[\"https:\\\/\\\/www.facebook.com\\\/mivision2020\",\"https:\\\/\\\/www.instagram.com\\\/mivisioneyecare\\\/\",\"https:\\\/\\\/www.youtube.com\\\/channel\\\/UCRg--4BZMPV669U2v2CoY8w\"]}]}<\/script>\n<!-- \/ Yoast SEO Premium plugin. -->","yoast_head_json":{"title":"Doctor De Ojos San Antonio | San Antonio Oculista Cerca De Mi","description":"Si buscas un doctor de ojos cerca de ti, oculista en San Antonio Dr. Cuba ofrece ex\u00e1menes de la vista, para lentes de contacto y mas!","robots":{"index":"index","follow":"follow","max-snippet":"max-snippet:-1","max-image-preview":"max-image-preview:large","max-video-preview":"max-video-preview:-1"},"canonical":"https:\/\/mivisioneyecare.com\/es\/oculista-san-antonio\/","og_locale":"es_ES","og_type":"article","og_title":"Oculista San Antonio","og_description":"Si buscas un doctor de ojos cerca de ti, oculista en San Antonio Dr. Cuba ofrece ex\u00e1menes de la vista, para lentes de contacto y mas!","og_url":"https:\/\/mivisioneyecare.com\/es\/oculista-san-antonio\/","og_site_name":"Mi Vision Eye Care","article_publisher":"https:\/\/www.facebook.com\/mivision2020","article_modified_time":"2023-10-27T22:57:09+00:00","og_image":[{"url":"https:\/\/mivisioneyecare.com\/wp-content\/uploads\/2021\/10\/Ana-Mi-Vision-8-1-1-768x1152.jpeg","type":"","width":"","height":""}],"twitter_card":"summary_large_image","twitter_misc":{"Tiempo de lectura":"2 minutos"},"schema":{"@context":"https:\/\/schema.org","@graph":[{"@type":"WebPage","@id":"https:\/\/mivisioneyecare.com\/oculista-san-antonio\/","url":"https:\/\/mivisioneyecare.com\/oculista-san-antonio\/","name":"Doctor De Ojos San Antonio | San Antonio Oculista Cerca De Mi","isPartOf":{"@id":"https:\/\/mivisioneyecare.com\/#website"},"primaryImageOfPage":{"@id":"https:\/\/mivisioneyecare.com\/oculista-san-antonio\/#primaryimage"},"image":{"@id":"https:\/\/mivisioneyecare.com\/oculista-san-antonio\/#primaryimage"},"thumbnailUrl":"https:\/\/mivisioneyecare.com\/wp-content\/uploads\/2021\/10\/Ana-Mi-Vision-8-1-1-768x1152.jpeg","datePublished":"2021-09-08T23:46:18+00:00","dateModified":"2023-10-27T22:57:09+00:00","description":"Si buscas un doctor de ojos cerca de ti, oculista en San Antonio Dr. Cuba ofrece ex\u00e1menes de la vista, para lentes de contacto y mas!","breadcrumb":{"@id":"https:\/\/mivisioneyecare.com\/oculista-san-antonio\/#breadcrumb"},"inLanguage":"es","potentialAction":[{"@type":"ReadAction","target":["https:\/\/mivisioneyecare.com\/oculista-san-antonio\/"]}]},{"@type":"ImageObject","inLanguage":"es","@id":"https:\/\/mivisioneyecare.com\/oculista-san-antonio\/#primaryimage","url":"https:\/\/mivisioneyecare.com\/wp-content\/uploads\/2021\/10\/Ana-Mi-Vision-8-1-1-768x1152.jpeg","contentUrl":"https:\/\/mivisioneyecare.com\/wp-content\/uploads\/2021\/10\/Ana-Mi-Vision-8-1-1-768x1152.jpeg"},{"@type":"BreadcrumbList","@id":"https:\/\/mivisioneyecare.com\/oculista-san-antonio\/#breadcrumb","itemListElement":[{"@type":"ListItem","position":1,"name":"Portada","item":"https:\/\/mivisioneyecare.com\/"},{"@type":"ListItem","position":2,"name":"Oculista San Antonio"}]},{"@type":"WebSite","@id":"https:\/\/mivisioneyecare.com\/#website","url":"https:\/\/mivisioneyecare.com\/","name":"Mi Vision Eye Care","description":"","publisher":{"@id":"https:\/\/mivisioneyecare.com\/#organization"},"potentialAction":[{"@type":"SearchAction","target":{"@type":"EntryPoint","urlTemplate":"https:\/\/mivisioneyecare.com\/?s={search_term_string}"},"query-input":{"@type":"PropertyValueSpecification","valueRequired":true,"valueName":"search_term_string"}}],"inLanguage":"es"},{"@type":"Organization","@id":"https:\/\/mivisioneyecare.com\/#organization","name":"Mi Vision Eye Care","url":"https:\/\/mivisioneyecare.com\/","logo":{"@type":"ImageObject","inLanguage":"es","@id":"https:\/\/mivisioneyecare.com\/#\/schema\/logo\/image\/","url":"https:\/\/mivisioneyecare.com\/wp-content\/uploads\/2022\/04\/Logo-mi-vision-eye-care.jpg","contentUrl":"https:\/\/mivisioneyecare.com\/wp-content\/uploads\/2022\/04\/Logo-mi-vision-eye-care.jpg","width":500,"height":500,"caption":"Mi Vision Eye Care"},"image":{"@id":"https:\/\/mivisioneyecare.com\/#\/schema\/logo\/image\/"},"sameAs":["https:\/\/www.facebook.com\/mivision2020","https:\/\/www.instagram.com\/mivisioneyecare\/","https:\/\/www.youtube.com\/channel\/UCRg--4BZMPV669U2v2CoY8w"]}]}},"_links":{"self":[{"href":"https:\/\/mivisioneyecare.com\/es\/wp-json\/wp\/v2\/pages\/2161","targetHints":{"allow":["GET"]}}],"collection":[{"href":"https:\/\/mivisioneyecare.com\/es\/wp-json\/wp\/v2\/pages"}],"about":[{"href":"https:\/\/mivisioneyecare.com\/es\/wp-json\/wp\/v2\/types\/page"}],"author":[{"embeddable":true,"href":"https:\/\/mivisioneyecare.com\/es\/wp-json\/wp\/v2\/users\/2"}],"replies":[{"embeddable":true,"href":"https:\/\/mivisioneyecare.com\/es\/wp-json\/wp\/v2\/comments?post=2161"}],"version-history":[{"count":0,"href":"https:\/\/mivisioneyecare.com\/es\/wp-json\/wp\/v2\/pages\/2161\/revisions"}],"wp:attachment":[{"href":"https:\/\/mivisioneyecare.com\/es\/wp-json\/wp\/v2\/media?parent=2161"}],"curies":[{"name":"wp","href":"https:\/\/api.w.org\/{rel}","templated":true}]}}