{"id":2261,"date":"2021-09-09T20:17:02","date_gmt":"2021-09-09T20:17:02","guid":{"rendered":"https:\/\/mivisioneyecare.com\/?page_id=2261"},"modified":"2023-10-27T23:02:21","modified_gmt":"2023-10-27T23:02:21","slug":"sports-vision-preguntas-frecuentes","status":"publish","type":"page","link":"https:\/\/mivisioneyecare.com\/es\/sports-vision-preguntas-frecuentes\/","title":{"rendered":"Preguntas frecuentes sobre visi\u00f3n deportiva"},"content":{"rendered":"<div data-elementor-type=\"wp-page\" data-elementor-id=\"2261\" class=\"elementor elementor-2261\" data-elementor-post-type=\"page\">\n\t\t\t\t\t\t<section class=\"elementor-section elementor-top-section elementor-element elementor-element-5c3ddbf elementor-section-height-min-height elementor-section-boxed elementor-section-height-default elementor-section-items-middle\" data-id=\"5c3ddbf\" data-element_type=\"section\" data-e-type=\"section\" data-settings=\"{&quot;background_background&quot;:&quot;classic&quot;,&quot;shape_divider_top&quot;:&quot;opacity-fan&quot;}\">\n\t\t\t\t\t\t\t<div class=\"elementor-background-overlay\"><\/div>\n\t\t\t\t\t\t<div class=\"elementor-shape elementor-shape-top\" aria-hidden=\"true\" data-negative=\"false\">\n\t\t\t<svg xmlns=\"http:\/\/www.w3.org\/2000\/svg\" viewbox=\"0 0 283.5 19.6\" preserveaspectratio=\"none\">\n\t<path class=\"elementor-shape-fill\" style=\"opacity:0.33\" d=\"M0 0L0 18.8 141.8 4.1 283.5 18.8 283.5 0z\"\/>\n\t<path class=\"elementor-shape-fill\" style=\"opacity:0.33\" d=\"M0 0L0 12.6 141.8 4 283.5 12.6 283.5 0z\"\/>\n\t<path class=\"elementor-shape-fill\" style=\"opacity:0.33\" d=\"M0 0L0 6.4 141.8 4 283.5 6.4 283.5 0z\"\/>\n\t<path class=\"elementor-shape-fill\" d=\"M0 0L0 1.2 141.8 4 283.5 1.2 283.5 0z\"\/>\n<\/svg>\t\t<\/div>\n\t\t\t\t\t<div class=\"elementor-container elementor-column-gap-default\">\n\t\t\t\t\t<div class=\"elementor-column elementor-col-100 elementor-top-column elementor-element elementor-element-c1b6e0e\" data-id=\"c1b6e0e\" data-element_type=\"column\" data-e-type=\"column\">\n\t\t\t<div class=\"elementor-widget-wrap\">\n\t\t\t\t\t\t\t<\/div>\n\t\t<\/div>\n\t\t\t\t\t<\/div>\n\t\t<\/section>\n\t\t\t\t<section class=\"elementor-section elementor-top-section elementor-element elementor-element-914947d elementor-section-boxed elementor-section-height-default elementor-section-height-default\" data-id=\"914947d\" data-element_type=\"section\" data-e-type=\"section\">\n\t\t\t\t\t\t<div class=\"elementor-container elementor-column-gap-default\">\n\t\t\t\t\t<div class=\"elementor-column elementor-col-100 elementor-top-column elementor-element elementor-element-2a5b2ea\" data-id=\"2a5b2ea\" data-element_type=\"column\" data-e-type=\"column\">\n\t\t\t<div class=\"elementor-widget-wrap elementor-element-populated\">\n\t\t\t\t\t\t<div class=\"elementor-element elementor-element-c29418f elementor-widget elementor-widget-heading\" data-id=\"c29418f\" data-element_type=\"widget\" data-e-type=\"widget\" data-widget_type=\"heading.default\">\n\t\t\t\t<div class=\"elementor-widget-container\">\n\t\t\t\t\t<h1 class=\"elementor-heading-title elementor-size-default\">Preguntas frecuentes sobre la visi\u00f3n deportiva<\/h1>\t\t\t\t<\/div>\n\t\t\t\t<\/div>\n\t\t\t\t\t<\/div>\n\t\t<\/div>\n\t\t\t\t\t<\/div>\n\t\t<\/section>\n\t\t\t\t<section class=\"elementor-section elementor-top-section elementor-element elementor-element-ee79180 elementor-section-boxed elementor-section-height-default elementor-section-height-default\" data-id=\"ee79180\" data-element_type=\"section\" data-e-type=\"section\">\n\t\t\t\t\t\t<div class=\"elementor-container elementor-column-gap-default\">\n\t\t\t\t\t<div class=\"elementor-column elementor-col-100 elementor-top-column elementor-element elementor-element-9ed2af6\" data-id=\"9ed2af6\" data-element_type=\"column\" data-e-type=\"column\">\n\t\t\t<div class=\"elementor-widget-wrap elementor-element-populated\">\n\t\t\t\t\t\t<div class=\"elementor-element elementor-element-8e7cfff elementor-widget elementor-widget-text-editor\" data-id=\"8e7cfff\" data-element_type=\"widget\" data-e-type=\"widget\" data-widget_type=\"text-editor.default\">\n\t\t\t\t<div class=\"elementor-widget-container\">\n\t\t\t\t\t\t\t\t\t<div class=\"wpb_text_column wpb_content_element vc_custom_1599629485332\"><div class=\"wpb_wrapper\"><p>Si realmente quiere perfeccionar sus habilidades en su deporte favorito, probablemente investigue todas las opciones posibles para mejorar su salud f\u00edsica y su estado f\u00edsico. Pero, \u00bfc\u00f3mo figura la visi\u00f3n deportiva en esa lista? Aqu\u00ed est\u00e1n las respuestas a algunas preguntas frecuentes sobre la evaluaci\u00f3n y el tratamiento de la visi\u00f3n deportiva en Mi Vision Eye Care en San Antonio.<\/p><p>\u00a0<\/p><\/div><\/div><div class=\"vc_empty_space\"><img fetchpriority=\"high\" decoding=\"async\" class=\"size-medium wp-image-3010 aligncenter\" src=\"https:\/\/mivisioneyecare.com\/wp-content\/uploads\/2021\/10\/BoyGirl-1-300x200.jpeg\" alt=\"\" width=\"300\" height=\"200\" srcset=\"https:\/\/mivisioneyecare.com\/wp-content\/uploads\/2021\/10\/BoyGirl-1-300x200.jpeg 300w, https:\/\/mivisioneyecare.com\/wp-content\/uploads\/2021\/10\/BoyGirl-1-768x511.jpeg 768w, https:\/\/mivisioneyecare.com\/wp-content\/uploads\/2021\/10\/BoyGirl-1-18x12.jpeg 18w, https:\/\/mivisioneyecare.com\/wp-content\/uploads\/2021\/10\/BoyGirl-1.jpeg 1000w\" sizes=\"(max-width: 300px) 100vw, 300px\" \/><\/div><div class=\"wpb_text_column wpb_content_element\"><div class=\"wpb_wrapper\"><h4><strong>\u00bfQu\u00e9 queremos decir con el t\u00e9rmino &quot;visi\u00f3n deportiva&quot;?<\/strong><\/h4><p>El t\u00e9rmino &quot;visi\u00f3n deportiva&quot; se aplica a la forma en que sus ojos se enfrentan o superan los desaf\u00edos planteados por una actividad atl\u00e9tica en particular. Tambi\u00e9n se refiere a los procesos de diagn\u00f3stico y planes de tratamiento prescritos por nuestro optometrista, el Dr. Cuba, para ayudar a los atletas a agudizar su visi\u00f3n seg\u00fan sea necesario para un rendimiento deportivo \u00f3ptimo.<\/p><h4><strong>\u00bfQu\u00e9 habilidades visuales especiales necesitan los atletas?<\/strong><\/h4><p>Diferentes atletas pueden requerir diferentes tipos de agudeza visual. El seguimiento y el trabajo en equipo de ojos, por ejemplo, le permiten seguir las trayectorias de los objetos que se mueven r\u00e1pidamente, mientras que la visi\u00f3n binocular le ayuda a calcular la distancia. La sensibilidad al color y al contraste son fundamentales para distinguir objetos peque\u00f1os o dif\u00edciles de ver en un fondo particular. Las habilidades de procesamiento visual le permiten responder a lo que ve lo m\u00e1s r\u00e1pido posible.<\/p><h4><strong>Si veo \u201c20\/20\u201d, \u00bfno es mi visi\u00f3n ya perfecta?<\/strong><\/h4><p>Una puntuaci\u00f3n de 20\/20 en una tabla optom\u00e9trica simplemente indica que usted puede ver tan bien como se espera que vea una persona promedio a una distancia determinada. La visi\u00f3n m\u00e1s finamente ajustada puede alcanzar f\u00e1cilmente puntuaciones de 20\/15. La misma regla general tambi\u00e9n se aplica a su capacidad para aprobar las pruebas est\u00e1ndar de funci\u00f3n ocular administradas en un examen ocular completo; indica que su visi\u00f3n es normal, cuando &quot;normal&quot; puede no ser lo suficientemente bueno en el deporte elegido.<\/p><h4><strong>\u00bfC\u00f3mo eval\u00faa su cl\u00ednica de optometr\u00eda la visi\u00f3n deportiva?<\/strong><\/h4><p>Nuestra cl\u00ednica de optometr\u00eda realizar\u00e1 una serie de sofisticadas pruebas de la vista para determinar exactamente de qu\u00e9 es capaz su vista y d\u00f3nde puede fallar. Por ejemplo, podemos verificar su visi\u00f3n binocular usando una tarjeta de equilibrio Saladin Near Point, administrar una prueba de Hirschberg para analizar la alineaci\u00f3n de sus ojos y pedirle que vea im\u00e1genes mientras evaluamos sus habilidades de trabajo en equipo, seguimiento y procesamiento visual.<\/p><h4><strong>\u00bfQu\u00e9 tipos de tratamiento visual deportivo puede ofrecer?<\/strong><\/h4><p>Nuestras opciones de tratamiento de la vista para deportes incluyen lentes tintados para ayudar a la percepci\u00f3n del color y el contraste, parches en los ojos para mejorar la visi\u00f3n binocular, una actualizaci\u00f3n de sus lentes correctivos actuales y ejercicios de terapia de la vista para optimizar la funci\u00f3n de sus ojos.<\/p><h4><strong>Obtenga m\u00e1s informaci\u00f3n sobre la visi\u00f3n deportiva en nuestra cl\u00ednica de optometr\u00eda de San Antonio<\/strong><\/h4><p>Nuestra cl\u00ednica de optometr\u00eda de San Antonio est\u00e1 lista para responder cualquier pregunta que pueda ayudarlo a mejorar tanto su visi\u00f3n como su juego. Llama <a href=\"tel:2109232020\">(210) 923 2020<\/a> hoy para programar pruebas de visi\u00f3n deportivas!<\/p><\/div><\/div>\t\t\t\t\t\t\t\t<\/div>\n\t\t\t\t<\/div>\n\t\t\t\t\t<\/div>\n\t\t<\/div>\n\t\t\t\t\t<\/div>\n\t\t<\/section>\n\t\t\t\t<\/div>","protected":false},"excerpt":{"rendered":"<p>Frequently Asked Questions About Sports Vision If you\u2019re serious about honing your skills at your favorite sport, you probably investigate every possible option for improving your physical health and fitness. But how does sports vision figure into that list? Here are the answers to some frequently asked questions about sports vision evaluation and treatment at\u00a0Mi [&hellip;]<\/p>\n","protected":false},"author":1,"featured_media":0,"parent":0,"menu_order":0,"comment_status":"closed","ping_status":"closed","template":"elementor_header_footer","meta":{"footnotes":""},"class_list":["post-2261","page","type-page","status-publish","hentry"],"yoast_head":"<!-- This site is optimized with the Yoast SEO Premium plugin v27.4 (Yoast SEO v27.4) - https:\/\/yoast.com\/product\/yoast-seo-premium-wordpress\/ -->\n<title>Sports vision faq - Mi Vision Eye Care<\/title>\n<meta name=\"robots\" content=\"index, follow, max-snippet:-1, max-image-preview:large, max-video-preview:-1\" \/>\n<link rel=\"canonical\" href=\"https:\/\/mivisioneyecare.com\/es\/sports-vision-preguntas-frecuentes\/\" \/>\n<meta property=\"og:locale\" content=\"es_ES\" \/>\n<meta property=\"og:type\" content=\"article\" \/>\n<meta property=\"og:title\" content=\"Sports vision faq\" \/>\n<meta property=\"og:description\" content=\"Frequently Asked Questions About Sports Vision If you\u2019re serious about honing your skills at your favorite sport, you probably investigate every possible option for improving your physical health and fitness. But how does sports vision figure into that list? Here are the answers to some frequently asked questions about sports vision evaluation and treatment at\u00a0Mi [&hellip;]\" \/>\n<meta property=\"og:url\" content=\"https:\/\/mivisioneyecare.com\/es\/sports-vision-preguntas-frecuentes\/\" \/>\n<meta property=\"og:site_name\" content=\"Mi Vision Eye Care\" \/>\n<meta property=\"article:publisher\" content=\"https:\/\/www.facebook.com\/mivision2020\" \/>\n<meta property=\"article:modified_time\" content=\"2023-10-27T23:02:21+00:00\" \/>\n<meta property=\"og:image\" content=\"https:\/\/mivisioneyecare.com\/wp-content\/uploads\/2021\/10\/BoyGirl-1-300x200.jpeg\" \/>\n<meta name=\"twitter:card\" content=\"summary_large_image\" \/>\n<meta name=\"twitter:label1\" content=\"Tiempo de lectura\" \/>\n\t<meta name=\"twitter:data1\" content=\"3 minutos\" \/>\n<script type=\"application\/ld+json\" class=\"yoast-schema-graph\">{\"@context\":\"https:\\\/\\\/schema.org\",\"@graph\":[{\"@type\":\"WebPage\",\"@id\":\"https:\\\/\\\/mivisioneyecare.com\\\/sports-vision-faq\\\/\",\"url\":\"https:\\\/\\\/mivisioneyecare.com\\\/sports-vision-faq\\\/\",\"name\":\"Sports vision faq - Mi Vision Eye Care\",\"isPartOf\":{\"@id\":\"https:\\\/\\\/mivisioneyecare.com\\\/#website\"},\"primaryImageOfPage\":{\"@id\":\"https:\\\/\\\/mivisioneyecare.com\\\/sports-vision-faq\\\/#primaryimage\"},\"image\":{\"@id\":\"https:\\\/\\\/mivisioneyecare.com\\\/sports-vision-faq\\\/#primaryimage\"},\"thumbnailUrl\":\"https:\\\/\\\/mivisioneyecare.com\\\/wp-content\\\/uploads\\\/2021\\\/10\\\/BoyGirl-1-300x200.jpeg\",\"datePublished\":\"2021-09-09T20:17:02+00:00\",\"dateModified\":\"2023-10-27T23:02:21+00:00\",\"breadcrumb\":{\"@id\":\"https:\\\/\\\/mivisioneyecare.com\\\/sports-vision-faq\\\/#breadcrumb\"},\"inLanguage\":\"es\",\"potentialAction\":[{\"@type\":\"ReadAction\",\"target\":[\"https:\\\/\\\/mivisioneyecare.com\\\/sports-vision-faq\\\/\"]}]},{\"@type\":\"ImageObject\",\"inLanguage\":\"es\",\"@id\":\"https:\\\/\\\/mivisioneyecare.com\\\/sports-vision-faq\\\/#primaryimage\",\"url\":\"https:\\\/\\\/mivisioneyecare.com\\\/wp-content\\\/uploads\\\/2021\\\/10\\\/BoyGirl-1-300x200.jpeg\",\"contentUrl\":\"https:\\\/\\\/mivisioneyecare.com\\\/wp-content\\\/uploads\\\/2021\\\/10\\\/BoyGirl-1-300x200.jpeg\"},{\"@type\":\"BreadcrumbList\",\"@id\":\"https:\\\/\\\/mivisioneyecare.com\\\/sports-vision-faq\\\/#breadcrumb\",\"itemListElement\":[{\"@type\":\"ListItem\",\"position\":1,\"name\":\"Portada\",\"item\":\"https:\\\/\\\/mivisioneyecare.com\\\/\"},{\"@type\":\"ListItem\",\"position\":2,\"name\":\"Sports vision faq\"}]},{\"@type\":\"WebSite\",\"@id\":\"https:\\\/\\\/mivisioneyecare.com\\\/#website\",\"url\":\"https:\\\/\\\/mivisioneyecare.com\\\/\",\"name\":\"Mi Vision Eye Care\",\"description\":\"\",\"publisher\":{\"@id\":\"https:\\\/\\\/mivisioneyecare.com\\\/#organization\"},\"potentialAction\":[{\"@type\":\"SearchAction\",\"target\":{\"@type\":\"EntryPoint\",\"urlTemplate\":\"https:\\\/\\\/mivisioneyecare.com\\\/?s={search_term_string}\"},\"query-input\":{\"@type\":\"PropertyValueSpecification\",\"valueRequired\":true,\"valueName\":\"search_term_string\"}}],\"inLanguage\":\"es\"},{\"@type\":\"Organization\",\"@id\":\"https:\\\/\\\/mivisioneyecare.com\\\/#organization\",\"name\":\"Mi Vision Eye Care\",\"url\":\"https:\\\/\\\/mivisioneyecare.com\\\/\",\"logo\":{\"@type\":\"ImageObject\",\"inLanguage\":\"es\",\"@id\":\"https:\\\/\\\/mivisioneyecare.com\\\/#\\\/schema\\\/logo\\\/image\\\/\",\"url\":\"https:\\\/\\\/mivisioneyecare.com\\\/wp-content\\\/uploads\\\/2022\\\/04\\\/Logo-mi-vision-eye-care.jpg\",\"contentUrl\":\"https:\\\/\\\/mivisioneyecare.com\\\/wp-content\\\/uploads\\\/2022\\\/04\\\/Logo-mi-vision-eye-care.jpg\",\"width\":500,\"height\":500,\"caption\":\"Mi Vision Eye Care\"},\"image\":{\"@id\":\"https:\\\/\\\/mivisioneyecare.com\\\/#\\\/schema\\\/logo\\\/image\\\/\"},\"sameAs\":[\"https:\\\/\\\/www.facebook.com\\\/mivision2020\",\"https:\\\/\\\/www.instagram.com\\\/mivisioneyecare\\\/\",\"https:\\\/\\\/www.youtube.com\\\/channel\\\/UCRg--4BZMPV669U2v2CoY8w\"]}]}<\/script>\n<!-- \/ Yoast SEO Premium plugin. -->","yoast_head_json":{"title":"Preguntas frecuentes sobre la visi\u00f3n deportiva - Mi Vision Eye Care","robots":{"index":"index","follow":"follow","max-snippet":"max-snippet:-1","max-image-preview":"max-image-preview:large","max-video-preview":"max-video-preview:-1"},"canonical":"https:\/\/mivisioneyecare.com\/es\/sports-vision-preguntas-frecuentes\/","og_locale":"es_ES","og_type":"article","og_title":"Sports vision faq","og_description":"Frequently Asked Questions About Sports Vision If you\u2019re serious about honing your skills at your favorite sport, you probably investigate every possible option for improving your physical health and fitness. But how does sports vision figure into that list? Here are the answers to some frequently asked questions about sports vision evaluation and treatment at\u00a0Mi [&hellip;]","og_url":"https:\/\/mivisioneyecare.com\/es\/sports-vision-preguntas-frecuentes\/","og_site_name":"Mi Vision Eye Care","article_publisher":"https:\/\/www.facebook.com\/mivision2020","article_modified_time":"2023-10-27T23:02:21+00:00","og_image":[{"url":"https:\/\/mivisioneyecare.com\/wp-content\/uploads\/2021\/10\/BoyGirl-1-300x200.jpeg","type":"","width":"","height":""}],"twitter_card":"summary_large_image","twitter_misc":{"Tiempo de lectura":"3 minutos"},"schema":{"@context":"https:\/\/schema.org","@graph":[{"@type":"WebPage","@id":"https:\/\/mivisioneyecare.com\/sports-vision-faq\/","url":"https:\/\/mivisioneyecare.com\/sports-vision-faq\/","name":"Preguntas frecuentes sobre la visi\u00f3n deportiva - Mi Vision Eye Care","isPartOf":{"@id":"https:\/\/mivisioneyecare.com\/#website"},"primaryImageOfPage":{"@id":"https:\/\/mivisioneyecare.com\/sports-vision-faq\/#primaryimage"},"image":{"@id":"https:\/\/mivisioneyecare.com\/sports-vision-faq\/#primaryimage"},"thumbnailUrl":"https:\/\/mivisioneyecare.com\/wp-content\/uploads\/2021\/10\/BoyGirl-1-300x200.jpeg","datePublished":"2021-09-09T20:17:02+00:00","dateModified":"2023-10-27T23:02:21+00:00","breadcrumb":{"@id":"https:\/\/mivisioneyecare.com\/sports-vision-faq\/#breadcrumb"},"inLanguage":"es","potentialAction":[{"@type":"ReadAction","target":["https:\/\/mivisioneyecare.com\/sports-vision-faq\/"]}]},{"@type":"ImageObject","inLanguage":"es","@id":"https:\/\/mivisioneyecare.com\/sports-vision-faq\/#primaryimage","url":"https:\/\/mivisioneyecare.com\/wp-content\/uploads\/2021\/10\/BoyGirl-1-300x200.jpeg","contentUrl":"https:\/\/mivisioneyecare.com\/wp-content\/uploads\/2021\/10\/BoyGirl-1-300x200.jpeg"},{"@type":"BreadcrumbList","@id":"https:\/\/mivisioneyecare.com\/sports-vision-faq\/#breadcrumb","itemListElement":[{"@type":"ListItem","position":1,"name":"Portada","item":"https:\/\/mivisioneyecare.com\/"},{"@type":"ListItem","position":2,"name":"Sports vision faq"}]},{"@type":"WebSite","@id":"https:\/\/mivisioneyecare.com\/#website","url":"https:\/\/mivisioneyecare.com\/","name":"Mi Vision Eye Care","description":"","publisher":{"@id":"https:\/\/mivisioneyecare.com\/#organization"},"potentialAction":[{"@type":"SearchAction","target":{"@type":"EntryPoint","urlTemplate":"https:\/\/mivisioneyecare.com\/?s={search_term_string}"},"query-input":{"@type":"PropertyValueSpecification","valueRequired":true,"valueName":"search_term_string"}}],"inLanguage":"es"},{"@type":"Organization","@id":"https:\/\/mivisioneyecare.com\/#organization","name":"Mi Vision Eye Care","url":"https:\/\/mivisioneyecare.com\/","logo":{"@type":"ImageObject","inLanguage":"es","@id":"https:\/\/mivisioneyecare.com\/#\/schema\/logo\/image\/","url":"https:\/\/mivisioneyecare.com\/wp-content\/uploads\/2022\/04\/Logo-mi-vision-eye-care.jpg","contentUrl":"https:\/\/mivisioneyecare.com\/wp-content\/uploads\/2022\/04\/Logo-mi-vision-eye-care.jpg","width":500,"height":500,"caption":"Mi Vision Eye Care"},"image":{"@id":"https:\/\/mivisioneyecare.com\/#\/schema\/logo\/image\/"},"sameAs":["https:\/\/www.facebook.com\/mivision2020","https:\/\/www.instagram.com\/mivisioneyecare\/","https:\/\/www.youtube.com\/channel\/UCRg--4BZMPV669U2v2CoY8w"]}]}},"_links":{"self":[{"href":"https:\/\/mivisioneyecare.com\/es\/wp-json\/wp\/v2\/pages\/2261","targetHints":{"allow":["GET"]}}],"collection":[{"href":"https:\/\/mivisioneyecare.com\/es\/wp-json\/wp\/v2\/pages"}],"about":[{"href":"https:\/\/mivisioneyecare.com\/es\/wp-json\/wp\/v2\/types\/page"}],"author":[{"embeddable":true,"href":"https:\/\/mivisioneyecare.com\/es\/wp-json\/wp\/v2\/users\/1"}],"replies":[{"embeddable":true,"href":"https:\/\/mivisioneyecare.com\/es\/wp-json\/wp\/v2\/comments?post=2261"}],"version-history":[{"count":0,"href":"https:\/\/mivisioneyecare.com\/es\/wp-json\/wp\/v2\/pages\/2261\/revisions"}],"wp:attachment":[{"href":"https:\/\/mivisioneyecare.com\/es\/wp-json\/wp\/v2\/media?parent=2261"}],"curies":[{"name":"wp","href":"https:\/\/api.w.org\/{rel}","templated":true}]}}