{"id":606,"date":"2021-07-19T13:15:04","date_gmt":"2021-07-19T13:15:04","guid":{"rendered":"https:\/\/mivisioneyecare.com\/?page_id=606"},"modified":"2024-01-17T23:07:47","modified_gmt":"2024-01-17T23:07:47","slug":"sobre-nosotros","status":"publish","type":"page","link":"https:\/\/mivisioneyecare.com\/es\/sobre-nosotros\/","title":{"rendered":"Nosotros"},"content":{"rendered":"<div data-elementor-type=\"wp-page\" data-elementor-id=\"606\" class=\"elementor elementor-606\" data-elementor-post-type=\"page\">\n\t\t\t\t\t\t<section class=\"elementor-section elementor-top-section elementor-element elementor-element-a9c1991 elementor-section-height-min-height elementor-section-boxed elementor-section-height-default elementor-section-items-middle\" data-id=\"a9c1991\" data-element_type=\"section\" data-e-type=\"section\" data-settings=\"{&quot;background_background&quot;:&quot;classic&quot;}\">\n\t\t\t\t\t\t<div class=\"elementor-container elementor-column-gap-default\">\n\t\t\t\t\t<div class=\"elementor-column elementor-col-100 elementor-top-column elementor-element elementor-element-0542edd\" data-id=\"0542edd\" data-element_type=\"column\" data-e-type=\"column\">\n\t\t\t<div class=\"elementor-widget-wrap elementor-element-populated\">\n\t\t\t\t\t\t<div class=\"elementor-element elementor-element-72f219b elementor-widget__width-initial elementor-widget elementor-widget-heading\" data-id=\"72f219b\" data-element_type=\"widget\" data-e-type=\"widget\" data-widget_type=\"heading.default\">\n\t\t\t\t<div class=\"elementor-widget-container\">\n\t\t\t\t\t<h1 class=\"elementor-heading-title elementor-size-default\">Nosotros<\/h1>\t\t\t\t<\/div>\n\t\t\t\t<\/div>\n\t\t\t\t\t<\/div>\n\t\t<\/div>\n\t\t\t\t\t<\/div>\n\t\t<\/section>\n\t\t\t\t<section class=\"elementor-section elementor-top-section elementor-element elementor-element-ac75741 elementor-section-boxed elementor-section-height-default elementor-section-height-default\" data-id=\"ac75741\" data-element_type=\"section\" data-e-type=\"section\" data-settings=\"{&quot;background_background&quot;:&quot;classic&quot;}\">\n\t\t\t\t\t\t\t<div class=\"elementor-background-overlay\"><\/div>\n\t\t\t\t\t\t\t<div class=\"elementor-container elementor-column-gap-default\">\n\t\t\t\t\t<div class=\"elementor-column elementor-col-100 elementor-top-column elementor-element elementor-element-6c4b7e0b\" data-id=\"6c4b7e0b\" data-element_type=\"column\" data-e-type=\"column\">\n\t\t\t<div class=\"elementor-widget-wrap elementor-element-populated\">\n\t\t\t\t\t\t<section class=\"elementor-section elementor-inner-section elementor-element elementor-element-75719674 elementor-section-boxed elementor-section-height-default elementor-section-height-default\" data-id=\"75719674\" data-element_type=\"section\" data-e-type=\"section\">\n\t\t\t\t\t\t<div class=\"elementor-container elementor-column-gap-default\">\n\t\t\t\t\t<div class=\"elementor-column elementor-col-100 elementor-inner-column elementor-element elementor-element-456685be\" data-id=\"456685be\" data-element_type=\"column\" data-e-type=\"column\">\n\t\t\t<div class=\"elementor-widget-wrap elementor-element-populated\">\n\t\t\t\t\t\t<div class=\"elementor-element elementor-element-39500b04 elementor-widget elementor-widget-heading\" data-id=\"39500b04\" data-element_type=\"widget\" data-e-type=\"widget\" data-widget_type=\"heading.default\">\n\t\t\t\t<div class=\"elementor-widget-container\">\n\t\t\t\t\t<h2 class=\"elementor-heading-title elementor-size-default\">\u00d3ptica especializada en San Antonio tx<\/h2>\t\t\t\t<\/div>\n\t\t\t\t<\/div>\n\t\t\t\t<div class=\"elementor-element elementor-element-244ae94 elementor-widget elementor-widget-text-editor\" data-id=\"244ae94\" data-element_type=\"widget\" data-e-type=\"widget\" data-widget_type=\"text-editor.default\">\n\t\t\t\t<div class=\"elementor-widget-container\">\n\t\t\t\t\t\t\t\t\t<p>En Mi Vision Eye Care, cada miembro de nuestro equipo de cuidado de la vista es seleccionado por el Dr. Pedro Cuba en base a su experiencia, comportamiento profesional y dedicaci\u00f3n para brindar atenci\u00f3n personalizada a nuestros pacientes de optometr\u00eda.<\/p><p>Nos esforzamos por la obsesi\u00f3n del cliente y ofrecemos productos de calidad a precios reales de manera oportuna.<\/p><p>Todo nuestro personal de optometr\u00eda de San Antonio est\u00e1 comprometido a garantizar la comodidad y satisfacci\u00f3n de todos y cada uno de los pacientes. Haremos todo lo posible para adaptarnos a su apretada agenda al encontrar horarios de citas que satisfagan sus necesidades, estamos abiertos todos los d\u00edas, los viernes hasta las 9 pm y los s\u00e1bados y domingos. Nuestro personal capacitado en Mi Vision Eye Care trabajar\u00e1 con usted para ayudarlo a comprender la cobertura de su seguro de la vista y brindarle alternativas financieras para garantizar que obtenga la mejor atenci\u00f3n de la vista posible, aceptamos la mayor\u00eda de los seguros, incluido Medicaid, y aceptamos Care Credit como forma de pago. otras formas de opciones de pago disponibles.<\/p><p>Sabemos que tiene una opci\u00f3n cuando se trata de la optometr\u00eda de San Antonio, por lo que nos esforzamos por brindar ex\u00e1menes de la vista completos, una gran selecci\u00f3n de anteojos y atenci\u00f3n personalizada. Te damos la bienvenida a la mejor \u00f3ptica de San Antonio.<\/p>\t\t\t\t\t\t\t\t<\/div>\n\t\t\t\t<\/div>\n\t\t\t\t\t<\/div>\n\t\t<\/div>\n\t\t\t\t\t<\/div>\n\t\t<\/section>\n\t\t\t\t\t<\/div>\n\t\t<\/div>\n\t\t\t\t\t<\/div>\n\t\t<\/section>\n\t\t\t\t<section class=\"elementor-section elementor-top-section elementor-element elementor-element-9d90488 elementor-section-boxed elementor-section-height-default elementor-section-height-default elementor-invisible\" data-id=\"9d90488\" data-element_type=\"section\" data-e-type=\"section\" data-settings=\"{&quot;background_background&quot;:&quot;classic&quot;,&quot;animation&quot;:&quot;fadeInUp&quot;}\">\n\t\t\t\t\t\t<div class=\"elementor-container elementor-column-gap-default\">\n\t\t\t\t\t<div class=\"elementor-column elementor-col-100 elementor-top-column elementor-element elementor-element-d8c3082\" data-id=\"d8c3082\" data-element_type=\"column\" data-e-type=\"column\">\n\t\t\t<div class=\"elementor-widget-wrap elementor-element-populated\">\n\t\t\t\t\t\t<section class=\"elementor-section elementor-inner-section elementor-element elementor-element-f0b3976 elementor-section-boxed elementor-section-height-default elementor-section-height-default\" data-id=\"f0b3976\" data-element_type=\"section\" data-e-type=\"section\" data-settings=\"{&quot;background_background&quot;:&quot;classic&quot;}\">\n\t\t\t\t\t\t<div class=\"elementor-container elementor-column-gap-default\">\n\t\t\t\t\t<div class=\"elementor-column elementor-col-20 elementor-inner-column elementor-element elementor-element-ebdc298\" data-id=\"ebdc298\" data-element_type=\"column\" data-e-type=\"column\">\n\t\t\t<div class=\"elementor-widget-wrap elementor-element-populated\">\n\t\t\t\t\t\t<div class=\"elementor-element elementor-element-cceaf9a elementor-widget elementor-widget-counter\" data-id=\"cceaf9a\" data-element_type=\"widget\" data-e-type=\"widget\" data-widget_type=\"counter.default\">\n\t\t\t\t<div class=\"elementor-widget-container\">\n\t\t\t\t\t\t\t<div class=\"elementor-counter\">\n\t\t\t<div class=\"elementor-counter-title\">Pacientes felices<\/div>\t\t\t<div class=\"elementor-counter-number-wrapper\">\n\t\t\t\t<span class=\"elementor-counter-number-prefix\"><\/span>\n\t\t\t\t<span class=\"elementor-counter-number\" data-duration=\"2000\" data-to-value=\"17578\" data-from-value=\"0\" data-delimiter=\".\">0<\/span>\n\t\t\t\t<span class=\"elementor-counter-number-suffix\">+<\/span>\n\t\t\t<\/div>\n\t\t<\/div>\n\t\t\t\t\t\t<\/div>\n\t\t\t\t<\/div>\n\t\t\t\t\t<\/div>\n\t\t<\/div>\n\t\t\t\t<div class=\"elementor-column elementor-col-20 elementor-inner-column elementor-element elementor-element-789b94b\" data-id=\"789b94b\" data-element_type=\"column\" data-e-type=\"column\">\n\t\t\t<div class=\"elementor-widget-wrap elementor-element-populated\">\n\t\t\t\t\t\t<div class=\"elementor-element elementor-element-41add5e elementor-widget elementor-widget-counter\" data-id=\"41add5e\" data-element_type=\"widget\" data-e-type=\"widget\" data-widget_type=\"counter.default\">\n\t\t\t\t<div class=\"elementor-widget-container\">\n\t\t\t\t\t\t\t<div class=\"elementor-counter\">\n\t\t\t<div class=\"elementor-counter-title\">Rese\u00f1as positivas<\/div>\t\t\t<div class=\"elementor-counter-number-wrapper\">\n\t\t\t\t<span class=\"elementor-counter-number-prefix\"><\/span>\n\t\t\t\t<span class=\"elementor-counter-number\" data-duration=\"2000\" data-to-value=\"700\" data-from-value=\"0\" data-delimiter=\",\">0<\/span>\n\t\t\t\t<span class=\"elementor-counter-number-suffix\">+<\/span>\n\t\t\t<\/div>\n\t\t<\/div>\n\t\t\t\t\t\t<\/div>\n\t\t\t\t<\/div>\n\t\t\t\t\t<\/div>\n\t\t<\/div>\n\t\t\t\t<div class=\"elementor-column elementor-col-20 elementor-inner-column elementor-element elementor-element-8d83e56\" data-id=\"8d83e56\" data-element_type=\"column\" data-e-type=\"column\">\n\t\t\t<div class=\"elementor-widget-wrap elementor-element-populated\">\n\t\t\t\t\t\t<div class=\"elementor-element elementor-element-271a1dd elementor-widget elementor-widget-counter\" data-id=\"271a1dd\" data-element_type=\"widget\" data-e-type=\"widget\" data-widget_type=\"counter.default\">\n\t\t\t\t<div class=\"elementor-widget-container\">\n\t\t\t\t\t\t\t<div class=\"elementor-counter\">\n\t\t\t<div class=\"elementor-counter-title\">Puntuaci\u00f3n de revisi\u00f3n de Google<\/div>\t\t\t<div class=\"elementor-counter-number-wrapper\">\n\t\t\t\t<span class=\"elementor-counter-number-prefix\"><\/span>\n\t\t\t\t<span class=\"elementor-counter-number\" data-duration=\"2000\" data-to-value=\"4.9\" data-from-value=\"0\" data-delimiter=\",\">0<\/span>\n\t\t\t\t<span class=\"elementor-counter-number-suffix\"><\/span>\n\t\t\t<\/div>\n\t\t<\/div>\n\t\t\t\t\t\t<\/div>\n\t\t\t\t<\/div>\n\t\t\t\t\t<\/div>\n\t\t<\/div>\n\t\t\t\t<div class=\"elementor-column elementor-col-20 elementor-inner-column elementor-element elementor-element-239b631\" data-id=\"239b631\" data-element_type=\"column\" data-e-type=\"column\">\n\t\t\t<div class=\"elementor-widget-wrap elementor-element-populated\">\n\t\t\t\t\t\t<div class=\"elementor-element elementor-element-317ab66 elementor-widget elementor-widget-counter\" data-id=\"317ab66\" data-element_type=\"widget\" data-e-type=\"widget\" data-widget_type=\"counter.default\">\n\t\t\t\t<div class=\"elementor-widget-container\">\n\t\t\t\t\t\t\t<div class=\"elementor-counter\">\n\t\t\t<div class=\"elementor-counter-title\">Gafas entregadas<\/div>\t\t\t<div class=\"elementor-counter-number-wrapper\">\n\t\t\t\t<span class=\"elementor-counter-number-prefix\"><\/span>\n\t\t\t\t<span class=\"elementor-counter-number\" data-duration=\"2000\" data-to-value=\"10000\" data-from-value=\"0\" data-delimiter=\",\">0<\/span>\n\t\t\t\t<span class=\"elementor-counter-number-suffix\">+<\/span>\n\t\t\t<\/div>\n\t\t<\/div>\n\t\t\t\t\t\t<\/div>\n\t\t\t\t<\/div>\n\t\t\t\t\t<\/div>\n\t\t<\/div>\n\t\t\t\t<div class=\"elementor-column elementor-col-20 elementor-inner-column elementor-element elementor-element-d9410f9\" data-id=\"d9410f9\" data-element_type=\"column\" data-e-type=\"column\">\n\t\t\t<div class=\"elementor-widget-wrap elementor-element-populated\">\n\t\t\t\t\t\t<div class=\"elementor-element elementor-element-a03c409 elementor-widget elementor-widget-counter\" data-id=\"a03c409\" data-element_type=\"widget\" data-e-type=\"widget\" data-widget_type=\"counter.default\">\n\t\t\t\t<div class=\"elementor-widget-container\">\n\t\t\t\t\t\t\t<div class=\"elementor-counter\">\n\t\t\t<div class=\"elementor-counter-title\">El tiempo de entrega<\/div>\t\t\t<div class=\"elementor-counter-number-wrapper\">\n\t\t\t\t<span class=\"elementor-counter-number-prefix\"><\/span>\n\t\t\t\t<span class=\"elementor-counter-number\" data-duration=\"2000\" data-to-value=\"1\" data-from-value=\"1\" data-delimiter=\".\">1<\/span>\n\t\t\t\t<span class=\"elementor-counter-number-suffix\">hora<\/span>\n\t\t\t<\/div>\n\t\t<\/div>\n\t\t\t\t\t\t<\/div>\n\t\t\t\t<\/div>\n\t\t\t\t\t<\/div>\n\t\t<\/div>\n\t\t\t\t\t<\/div>\n\t\t<\/section>\n\t\t\t\t\t<\/div>\n\t\t<\/div>\n\t\t\t\t\t<\/div>\n\t\t<\/section>\n\t\t\t\t<\/div>","protected":false},"excerpt":{"rendered":"<p>About Us Optical Specialized In San Antonio tx At Mi Vision Eye Care, each member of our vision care team is selected by Dr. Pedro Cuba based upon his or her experience, professional demeanor, and dedication to providing personalized care to our optometry patients. We strive for customer obsession and provide quality products at real [&hellip;]<\/p>\n","protected":false},"author":1,"featured_media":0,"parent":0,"menu_order":0,"comment_status":"closed","ping_status":"closed","template":"elementor_header_footer","meta":{"footnotes":""},"class_list":["post-606","page","type-page","status-publish","hentry"],"yoast_head":"<!-- This site is optimized with the Yoast SEO Premium plugin v27.3 (Yoast SEO v27.3) - https:\/\/yoast.com\/product\/yoast-seo-premium-wordpress\/ -->\n<title>About Mi Vision Eye Care | Eye Clinic Near Me 78201<\/title>\n<meta name=\"description\" content=\"Mi Vision Eye Care offers offer eye exams, prescription glasses, contact lenses and eye care treatment for all ages! Book an exam today!\" \/>\n<meta name=\"robots\" content=\"index, follow, max-snippet:-1, max-image-preview:large, max-video-preview:-1\" \/>\n<link rel=\"canonical\" href=\"https:\/\/mivisioneyecare.com\/es\/sobre-nosotros\/\" \/>\n<meta property=\"og:locale\" content=\"es_ES\" \/>\n<meta property=\"og:type\" content=\"article\" \/>\n<meta property=\"og:title\" content=\"About Us\" \/>\n<meta property=\"og:description\" content=\"Mi Vision Eye Care offers offer eye exams, prescription glasses, contact lenses and eye care treatment for all ages! Book an exam today!\" \/>\n<meta property=\"og:url\" content=\"https:\/\/mivisioneyecare.com\/es\/sobre-nosotros\/\" \/>\n<meta property=\"og:site_name\" content=\"Mi Vision Eye Care\" \/>\n<meta property=\"article:publisher\" content=\"https:\/\/www.facebook.com\/mivision2020\" \/>\n<meta property=\"article:modified_time\" content=\"2024-01-17T23:07:47+00:00\" \/>\n<meta property=\"og:image\" content=\"https:\/\/mivisioneyecare.com\/wp-content\/uploads\/2022\/04\/Logo-mi-vision-eye-care.jpg\" \/>\n\t<meta property=\"og:image:width\" content=\"500\" \/>\n\t<meta property=\"og:image:height\" content=\"500\" \/>\n\t<meta property=\"og:image:type\" content=\"image\/jpeg\" \/>\n<meta name=\"twitter:card\" content=\"summary_large_image\" \/>\n<meta name=\"twitter:label1\" content=\"Tiempo de lectura\" \/>\n\t<meta name=\"twitter:data1\" content=\"1 minuto\" \/>\n<script type=\"application\/ld+json\" class=\"yoast-schema-graph\">{\"@context\":\"https:\\\/\\\/schema.org\",\"@graph\":[{\"@type\":\"WebPage\",\"@id\":\"https:\\\/\\\/mivisioneyecare.com\\\/about-us\\\/\",\"url\":\"https:\\\/\\\/mivisioneyecare.com\\\/about-us\\\/\",\"name\":\"About Mi Vision Eye Care | Eye Clinic Near Me 78201\",\"isPartOf\":{\"@id\":\"https:\\\/\\\/mivisioneyecare.com\\\/#website\"},\"datePublished\":\"2021-07-19T13:15:04+00:00\",\"dateModified\":\"2024-01-17T23:07:47+00:00\",\"description\":\"Mi Vision Eye Care offers offer eye exams, prescription glasses, contact lenses and eye care treatment for all ages! Book an exam today!\",\"breadcrumb\":{\"@id\":\"https:\\\/\\\/mivisioneyecare.com\\\/about-us\\\/#breadcrumb\"},\"inLanguage\":\"es\",\"potentialAction\":[{\"@type\":\"ReadAction\",\"target\":[\"https:\\\/\\\/mivisioneyecare.com\\\/about-us\\\/\"]}]},{\"@type\":\"BreadcrumbList\",\"@id\":\"https:\\\/\\\/mivisioneyecare.com\\\/about-us\\\/#breadcrumb\",\"itemListElement\":[{\"@type\":\"ListItem\",\"position\":1,\"name\":\"Portada\",\"item\":\"https:\\\/\\\/mivisioneyecare.com\\\/\"},{\"@type\":\"ListItem\",\"position\":2,\"name\":\"About Us\"}]},{\"@type\":\"WebSite\",\"@id\":\"https:\\\/\\\/mivisioneyecare.com\\\/#website\",\"url\":\"https:\\\/\\\/mivisioneyecare.com\\\/\",\"name\":\"Mi Vision Eye Care\",\"description\":\"\",\"publisher\":{\"@id\":\"https:\\\/\\\/mivisioneyecare.com\\\/#organization\"},\"potentialAction\":[{\"@type\":\"SearchAction\",\"target\":{\"@type\":\"EntryPoint\",\"urlTemplate\":\"https:\\\/\\\/mivisioneyecare.com\\\/?s={search_term_string}\"},\"query-input\":{\"@type\":\"PropertyValueSpecification\",\"valueRequired\":true,\"valueName\":\"search_term_string\"}}],\"inLanguage\":\"es\"},{\"@type\":\"Organization\",\"@id\":\"https:\\\/\\\/mivisioneyecare.com\\\/#organization\",\"name\":\"Mi Vision Eye Care\",\"url\":\"https:\\\/\\\/mivisioneyecare.com\\\/\",\"logo\":{\"@type\":\"ImageObject\",\"inLanguage\":\"es\",\"@id\":\"https:\\\/\\\/mivisioneyecare.com\\\/#\\\/schema\\\/logo\\\/image\\\/\",\"url\":\"https:\\\/\\\/mivisioneyecare.com\\\/wp-content\\\/uploads\\\/2022\\\/04\\\/Logo-mi-vision-eye-care.jpg\",\"contentUrl\":\"https:\\\/\\\/mivisioneyecare.com\\\/wp-content\\\/uploads\\\/2022\\\/04\\\/Logo-mi-vision-eye-care.jpg\",\"width\":500,\"height\":500,\"caption\":\"Mi Vision Eye Care\"},\"image\":{\"@id\":\"https:\\\/\\\/mivisioneyecare.com\\\/#\\\/schema\\\/logo\\\/image\\\/\"},\"sameAs\":[\"https:\\\/\\\/www.facebook.com\\\/mivision2020\",\"https:\\\/\\\/www.instagram.com\\\/mivisioneyecare\\\/\",\"https:\\\/\\\/www.youtube.com\\\/channel\\\/UCRg--4BZMPV669U2v2CoY8w\"]}]}<\/script>\n<!-- \/ Yoast SEO Premium plugin. -->","yoast_head_json":{"title":"Acerca de Mi Vision Eye Care | Cl\u00ednica oftalmol\u00f3gica cerca de m\u00ed 78201","description":"\u00a1Mi Vision Eye Care ofrece ex\u00e1menes de la vista, anteojos recetados, lentes de contacto y tratamientos para el cuidado de la vista para todas las edades! \u00a1Reserve un examen hoy!","robots":{"index":"index","follow":"follow","max-snippet":"max-snippet:-1","max-image-preview":"max-image-preview:large","max-video-preview":"max-video-preview:-1"},"canonical":"https:\/\/mivisioneyecare.com\/es\/sobre-nosotros\/","og_locale":"es_ES","og_type":"article","og_title":"About Us","og_description":"Mi Vision Eye Care offers offer eye exams, prescription glasses, contact lenses and eye care treatment for all ages! Book an exam today!","og_url":"https:\/\/mivisioneyecare.com\/es\/sobre-nosotros\/","og_site_name":"Mi Vision Eye Care","article_publisher":"https:\/\/www.facebook.com\/mivision2020","article_modified_time":"2024-01-17T23:07:47+00:00","og_image":[{"width":500,"height":500,"url":"https:\/\/mivisioneyecare.com\/wp-content\/uploads\/2022\/04\/Logo-mi-vision-eye-care.jpg","type":"image\/jpeg"}],"twitter_card":"summary_large_image","twitter_misc":{"Tiempo de lectura":"1 minuto"},"schema":{"@context":"https:\/\/schema.org","@graph":[{"@type":"WebPage","@id":"https:\/\/mivisioneyecare.com\/about-us\/","url":"https:\/\/mivisioneyecare.com\/about-us\/","name":"Acerca de Mi Vision Eye Care | Cl\u00ednica oftalmol\u00f3gica cerca de m\u00ed 78201","isPartOf":{"@id":"https:\/\/mivisioneyecare.com\/#website"},"datePublished":"2021-07-19T13:15:04+00:00","dateModified":"2024-01-17T23:07:47+00:00","description":"\u00a1Mi Vision Eye Care ofrece ex\u00e1menes de la vista, anteojos recetados, lentes de contacto y tratamientos para el cuidado de la vista para todas las edades! \u00a1Reserve un examen hoy!","breadcrumb":{"@id":"https:\/\/mivisioneyecare.com\/about-us\/#breadcrumb"},"inLanguage":"es","potentialAction":[{"@type":"ReadAction","target":["https:\/\/mivisioneyecare.com\/about-us\/"]}]},{"@type":"BreadcrumbList","@id":"https:\/\/mivisioneyecare.com\/about-us\/#breadcrumb","itemListElement":[{"@type":"ListItem","position":1,"name":"Portada","item":"https:\/\/mivisioneyecare.com\/"},{"@type":"ListItem","position":2,"name":"About Us"}]},{"@type":"WebSite","@id":"https:\/\/mivisioneyecare.com\/#website","url":"https:\/\/mivisioneyecare.com\/","name":"Mi Vision Eye Care","description":"","publisher":{"@id":"https:\/\/mivisioneyecare.com\/#organization"},"potentialAction":[{"@type":"SearchAction","target":{"@type":"EntryPoint","urlTemplate":"https:\/\/mivisioneyecare.com\/?s={search_term_string}"},"query-input":{"@type":"PropertyValueSpecification","valueRequired":true,"valueName":"search_term_string"}}],"inLanguage":"es"},{"@type":"Organization","@id":"https:\/\/mivisioneyecare.com\/#organization","name":"Mi Vision Eye Care","url":"https:\/\/mivisioneyecare.com\/","logo":{"@type":"ImageObject","inLanguage":"es","@id":"https:\/\/mivisioneyecare.com\/#\/schema\/logo\/image\/","url":"https:\/\/mivisioneyecare.com\/wp-content\/uploads\/2022\/04\/Logo-mi-vision-eye-care.jpg","contentUrl":"https:\/\/mivisioneyecare.com\/wp-content\/uploads\/2022\/04\/Logo-mi-vision-eye-care.jpg","width":500,"height":500,"caption":"Mi Vision Eye Care"},"image":{"@id":"https:\/\/mivisioneyecare.com\/#\/schema\/logo\/image\/"},"sameAs":["https:\/\/www.facebook.com\/mivision2020","https:\/\/www.instagram.com\/mivisioneyecare\/","https:\/\/www.youtube.com\/channel\/UCRg--4BZMPV669U2v2CoY8w"]}]}},"_links":{"self":[{"href":"https:\/\/mivisioneyecare.com\/es\/wp-json\/wp\/v2\/pages\/606","targetHints":{"allow":["GET"]}}],"collection":[{"href":"https:\/\/mivisioneyecare.com\/es\/wp-json\/wp\/v2\/pages"}],"about":[{"href":"https:\/\/mivisioneyecare.com\/es\/wp-json\/wp\/v2\/types\/page"}],"author":[{"embeddable":true,"href":"https:\/\/mivisioneyecare.com\/es\/wp-json\/wp\/v2\/users\/1"}],"replies":[{"embeddable":true,"href":"https:\/\/mivisioneyecare.com\/es\/wp-json\/wp\/v2\/comments?post=606"}],"version-history":[{"count":0,"href":"https:\/\/mivisioneyecare.com\/es\/wp-json\/wp\/v2\/pages\/606\/revisions"}],"wp:attachment":[{"href":"https:\/\/mivisioneyecare.com\/es\/wp-json\/wp\/v2\/media?parent=606"}],"curies":[{"name":"wp","href":"https:\/\/api.w.org\/{rel}","templated":true}]}}