{"id":730,"date":"2021-07-22T00:04:09","date_gmt":"2021-07-22T00:04:09","guid":{"rendered":"https:\/\/mivisioneyecare.com\/?page_id=730"},"modified":"2024-01-31T21:38:53","modified_gmt":"2024-01-31T21:38:53","slug":"organizaciones-voluntarias","status":"publish","type":"page","link":"https:\/\/mivisioneyecare.com\/es\/organizaciones-voluntarias\/","title":{"rendered":"organizaciones-voluntarias"},"content":{"rendered":"<div data-elementor-type=\"wp-page\" data-elementor-id=\"730\" class=\"elementor elementor-730\" data-elementor-post-type=\"page\">\n\t\t\t\t\t\t<section class=\"elementor-section elementor-top-section elementor-element elementor-element-afb667c elementor-section-height-min-height elementor-section-boxed elementor-section-height-default elementor-section-items-middle\" data-id=\"afb667c\" data-element_type=\"section\" data-e-type=\"section\" data-settings=\"{&quot;background_background&quot;:&quot;classic&quot;}\">\n\t\t\t\t\t\t<div class=\"elementor-container elementor-column-gap-default\">\n\t\t\t\t\t<div class=\"elementor-column elementor-col-100 elementor-top-column elementor-element elementor-element-62f571f\" data-id=\"62f571f\" data-element_type=\"column\" data-e-type=\"column\">\n\t\t\t<div class=\"elementor-widget-wrap elementor-element-populated\">\n\t\t\t\t\t\t<div class=\"elementor-element elementor-element-185c37a elementor-widget__width-initial elementor-widget elementor-widget-heading\" data-id=\"185c37a\" data-element_type=\"widget\" data-e-type=\"widget\" data-widget_type=\"heading.default\">\n\t\t\t\t<div class=\"elementor-widget-container\">\n\t\t\t\t\t<h1 class=\"elementor-heading-title elementor-size-default\">Organizaciones voluntarias<\/h1>\t\t\t\t<\/div>\n\t\t\t\t<\/div>\n\t\t\t\t\t<\/div>\n\t\t<\/div>\n\t\t\t\t\t<\/div>\n\t\t<\/section>\n\t\t\t\t<section class=\"elementor-section elementor-top-section elementor-element elementor-element-2795545 elementor-section-boxed elementor-section-height-default elementor-section-height-default\" data-id=\"2795545\" data-element_type=\"section\" data-e-type=\"section\" data-settings=\"{&quot;background_background&quot;:&quot;classic&quot;}\">\n\t\t\t\t\t\t<div class=\"elementor-container elementor-column-gap-default\">\n\t\t\t\t\t<div class=\"elementor-column elementor-col-100 elementor-top-column elementor-element elementor-element-3925501\" data-id=\"3925501\" data-element_type=\"column\" data-e-type=\"column\">\n\t\t\t<div class=\"elementor-widget-wrap elementor-element-populated\">\n\t\t\t\t\t\t<div class=\"elementor-element elementor-element-2cd55c6 elementor-widget elementor-widget-heading\" data-id=\"2cd55c6\" data-element_type=\"widget\" data-e-type=\"widget\" data-widget_type=\"heading.default\">\n\t\t\t\t<div class=\"elementor-widget-container\">\n\t\t\t\t\t<h2 class=\"elementor-heading-title elementor-size-default\">Por cada examen de la vista o anteojos en mi visi\u00f3n donaremos 3 d\u00f3lares para un par de anteojos para ni\u00f1os de latinoam\u00e9rica.<\/h2>\t\t\t\t<\/div>\n\t\t\t\t<\/div>\n\t\t\t\t\t<\/div>\n\t\t<\/div>\n\t\t\t\t\t<\/div>\n\t\t<\/section>\n\t\t\t\t<section class=\"elementor-section elementor-top-section elementor-element elementor-element-10e366db elementor-section-boxed elementor-section-height-default elementor-section-height-default\" data-id=\"10e366db\" data-element_type=\"section\" data-e-type=\"section\">\n\t\t\t\t\t\t<div class=\"elementor-container elementor-column-gap-default\">\n\t\t\t\t\t<div class=\"elementor-column elementor-col-100 elementor-top-column elementor-element elementor-element-2dc520cd\" data-id=\"2dc520cd\" data-element_type=\"column\" data-e-type=\"column\">\n\t\t\t<div class=\"elementor-widget-wrap elementor-element-populated\">\n\t\t\t\t\t\t<div class=\"elementor-element elementor-element-f7bbcc8 elementor-widget elementor-widget-text-editor\" data-id=\"f7bbcc8\" data-element_type=\"widget\" data-e-type=\"widget\" data-widget_type=\"text-editor.default\">\n\t\t\t\t<div class=\"elementor-widget-container\">\n\t\t\t\t\t\t\t\t\t<div class=\"wpb_text_column wpb_content_element vc_custom_1600853021008\"><div class=\"wpb_wrapper\"><p>Durante sus a\u00f1os escolares, el Dr. Cuba se ofreci\u00f3 como voluntario para trabajar como opt\u00f3metra y ayud\u00f3 a familias pobres a mejorar su visi\u00f3n, viajando a Per\u00fa, Puerto Rico, M\u00e9xico y Rep\u00fablica Dominicana bajo la supervisi\u00f3n de VOSH (Servicios Optom\u00e9tricos Voluntarios para la Humanidad) y la Universidad Interamericana. Escuela de Optometr\u00eda.<\/p><p>El Dr. Cuba fund\u00f3 en julio de 2014 su propia organizaci\u00f3n sin fines de lucro, que ayuda a ni\u00f1os de todo el mundo a ver mejor y con claridad. Nuestro compromiso es que por cada examen de la vista realizado en nuestra cl\u00ednica, se donar\u00e1n $3 d\u00f3lares a este proyecto, el Dr. Cuba lo donar\u00e1 y lo guardar\u00e1 para pr\u00f3ximos viajes no solo para darles anteojos a los ni\u00f1os sino tambi\u00e9n ex\u00e1menes oculares completos y derivaci\u00f3n a un especialista si es necesario. El Dr. Cuba ha viajado ayudando a ni\u00f1os en pa\u00edses como Per\u00fa, M\u00e9xico y Colombia y ha ayudado a miles de ni\u00f1os de familias de muy bajos ingresos que no pueden permitirse comprar un par de anteojos. Si est\u00e1 interesado en ayudar, vaya a nuestra p\u00e1gina de Facebook para obtener m\u00e1s informaci\u00f3n, planeando realizar nuestro pr\u00f3ximo viaje a Lima o Cuzco Per\u00fa para julio de 2025. La vida se trata de ayudar y contribuir a la sociedad.<\/p><\/div><\/div>\t\t\t\t\t\t\t\t<\/div>\n\t\t\t\t<\/div>\n\t\t\t\t\t<\/div>\n\t\t<\/div>\n\t\t\t\t\t<\/div>\n\t\t<\/section>\n\t\t\t\t<section class=\"elementor-section elementor-top-section elementor-element elementor-element-a787585 elementor-section-boxed elementor-section-height-default elementor-section-height-default\" data-id=\"a787585\" data-element_type=\"section\" data-e-type=\"section\">\n\t\t\t\t\t\t<div class=\"elementor-container elementor-column-gap-default\">\n\t\t\t\t\t<div class=\"elementor-column elementor-col-100 elementor-top-column elementor-element elementor-element-e1aee76\" data-id=\"e1aee76\" data-element_type=\"column\" data-e-type=\"column\">\n\t\t\t<div class=\"elementor-widget-wrap elementor-element-populated\">\n\t\t\t\t\t\t<div class=\"elementor-element elementor-element-c3d3a45 elementor-widget elementor-widget-video\" data-id=\"c3d3a45\" data-element_type=\"widget\" data-e-type=\"widget\" data-settings=\"{&quot;youtube_url&quot;:&quot;https:\\\/\\\/youtu.be\\\/VsBAxe-lmqQ&quot;,&quot;autoplay&quot;:&quot;yes&quot;,&quot;loop&quot;:&quot;yes&quot;,&quot;lazy_load&quot;:&quot;yes&quot;,&quot;video_type&quot;:&quot;youtube&quot;}\" data-widget_type=\"video.default\">\n\t\t\t\t<div class=\"elementor-widget-container\">\n\t\t\t\t\t\t\t<div class=\"elementor-wrapper elementor-open-inline\">\n\t\t\t<div class=\"elementor-video\"><\/div>\t\t<\/div>\n\t\t\t\t\t\t<\/div>\n\t\t\t\t<\/div>\n\t\t\t\t<div class=\"elementor-element elementor-element-661cfd23 elementor-view-default elementor-widget elementor-widget-icon\" data-id=\"661cfd23\" data-element_type=\"widget\" data-e-type=\"widget\" data-widget_type=\"icon.default\">\n\t\t\t\t<div class=\"elementor-widget-container\">\n\t\t\t\t\t\t\t<div class=\"elementor-icon-wrapper\">\n\t\t\t<div class=\"elementor-icon elementor-animation-grow\">\n\t\t\t<i aria-hidden=\"true\" class=\"fas fa-quote-left\"><\/i>\t\t\t<\/div>\n\t\t<\/div>\n\t\t\t\t\t\t<\/div>\n\t\t\t\t<\/div>\n\t\t\t\t<div class=\"elementor-element elementor-element-013d56d elementor-widget elementor-widget-text-editor\" data-id=\"013d56d\" data-element_type=\"widget\" data-e-type=\"widget\" data-widget_type=\"text-editor.default\">\n\t\t\t\t<div class=\"elementor-widget-container\">\n\t\t\t\t\t\t\t\t\t<div class=\"wpb_text_column wpb_content_element vc_custom_1600853021008\"><div class=\"wpb_wrapper\"><p>Un futuro brillante comenzar\u00e1 cuando el faro de tus ojos pueda ver claro y definido e irradien en tu alma, esa luz, que alumbrara tu camino.<\/p><\/div><\/div>\t\t\t\t\t\t\t\t<\/div>\n\t\t\t\t<\/div>\n\t\t\t\t<div class=\"elementor-element elementor-element-9420d1d elementor-view-default elementor-widget elementor-widget-icon\" data-id=\"9420d1d\" data-element_type=\"widget\" data-e-type=\"widget\" data-widget_type=\"icon.default\">\n\t\t\t\t<div class=\"elementor-widget-container\">\n\t\t\t\t\t\t\t<div class=\"elementor-icon-wrapper\">\n\t\t\t<div class=\"elementor-icon elementor-animation-grow\">\n\t\t\t<i aria-hidden=\"true\" class=\"fas fa-quote-right\"><\/i>\t\t\t<\/div>\n\t\t<\/div>\n\t\t\t\t\t\t<\/div>\n\t\t\t\t<\/div>\n\t\t\t\t<div class=\"elementor-element elementor-element-f03a49f elementor-widget elementor-widget-heading\" data-id=\"f03a49f\" data-element_type=\"widget\" data-e-type=\"widget\" data-widget_type=\"heading.default\">\n\t\t\t\t<div class=\"elementor-widget-container\">\n\t\t\t\t\t<h4 class=\"elementor-heading-title elementor-size-default\">pedro cuba<\/h4>\t\t\t\t<\/div>\n\t\t\t\t<\/div>\n\t\t\t\t\t<\/div>\n\t\t<\/div>\n\t\t\t\t\t<\/div>\n\t\t<\/section>\n\t\t\t\t<\/div>","protected":false},"excerpt":{"rendered":"<p>Volunteer Organizations For every eye exam or glasses at mi vision we will donate 3 dollars towards a pair of glasses for kids in latin america During his school years,\u00a0Dr Cuba\u00a0volunteered to work as an\u00a0Eye Doctor\u00a0and helped poor families to improve their vision, traveling to Peru, Puerto Rico, Mexico and Dominican Republic under the supervision [&hellip;]<\/p>\n","protected":false},"author":1,"featured_media":0,"parent":0,"menu_order":0,"comment_status":"closed","ping_status":"closed","template":"elementor_header_footer","meta":{"footnotes":""},"class_list":["post-730","page","type-page","status-publish","hentry"],"yoast_head":"<!-- This site is optimized with the Yoast SEO Premium plugin v27.3 (Yoast SEO v27.3) - https:\/\/yoast.com\/product\/yoast-seo-premium-wordpress\/ -->\n<title>How We Give Back | San Antonio | Mi Vision Eye Care<\/title>\n<meta name=\"description\" content=\"Learn more about how we give back to the community. Call Mi Vision Eye Care in San Antonio for an appointment!\" \/>\n<meta name=\"robots\" content=\"index, follow, max-snippet:-1, max-image-preview:large, max-video-preview:-1\" \/>\n<link rel=\"canonical\" href=\"https:\/\/mivisioneyecare.com\/es\/organizaciones-voluntarias\/\" \/>\n<meta property=\"og:locale\" content=\"es_ES\" \/>\n<meta property=\"og:type\" content=\"article\" \/>\n<meta property=\"og:title\" content=\"volunteer-organizations\" \/>\n<meta property=\"og:description\" content=\"Learn more about how we give back to the community. Call Mi Vision Eye Care in San Antonio for an appointment!\" \/>\n<meta property=\"og:url\" content=\"https:\/\/mivisioneyecare.com\/es\/organizaciones-voluntarias\/\" \/>\n<meta property=\"og:site_name\" content=\"Mi Vision Eye Care\" \/>\n<meta property=\"article:publisher\" content=\"https:\/\/www.facebook.com\/mivision2020\" \/>\n<meta property=\"article:modified_time\" content=\"2024-01-31T21:38:53+00:00\" \/>\n<meta property=\"og:image\" content=\"https:\/\/mivisioneyecare.com\/wp-content\/uploads\/2022\/04\/Logo-mi-vision-eye-care.jpg\" \/>\n\t<meta property=\"og:image:width\" content=\"500\" \/>\n\t<meta property=\"og:image:height\" content=\"500\" \/>\n\t<meta property=\"og:image:type\" content=\"image\/jpeg\" \/>\n<meta name=\"twitter:card\" content=\"summary_large_image\" \/>\n<meta name=\"twitter:label1\" content=\"Tiempo de lectura\" \/>\n\t<meta name=\"twitter:data1\" content=\"2 minutos\" \/>\n<script type=\"application\/ld+json\" class=\"yoast-schema-graph\">{\"@context\":\"https:\\\/\\\/schema.org\",\"@graph\":[{\"@type\":\"WebPage\",\"@id\":\"https:\\\/\\\/mivisioneyecare.com\\\/volunteer-organizations\\\/\",\"url\":\"https:\\\/\\\/mivisioneyecare.com\\\/volunteer-organizations\\\/\",\"name\":\"How We Give Back | San Antonio | Mi Vision Eye Care\",\"isPartOf\":{\"@id\":\"https:\\\/\\\/mivisioneyecare.com\\\/#website\"},\"datePublished\":\"2021-07-22T00:04:09+00:00\",\"dateModified\":\"2024-01-31T21:38:53+00:00\",\"description\":\"Learn more about how we give back to the community. Call Mi Vision Eye Care in San Antonio for an appointment!\",\"breadcrumb\":{\"@id\":\"https:\\\/\\\/mivisioneyecare.com\\\/volunteer-organizations\\\/#breadcrumb\"},\"inLanguage\":\"es\",\"potentialAction\":[{\"@type\":\"ReadAction\",\"target\":[\"https:\\\/\\\/mivisioneyecare.com\\\/volunteer-organizations\\\/\"]}]},{\"@type\":\"BreadcrumbList\",\"@id\":\"https:\\\/\\\/mivisioneyecare.com\\\/volunteer-organizations\\\/#breadcrumb\",\"itemListElement\":[{\"@type\":\"ListItem\",\"position\":1,\"name\":\"Portada\",\"item\":\"https:\\\/\\\/mivisioneyecare.com\\\/\"},{\"@type\":\"ListItem\",\"position\":2,\"name\":\"volunteer-organizations\"}]},{\"@type\":\"WebSite\",\"@id\":\"https:\\\/\\\/mivisioneyecare.com\\\/#website\",\"url\":\"https:\\\/\\\/mivisioneyecare.com\\\/\",\"name\":\"Mi Vision Eye Care\",\"description\":\"\",\"publisher\":{\"@id\":\"https:\\\/\\\/mivisioneyecare.com\\\/#organization\"},\"potentialAction\":[{\"@type\":\"SearchAction\",\"target\":{\"@type\":\"EntryPoint\",\"urlTemplate\":\"https:\\\/\\\/mivisioneyecare.com\\\/?s={search_term_string}\"},\"query-input\":{\"@type\":\"PropertyValueSpecification\",\"valueRequired\":true,\"valueName\":\"search_term_string\"}}],\"inLanguage\":\"es\"},{\"@type\":\"Organization\",\"@id\":\"https:\\\/\\\/mivisioneyecare.com\\\/#organization\",\"name\":\"Mi Vision Eye Care\",\"url\":\"https:\\\/\\\/mivisioneyecare.com\\\/\",\"logo\":{\"@type\":\"ImageObject\",\"inLanguage\":\"es\",\"@id\":\"https:\\\/\\\/mivisioneyecare.com\\\/#\\\/schema\\\/logo\\\/image\\\/\",\"url\":\"https:\\\/\\\/mivisioneyecare.com\\\/wp-content\\\/uploads\\\/2022\\\/04\\\/Logo-mi-vision-eye-care.jpg\",\"contentUrl\":\"https:\\\/\\\/mivisioneyecare.com\\\/wp-content\\\/uploads\\\/2022\\\/04\\\/Logo-mi-vision-eye-care.jpg\",\"width\":500,\"height\":500,\"caption\":\"Mi Vision Eye Care\"},\"image\":{\"@id\":\"https:\\\/\\\/mivisioneyecare.com\\\/#\\\/schema\\\/logo\\\/image\\\/\"},\"sameAs\":[\"https:\\\/\\\/www.facebook.com\\\/mivision2020\",\"https:\\\/\\\/www.instagram.com\\\/mivisioneyecare\\\/\",\"https:\\\/\\\/www.youtube.com\\\/channel\\\/UCRg--4BZMPV669U2v2CoY8w\"]}]}<\/script>\n<!-- \/ Yoast SEO Premium plugin. -->","yoast_head_json":{"title":"C\u00f3mo retribuimos | San Antonio | Cuidado de los ojos Mi Vision","description":"Obtenga m\u00e1s informaci\u00f3n sobre c\u00f3mo retribuimos a la comunidad. \u00a1Llame a Mi Vision Eye Care en San Antonio para programar una cita!","robots":{"index":"index","follow":"follow","max-snippet":"max-snippet:-1","max-image-preview":"max-image-preview:large","max-video-preview":"max-video-preview:-1"},"canonical":"https:\/\/mivisioneyecare.com\/es\/organizaciones-voluntarias\/","og_locale":"es_ES","og_type":"article","og_title":"volunteer-organizations","og_description":"Learn more about how we give back to the community. Call Mi Vision Eye Care in San Antonio for an appointment!","og_url":"https:\/\/mivisioneyecare.com\/es\/organizaciones-voluntarias\/","og_site_name":"Mi Vision Eye Care","article_publisher":"https:\/\/www.facebook.com\/mivision2020","article_modified_time":"2024-01-31T21:38:53+00:00","og_image":[{"width":500,"height":500,"url":"https:\/\/mivisioneyecare.com\/wp-content\/uploads\/2022\/04\/Logo-mi-vision-eye-care.jpg","type":"image\/jpeg"}],"twitter_card":"summary_large_image","twitter_misc":{"Tiempo de lectura":"2 minutos"},"schema":{"@context":"https:\/\/schema.org","@graph":[{"@type":"WebPage","@id":"https:\/\/mivisioneyecare.com\/volunteer-organizations\/","url":"https:\/\/mivisioneyecare.com\/volunteer-organizations\/","name":"C\u00f3mo retribuimos | San Antonio | Cuidado de los ojos Mi Vision","isPartOf":{"@id":"https:\/\/mivisioneyecare.com\/#website"},"datePublished":"2021-07-22T00:04:09+00:00","dateModified":"2024-01-31T21:38:53+00:00","description":"Obtenga m\u00e1s informaci\u00f3n sobre c\u00f3mo retribuimos a la comunidad. \u00a1Llame a Mi Vision Eye Care en San Antonio para programar una cita!","breadcrumb":{"@id":"https:\/\/mivisioneyecare.com\/volunteer-organizations\/#breadcrumb"},"inLanguage":"es","potentialAction":[{"@type":"ReadAction","target":["https:\/\/mivisioneyecare.com\/volunteer-organizations\/"]}]},{"@type":"BreadcrumbList","@id":"https:\/\/mivisioneyecare.com\/volunteer-organizations\/#breadcrumb","itemListElement":[{"@type":"ListItem","position":1,"name":"Portada","item":"https:\/\/mivisioneyecare.com\/"},{"@type":"ListItem","position":2,"name":"volunteer-organizations"}]},{"@type":"WebSite","@id":"https:\/\/mivisioneyecare.com\/#website","url":"https:\/\/mivisioneyecare.com\/","name":"Mi Vision Eye Care","description":"","publisher":{"@id":"https:\/\/mivisioneyecare.com\/#organization"},"potentialAction":[{"@type":"SearchAction","target":{"@type":"EntryPoint","urlTemplate":"https:\/\/mivisioneyecare.com\/?s={search_term_string}"},"query-input":{"@type":"PropertyValueSpecification","valueRequired":true,"valueName":"search_term_string"}}],"inLanguage":"es"},{"@type":"Organization","@id":"https:\/\/mivisioneyecare.com\/#organization","name":"Mi Vision Eye Care","url":"https:\/\/mivisioneyecare.com\/","logo":{"@type":"ImageObject","inLanguage":"es","@id":"https:\/\/mivisioneyecare.com\/#\/schema\/logo\/image\/","url":"https:\/\/mivisioneyecare.com\/wp-content\/uploads\/2022\/04\/Logo-mi-vision-eye-care.jpg","contentUrl":"https:\/\/mivisioneyecare.com\/wp-content\/uploads\/2022\/04\/Logo-mi-vision-eye-care.jpg","width":500,"height":500,"caption":"Mi Vision Eye Care"},"image":{"@id":"https:\/\/mivisioneyecare.com\/#\/schema\/logo\/image\/"},"sameAs":["https:\/\/www.facebook.com\/mivision2020","https:\/\/www.instagram.com\/mivisioneyecare\/","https:\/\/www.youtube.com\/channel\/UCRg--4BZMPV669U2v2CoY8w"]}]}},"_links":{"self":[{"href":"https:\/\/mivisioneyecare.com\/es\/wp-json\/wp\/v2\/pages\/730","targetHints":{"allow":["GET"]}}],"collection":[{"href":"https:\/\/mivisioneyecare.com\/es\/wp-json\/wp\/v2\/pages"}],"about":[{"href":"https:\/\/mivisioneyecare.com\/es\/wp-json\/wp\/v2\/types\/page"}],"author":[{"embeddable":true,"href":"https:\/\/mivisioneyecare.com\/es\/wp-json\/wp\/v2\/users\/1"}],"replies":[{"embeddable":true,"href":"https:\/\/mivisioneyecare.com\/es\/wp-json\/wp\/v2\/comments?post=730"}],"version-history":[{"count":0,"href":"https:\/\/mivisioneyecare.com\/es\/wp-json\/wp\/v2\/pages\/730\/revisions"}],"wp:attachment":[{"href":"https:\/\/mivisioneyecare.com\/es\/wp-json\/wp\/v2\/media?parent=730"}],"curies":[{"name":"wp","href":"https:\/\/api.w.org\/{rel}","templated":true}]}}