{"id":756,"date":"2021-07-22T00:24:42","date_gmt":"2021-07-22T00:24:42","guid":{"rendered":"https:\/\/mivisioneyecare.com\/?page_id=756"},"modified":"2024-05-22T21:12:29","modified_gmt":"2024-05-22T21:12:29","slug":"lentes-de-contacto","status":"publish","type":"page","link":"https:\/\/mivisioneyecare.com\/es\/lentes-de-contacto\/","title":{"rendered":"Ex\u00e1menes de lentes de contacto"},"content":{"rendered":"<div data-elementor-type=\"wp-page\" data-elementor-id=\"756\" class=\"elementor elementor-756\" data-elementor-post-type=\"page\">\n\t\t\t\t\t\t<section class=\"elementor-section elementor-top-section elementor-element elementor-element-e01979b elementor-section-height-min-height elementor-section-boxed elementor-section-height-default elementor-section-items-middle\" data-id=\"e01979b\" data-element_type=\"section\" data-e-type=\"section\" data-settings=\"{&quot;background_background&quot;:&quot;classic&quot;,&quot;shape_divider_top&quot;:&quot;opacity-fan&quot;}\">\n\t\t\t\t\t\t\t<div class=\"elementor-background-overlay\"><\/div>\n\t\t\t\t\t\t<div class=\"elementor-shape elementor-shape-top\" aria-hidden=\"true\" data-negative=\"false\">\n\t\t\t<svg xmlns=\"http:\/\/www.w3.org\/2000\/svg\" viewbox=\"0 0 283.5 19.6\" preserveaspectratio=\"none\">\n\t<path class=\"elementor-shape-fill\" style=\"opacity:0.33\" d=\"M0 0L0 18.8 141.8 4.1 283.5 18.8 283.5 0z\"\/>\n\t<path class=\"elementor-shape-fill\" style=\"opacity:0.33\" d=\"M0 0L0 12.6 141.8 4 283.5 12.6 283.5 0z\"\/>\n\t<path class=\"elementor-shape-fill\" style=\"opacity:0.33\" d=\"M0 0L0 6.4 141.8 4 283.5 6.4 283.5 0z\"\/>\n\t<path class=\"elementor-shape-fill\" d=\"M0 0L0 1.2 141.8 4 283.5 1.2 283.5 0z\"\/>\n<\/svg>\t\t<\/div>\n\t\t\t\t\t<div class=\"elementor-container elementor-column-gap-default\">\n\t\t\t\t\t<div class=\"elementor-column elementor-col-100 elementor-top-column elementor-element elementor-element-a1a1266\" data-id=\"a1a1266\" data-element_type=\"column\" data-e-type=\"column\">\n\t\t\t<div class=\"elementor-widget-wrap elementor-element-populated\">\n\t\t\t\t\t\t<div class=\"elementor-element elementor-element-aa40cbd elementor-widget__width-initial elementor-widget elementor-widget-heading\" data-id=\"aa40cbd\" data-element_type=\"widget\" data-e-type=\"widget\" data-widget_type=\"heading.default\">\n\t\t\t\t<div class=\"elementor-widget-container\">\n\t\t\t\t\t<h1 class=\"elementor-heading-title elementor-size-default\">Ex\u00e1menes de lentes de contacto<\/h1>\t\t\t\t<\/div>\n\t\t\t\t<\/div>\n\t\t\t\t\t<\/div>\n\t\t<\/div>\n\t\t\t\t\t<\/div>\n\t\t<\/section>\n\t\t\t\t<section class=\"elementor-section elementor-top-section elementor-element elementor-element-623e00b elementor-section-boxed elementor-section-height-default elementor-section-height-default\" data-id=\"623e00b\" data-element_type=\"section\" data-e-type=\"section\">\n\t\t\t\t\t\t<div class=\"elementor-container elementor-column-gap-default\">\n\t\t\t\t\t<div class=\"elementor-column elementor-col-100 elementor-top-column elementor-element elementor-element-f456842\" data-id=\"f456842\" data-element_type=\"column\" data-e-type=\"column\">\n\t\t\t<div class=\"elementor-widget-wrap elementor-element-populated\">\n\t\t\t\t\t\t<div class=\"elementor-element elementor-element-571d978 elementor-widget elementor-widget-heading\" data-id=\"571d978\" data-element_type=\"widget\" data-e-type=\"widget\" data-widget_type=\"heading.default\">\n\t\t\t\t<div class=\"elementor-widget-container\">\n\t\t\t\t\t<h1 class=\"elementor-heading-title elementor-size-default\">Ex\u00e1menes de lentes de contacto en San Antonio y marcas de primera calidad<\/h1>\t\t\t\t<\/div>\n\t\t\t\t<\/div>\n\t\t\t\t\t<\/div>\n\t\t<\/div>\n\t\t\t\t\t<\/div>\n\t\t<\/section>\n\t\t\t\t<section class=\"elementor-section elementor-top-section elementor-element elementor-element-ff4a04b elementor-section-boxed elementor-section-height-default elementor-section-height-default\" data-id=\"ff4a04b\" data-element_type=\"section\" data-e-type=\"section\">\n\t\t\t\t\t\t<div class=\"elementor-container elementor-column-gap-default\">\n\t\t\t\t\t<div class=\"elementor-column elementor-col-100 elementor-top-column elementor-element elementor-element-f5d512b\" data-id=\"f5d512b\" data-element_type=\"column\" data-e-type=\"column\">\n\t\t\t<div class=\"elementor-widget-wrap elementor-element-populated\">\n\t\t\t\t\t\t<div class=\"elementor-element elementor-element-3ae57e6 elementor-widget elementor-widget-text-editor\" data-id=\"3ae57e6\" data-element_type=\"widget\" data-e-type=\"widget\" data-widget_type=\"text-editor.default\">\n\t\t\t\t<div class=\"elementor-widget-container\">\n\t\t\t\t\t\t\t\t\t<p>\u00bfNecesita un examen de la vista para lentes de contacto el mismo d\u00eda?<\/p><p>Mi Vision Eye Care ofrece la selecci\u00f3n m\u00e1s amplia de lentes de contacto en San Antonio para satisfacer sus necesidades espec\u00edficas y las de su familia, incluidos lentes de contacto blandos, RGP, bifocales\/multifocales y m\u00e1s. tambi\u00e9n ofrecemos <a href=\"https:\/\/mivisioneyecare.com\/es\/lentes-de-contacto\/contactos-dificiles-de-ajustar-2\/\">contactos dif\u00edciles de ajustar<\/a> para astigmatismo, ojo seco y m\u00e1s.\u00a0<\/p><p>Tenemos una variedad de lentes de contacto en stock y tambi\u00e9n se proporcionar\u00e1n estuches y soluciones complementarias.<\/p><p><strong>Estamos orgullosos de ofrecer adaptaciones de lentes de contacto el mismo d\u00eda<\/strong> sin costo adicional para quienes usan lentes de contacto por primera vez. Tenemos el mismo precio: $149.00 para contactos esf\u00e9ricos de cualquier tipo, $169.00 para contactos t\u00f3ricos o bifocales. Es m\u00e1s, no hay impuestos adicionales ya que Mi Vision Eye Care es una pr\u00e1ctica de optometr\u00eda privada y exenta de impuestos en San Antonio.<\/p><p>Ya sea que necesite desechables diarios, semanales o mensuales o un examen local de lentes de contacto, \u00a1nuestro equipo \u00f3ptico profesional est\u00e1 aqu\u00ed para ayudarlo!<\/p>\t\t\t\t\t\t\t\t<\/div>\n\t\t\t\t<\/div>\n\t\t\t\t<div class=\"elementor-element elementor-element-86c1011 elementor-mobile-align-center elementor-align-center elementor-widget elementor-widget-button\" data-id=\"86c1011\" data-element_type=\"widget\" data-e-type=\"widget\" data-widget_type=\"button.default\">\n\t\t\t\t<div class=\"elementor-widget-container\">\n\t\t\t\t\t\t\t\t\t<div class=\"elementor-button-wrapper\">\n\t\t\t\t\t<a class=\"elementor-button elementor-button-link elementor-size-sm elementor-animation-shrink\" href=\"https:\/\/www.meetmarlo.com\/patient-registration\/00u47leh6mLZWtnne297\" target=\"_blank\" hreflang=\"en\">\n\t\t\t\t\t\t<span class=\"elementor-button-content-wrapper\">\n\t\t\t\t\t\t\t\t\t<span class=\"elementor-button-text\">SOLICITE CONTACTOS EN L\u00cdNEA<\/span>\n\t\t\t\t\t<\/span>\n\t\t\t\t\t<\/a>\n\t\t\t\t<\/div>\n\t\t\t\t\t\t\t\t<\/div>\n\t\t\t\t<\/div>\n\t\t\t\t<div class=\"elementor-element elementor-element-11781d2 elementor-widget elementor-widget-image\" data-id=\"11781d2\" data-element_type=\"widget\" data-e-type=\"widget\" data-widget_type=\"image.default\">\n\t\t\t\t<div class=\"elementor-widget-container\">\n\t\t\t\t\t\t\t\t\t\t\t\t\t\t\t<img fetchpriority=\"high\" decoding=\"async\" width=\"400\" height=\"400\" src=\"https:\/\/mivisioneyecare.com\/wp-content\/uploads\/2022\/08\/man-applying-his-contact-lens.jpg\" class=\"attachment-full size-full wp-image-6097\" alt=\"\" srcset=\"https:\/\/mivisioneyecare.com\/wp-content\/uploads\/2022\/08\/man-applying-his-contact-lens.jpg 400w, https:\/\/mivisioneyecare.com\/wp-content\/uploads\/2022\/08\/man-applying-his-contact-lens-300x300.jpg 300w, https:\/\/mivisioneyecare.com\/wp-content\/uploads\/2022\/08\/man-applying-his-contact-lens-150x150.jpg 150w, https:\/\/mivisioneyecare.com\/wp-content\/uploads\/2022\/08\/man-applying-his-contact-lens-12x12.jpg 12w\" sizes=\"(max-width: 400px) 100vw, 400px\" \/>\t\t\t\t\t\t\t\t\t\t\t\t\t\t\t<\/div>\n\t\t\t\t<\/div>\n\t\t\t\t<div class=\"elementor-element elementor-element-0cc8283 elementor-widget elementor-widget-text-editor\" data-id=\"0cc8283\" data-element_type=\"widget\" data-e-type=\"widget\" data-widget_type=\"text-editor.default\">\n\t\t\t\t<div class=\"elementor-widget-container\">\n\t\t\t\t\t\t\t\t\t<div class=\"vc_row wpb_row vc_row-fluid background-right vc_custom_1600854507564 vc_row-no-padding\" data-vc-full-width=\"true\" data-vc-full-width-init=\"true\" data-vc-stretch-content=\"true\"><div class=\"wpb_column vc_column_container vc_col-sm-12\"><div class=\"vc_column-inner\"><div class=\"wpb_wrapper\"><div class=\"columns_wrap sc_columns columns_nofluid sc_columns_count_2\"><div class=\"column-1_2 sc_column_item sc_column_item_1 odd first\"><div class=\"sc_section nopaddings teampage\"><div class=\"sc_section_inner\"><div class=\"sc_section_overlay\"><div class=\"sc_section_content padding_on\"><div class=\"sc_section_content_wrap\"><div class=\"sc_content content_wrap margin_top_small style_width_half style_position_right\"><div class=\"wpb_text_column wpb_content_element vc_custom_1600885109648\"><div class=\"wpb_wrapper\"><h3>Tipos de lentes de contacto que se ofrecen\u00a0<\/h3><p>Existen <a href=\"https:\/\/mivisioneyecare.com\/es\/lentes-de-contacto\/tipos-de-lentes-de-contacto\/\">muchos tipos de lentes de contacto<\/a> ofrecidos en Mi Vision, que incluyen lentes de contacto suaves, duros, de uso prolongado, desechables para astigmatismo y m\u00e1s.\u00a0<\/p><p>Disponemos de todo tipo de marcas que le gustan, desde <a href=\"https:\/\/www.acuvue.com\/\" target=\"_blank\" rel=\"noopener\">ACUVUE<\/a> y Air Optix, a DAILIES, <a href=\"https:\/\/coopervision.com\/\" target=\"_blank\" rel=\"noopener\">CooperVision<\/a> y Biofinity.<\/p><p>\u00bfNo se dio cuenta de que los lentes de contacto no son \u201cuna talla para todos\u201d? Tenemos una variedad de lentes de contacto cerca de usted que pueden adaptarse a muchos tipos diferentes de formas y tipos de ojos, incluidos lentes blandos y lentes dif\u00edciles de ajustar como lentes t\u00f3ricos (ideales para personas con astigmatismo).<\/p><p>\u00a0<\/p><p>En Mi Vision nos damos cuenta de que los anteojos no son la mejor opci\u00f3n para algunos pacientes y los lentes de contacto son preferibles para las necesidades de correcci\u00f3n de la visi\u00f3n como el astigmatismo, la hipermetrop\u00eda y la miop\u00eda por varias razones:<\/p><ul><li>Est\u00e9tica<\/li><li>Pasatiempos y deportes<\/li><li>Tareas ocupacionales<\/li><li>Visi\u00f3n mejorada: los lentes de contacto no se empa\u00f1an y algunas personas encuentran que los armazones y los lentes de los anteojos son perjudiciales en su campo de visi\u00f3n.<\/li><\/ul><h2>Ofrecemos accesorios para lentes de contacto el mismo d\u00eda en nuestro centro de cuidado de la vista de San Antonio<\/h2><p>Recomendamos que todo el mundo programe una <a href=\"https:\/\/www.aoa.org\/healthy-eyes\/caring-for-your-eyes\/eye-exams?sso=y\" target=\"_blank\" rel=\"noopener\">examen de la vista completo al menos cada uno o dos a\u00f1os<\/a>. Es un componente esencial para la atenci\u00f3n m\u00e9dica preventiva y puede ayudarlo a mantener una vista y una salud ocular de mayor calidad durante toda su vida, sin importar d\u00f3nde viva.<\/p><\/div><\/div><\/div><\/div><\/div><\/div><\/div><\/div><\/div><\/div><\/div><\/div><\/div><\/div><div class=\"vc_row wpb_row vc_row-fluid\"><div class=\"sec2-col wpb_column vc_column_container vc_col-sm-12\"><div class=\"vc_column-inner\"><div class=\"wpb_wrapper\"><div class=\"columns_wrap sc_columns columns_nofluid sc_columns_count_1 margin_top_null margin_bottom_huge\"><div class=\"column-1_1 sc_column_item sc_column_item_1 odd first\"><div class=\"wpb_text_column wpb_content_element\"><div class=\"wpb_wrapper\"><p>Pero si ha estado pensando en conseguir lentes de contacto cerca, nuestro <a href=\"https:\/\/mivisioneyecare.com\/es\/sobre-nosotros\/conocer-doctor-cuba\/\">Equipo de optometr\u00eda de San Antonio<\/a> tambi\u00e9n le recomienda encarecidamente que programe un examen de lentes de contacto. Este es el por qu\u00e9:<\/p><p>Durante un examen de lentes de contacto, nuestro opt\u00f3metra de San Antonio evaluar\u00e1 minuciosamente su visi\u00f3n y se asegurar\u00e1 de que su receta actual (si tiene una) sea precisa y est\u00e9 actualizada. Pero un examen de lentes de contacto va un paso m\u00e1s all\u00e1 de un examen de la vista de rutina. Es una oportunidad para que nuestro oculista utilice tecnolog\u00eda y t\u00e9cnicas especializadas para medir la superficie externa de sus ojos y evaluar si tiene alguna condici\u00f3n de salud ocular subyacente (como <a href=\"https:\/\/www.mayoclinic.org\/diseases-conditions\/dry-eyes\/symptoms-causes\/syc-20371863\" target=\"_blank\" rel=\"noopener\">ojo seco cr\u00f3nico<\/a> o alergias) que, de otro modo, podr\u00edan hacer que el uso normal de lentes de contacto sea inc\u00f3modo.<\/p><p>Si bien los lentes de contacto requieren un poco m\u00e1s de mantenimiento en comparaci\u00f3n con los anteojos, cuidarlos puede convertirse en una rutina tan simple como cepillarse los dientes. Incluso hemos ense\u00f1ado a los ni\u00f1os a ponerse, quitarse y limpiar sus lentes de contacto ... \u00a1y la capacidad de correcci\u00f3n de la visi\u00f3n es tan buena como las gafas!<\/p><h2>\u00bfNecesita contactos el mismo d\u00eda? \u00a1Llame a nuestro optometrista en San Antonio TX hoy!<\/h2><p>Programe hoy mismo su examen de lentes de contacto cerca de usted con nuestro experimentado optometrista de San Antonio, el Dr. Pedro Cuba. Tambi\u00e9n ofrecemos <a href=\"https:\/\/mivisioneyecare.com\/es\/gafas-el-mismo-dia-en-una-hora-2\/\">Servicio el mismo d\u00eda<\/a> para vasos. Mi Vision Eye Care est\u00e1 convenientemente ubicado en el Pa\u00eds de las Maravillas de las Am\u00e9ricas. Llame a nuestra cl\u00ednica de optometr\u00eda ahora al <a class=\"piwik_ignore\" href=\"tel:(210)%20923-2020\">(210) 923-2020<\/a>\u00a0para reservar tu cita!<\/p><\/div><\/div><\/div><\/div><\/div><\/div><\/div><\/div>\t\t\t\t\t\t\t\t<\/div>\n\t\t\t\t<\/div>\n\t\t\t\t<section class=\"elementor-section elementor-inner-section elementor-element elementor-element-09ba61b elementor-section-boxed elementor-section-height-default elementor-section-height-default\" data-id=\"09ba61b\" data-element_type=\"section\" data-e-type=\"section\">\n\t\t\t\t\t\t<div class=\"elementor-container elementor-column-gap-default\">\n\t\t\t\t\t<div class=\"elementor-column elementor-col-33 elementor-inner-column elementor-element elementor-element-de2ae1f\" data-id=\"de2ae1f\" data-element_type=\"column\" data-e-type=\"column\">\n\t\t\t<div class=\"elementor-widget-wrap\">\n\t\t\t\t\t\t\t<\/div>\n\t\t<\/div>\n\t\t\t\t<div class=\"elementor-column elementor-col-33 elementor-inner-column elementor-element elementor-element-819aeaa\" data-id=\"819aeaa\" data-element_type=\"column\" data-e-type=\"column\" data-settings=\"{&quot;background_background&quot;:&quot;classic&quot;}\">\n\t\t\t<div class=\"elementor-widget-wrap elementor-element-populated\">\n\t\t\t\t\t<div class=\"elementor-background-overlay\"><\/div>\n\t\t\t\t\t\t<div class=\"elementor-element elementor-element-931b1f9 elementor-mobile-align-center elementor-widget__width-auto elementor-widget elementor-widget-button\" data-id=\"931b1f9\" data-element_type=\"widget\" data-e-type=\"widget\" data-widget_type=\"button.default\">\n\t\t\t\t<div class=\"elementor-widget-container\">\n\t\t\t\t\t\t\t\t\t<div class=\"elementor-button-wrapper\">\n\t\t\t\t\t<a class=\"elementor-button elementor-button-link elementor-size-sm elementor-animation-shrink\" href=\"https:\/\/www.meetmarlo.com\/patient-registration\/00u47leh6mLZWtnne297\" target=\"_blank\" hreflang=\"en\">\n\t\t\t\t\t\t<span class=\"elementor-button-content-wrapper\">\n\t\t\t\t\t\t\t\t\t<span class=\"elementor-button-text\">SOLICITE CONTACTOS EN L\u00cdNEA<\/span>\n\t\t\t\t\t<\/span>\n\t\t\t\t\t<\/a>\n\t\t\t\t<\/div>\n\t\t\t\t\t\t\t\t<\/div>\n\t\t\t\t<\/div>\n\t\t\t\t\t<\/div>\n\t\t<\/div>\n\t\t\t\t<div class=\"elementor-column elementor-col-33 elementor-inner-column elementor-element elementor-element-f8fab1d\" data-id=\"f8fab1d\" data-element_type=\"column\" data-e-type=\"column\">\n\t\t\t<div class=\"elementor-widget-wrap\">\n\t\t\t\t\t\t\t<\/div>\n\t\t<\/div>\n\t\t\t\t\t<\/div>\n\t\t<\/section>\n\t\t\t\t\t<\/div>\n\t\t<\/div>\n\t\t\t\t\t<\/div>\n\t\t<\/section>\n\t\t\t\t<\/div>","protected":false},"excerpt":{"rendered":"<p>Contact Lens Exams San Antonio Contact Lens Exams &#038; Top Quality Brands Need an eye exam for contact lenses the same day? Mi Vision Eye Care offers the widest selection of contact lenses in San Antonio to meet you and your family&#8217;s specific needs, including soft contact lenses, RGP, bifocal\/multifocal, and more. We also offer [&hellip;]<\/p>\n","protected":false},"author":1,"featured_media":0,"parent":0,"menu_order":0,"comment_status":"closed","ping_status":"closed","template":"elementor_header_footer","meta":{"footnotes":""},"class_list":["post-756","page","type-page","status-publish","hentry"],"yoast_head":"<!-- This site is optimized with the Yoast SEO Premium plugin v27.3 (Yoast SEO v27.3) - https:\/\/yoast.com\/product\/yoast-seo-premium-wordpress\/ -->\n<title>Same Day Contact Lenses San Antonio | 20% Off | Mi Vision<\/title>\n<meta name=\"description\" content=\"We offer same day contact lenses in San Antonio for Soft, Toric, Multifocal and Color Contacts &amp; more. 20% OFF if you call or book online.\" \/>\n<meta name=\"robots\" content=\"index, follow, max-snippet:-1, max-image-preview:large, max-video-preview:-1\" \/>\n<link rel=\"canonical\" href=\"https:\/\/mivisioneyecare.com\/es\/lentes-de-contacto\/\" \/>\n<meta property=\"og:locale\" content=\"es_ES\" \/>\n<meta property=\"og:type\" content=\"article\" \/>\n<meta property=\"og:title\" content=\"Contact-lens-exams\" \/>\n<meta property=\"og:description\" content=\"We offer same day contact lenses in San Antonio for Soft, Toric, Multifocal and Color Contacts &amp; more. 20% OFF if you call or book online.\" \/>\n<meta property=\"og:url\" content=\"https:\/\/mivisioneyecare.com\/es\/lentes-de-contacto\/\" \/>\n<meta property=\"og:site_name\" content=\"Mi Vision Eye Care\" \/>\n<meta property=\"article:publisher\" content=\"https:\/\/www.facebook.com\/mivision2020\" \/>\n<meta property=\"article:modified_time\" content=\"2024-05-22T21:12:29+00:00\" \/>\n<meta property=\"og:image\" content=\"https:\/\/mivisioneyecare.com\/wp-content\/uploads\/2022\/08\/man-applying-his-contact-lens.jpg\" \/>\n<meta name=\"twitter:card\" content=\"summary_large_image\" \/>\n<meta name=\"twitter:label1\" content=\"Tiempo de lectura\" \/>\n\t<meta name=\"twitter:data1\" content=\"3 minutos\" \/>\n<script type=\"application\/ld+json\" class=\"yoast-schema-graph\">{\"@context\":\"https:\\\/\\\/schema.org\",\"@graph\":[{\"@type\":\"WebPage\",\"@id\":\"https:\\\/\\\/mivisioneyecare.com\\\/contact-lenses\\\/\",\"url\":\"https:\\\/\\\/mivisioneyecare.com\\\/contact-lenses\\\/\",\"name\":\"Same Day Contact Lenses San Antonio | 20% Off | Mi Vision\",\"isPartOf\":{\"@id\":\"https:\\\/\\\/mivisioneyecare.com\\\/#website\"},\"primaryImageOfPage\":{\"@id\":\"https:\\\/\\\/mivisioneyecare.com\\\/contact-lenses\\\/#primaryimage\"},\"image\":{\"@id\":\"https:\\\/\\\/mivisioneyecare.com\\\/contact-lenses\\\/#primaryimage\"},\"thumbnailUrl\":\"https:\\\/\\\/mivisioneyecare.com\\\/wp-content\\\/uploads\\\/2022\\\/08\\\/man-applying-his-contact-lens.jpg\",\"datePublished\":\"2021-07-22T00:24:42+00:00\",\"dateModified\":\"2024-05-22T21:12:29+00:00\",\"description\":\"We offer same day contact lenses in San Antonio for Soft, Toric, Multifocal and Color Contacts & more. 20% OFF if you call or book online.\",\"breadcrumb\":{\"@id\":\"https:\\\/\\\/mivisioneyecare.com\\\/contact-lenses\\\/#breadcrumb\"},\"inLanguage\":\"es\",\"potentialAction\":[{\"@type\":\"ReadAction\",\"target\":[\"https:\\\/\\\/mivisioneyecare.com\\\/contact-lenses\\\/\"]}]},{\"@type\":\"ImageObject\",\"inLanguage\":\"es\",\"@id\":\"https:\\\/\\\/mivisioneyecare.com\\\/contact-lenses\\\/#primaryimage\",\"url\":\"https:\\\/\\\/mivisioneyecare.com\\\/wp-content\\\/uploads\\\/2022\\\/08\\\/man-applying-his-contact-lens.jpg\",\"contentUrl\":\"https:\\\/\\\/mivisioneyecare.com\\\/wp-content\\\/uploads\\\/2022\\\/08\\\/man-applying-his-contact-lens.jpg\"},{\"@type\":\"BreadcrumbList\",\"@id\":\"https:\\\/\\\/mivisioneyecare.com\\\/contact-lenses\\\/#breadcrumb\",\"itemListElement\":[{\"@type\":\"ListItem\",\"position\":1,\"name\":\"Portada\",\"item\":\"https:\\\/\\\/mivisioneyecare.com\\\/\"},{\"@type\":\"ListItem\",\"position\":2,\"name\":\"Contact-lens-exams\"}]},{\"@type\":\"WebSite\",\"@id\":\"https:\\\/\\\/mivisioneyecare.com\\\/#website\",\"url\":\"https:\\\/\\\/mivisioneyecare.com\\\/\",\"name\":\"Mi Vision Eye Care\",\"description\":\"\",\"publisher\":{\"@id\":\"https:\\\/\\\/mivisioneyecare.com\\\/#organization\"},\"potentialAction\":[{\"@type\":\"SearchAction\",\"target\":{\"@type\":\"EntryPoint\",\"urlTemplate\":\"https:\\\/\\\/mivisioneyecare.com\\\/?s={search_term_string}\"},\"query-input\":{\"@type\":\"PropertyValueSpecification\",\"valueRequired\":true,\"valueName\":\"search_term_string\"}}],\"inLanguage\":\"es\"},{\"@type\":\"Organization\",\"@id\":\"https:\\\/\\\/mivisioneyecare.com\\\/#organization\",\"name\":\"Mi Vision Eye Care\",\"url\":\"https:\\\/\\\/mivisioneyecare.com\\\/\",\"logo\":{\"@type\":\"ImageObject\",\"inLanguage\":\"es\",\"@id\":\"https:\\\/\\\/mivisioneyecare.com\\\/#\\\/schema\\\/logo\\\/image\\\/\",\"url\":\"https:\\\/\\\/mivisioneyecare.com\\\/wp-content\\\/uploads\\\/2022\\\/04\\\/Logo-mi-vision-eye-care.jpg\",\"contentUrl\":\"https:\\\/\\\/mivisioneyecare.com\\\/wp-content\\\/uploads\\\/2022\\\/04\\\/Logo-mi-vision-eye-care.jpg\",\"width\":500,\"height\":500,\"caption\":\"Mi Vision Eye Care\"},\"image\":{\"@id\":\"https:\\\/\\\/mivisioneyecare.com\\\/#\\\/schema\\\/logo\\\/image\\\/\"},\"sameAs\":[\"https:\\\/\\\/www.facebook.com\\\/mivision2020\",\"https:\\\/\\\/www.instagram.com\\\/mivisioneyecare\\\/\",\"https:\\\/\\\/www.youtube.com\\\/channel\\\/UCRg--4BZMPV669U2v2CoY8w\"]}]}<\/script>\n<!-- \/ Yoast SEO Premium plugin. -->","yoast_head_json":{"title":"Lentes de contacto para el mismo d\u00eda San Antonio | 20% Apagado | Mi visi\u00f3n","description":"Ofrecemos lentes de contacto el mismo d\u00eda en San Antonio para lentillas blandas, t\u00f3ricas, multifocales y de color y m\u00e1s. 20% APAGADO si llama o reserva en l\u00ednea.","robots":{"index":"index","follow":"follow","max-snippet":"max-snippet:-1","max-image-preview":"max-image-preview:large","max-video-preview":"max-video-preview:-1"},"canonical":"https:\/\/mivisioneyecare.com\/es\/lentes-de-contacto\/","og_locale":"es_ES","og_type":"article","og_title":"Contact-lens-exams","og_description":"We offer same day contact lenses in San Antonio for Soft, Toric, Multifocal and Color Contacts & more. 20% OFF if you call or book online.","og_url":"https:\/\/mivisioneyecare.com\/es\/lentes-de-contacto\/","og_site_name":"Mi Vision Eye Care","article_publisher":"https:\/\/www.facebook.com\/mivision2020","article_modified_time":"2024-05-22T21:12:29+00:00","og_image":[{"url":"https:\/\/mivisioneyecare.com\/wp-content\/uploads\/2022\/08\/man-applying-his-contact-lens.jpg","type":"","width":"","height":""}],"twitter_card":"summary_large_image","twitter_misc":{"Tiempo de lectura":"3 minutos"},"schema":{"@context":"https:\/\/schema.org","@graph":[{"@type":"WebPage","@id":"https:\/\/mivisioneyecare.com\/contact-lenses\/","url":"https:\/\/mivisioneyecare.com\/contact-lenses\/","name":"Lentes de contacto para el mismo d\u00eda San Antonio | 20% Apagado | Mi visi\u00f3n","isPartOf":{"@id":"https:\/\/mivisioneyecare.com\/#website"},"primaryImageOfPage":{"@id":"https:\/\/mivisioneyecare.com\/contact-lenses\/#primaryimage"},"image":{"@id":"https:\/\/mivisioneyecare.com\/contact-lenses\/#primaryimage"},"thumbnailUrl":"https:\/\/mivisioneyecare.com\/wp-content\/uploads\/2022\/08\/man-applying-his-contact-lens.jpg","datePublished":"2021-07-22T00:24:42+00:00","dateModified":"2024-05-22T21:12:29+00:00","description":"Ofrecemos lentes de contacto el mismo d\u00eda en San Antonio para lentillas blandas, t\u00f3ricas, multifocales y de color y m\u00e1s. 20% APAGADO si llama o reserva en l\u00ednea.","breadcrumb":{"@id":"https:\/\/mivisioneyecare.com\/contact-lenses\/#breadcrumb"},"inLanguage":"es","potentialAction":[{"@type":"ReadAction","target":["https:\/\/mivisioneyecare.com\/contact-lenses\/"]}]},{"@type":"ImageObject","inLanguage":"es","@id":"https:\/\/mivisioneyecare.com\/contact-lenses\/#primaryimage","url":"https:\/\/mivisioneyecare.com\/wp-content\/uploads\/2022\/08\/man-applying-his-contact-lens.jpg","contentUrl":"https:\/\/mivisioneyecare.com\/wp-content\/uploads\/2022\/08\/man-applying-his-contact-lens.jpg"},{"@type":"BreadcrumbList","@id":"https:\/\/mivisioneyecare.com\/contact-lenses\/#breadcrumb","itemListElement":[{"@type":"ListItem","position":1,"name":"Portada","item":"https:\/\/mivisioneyecare.com\/"},{"@type":"ListItem","position":2,"name":"Contact-lens-exams"}]},{"@type":"WebSite","@id":"https:\/\/mivisioneyecare.com\/#website","url":"https:\/\/mivisioneyecare.com\/","name":"Mi Vision Eye Care","description":"","publisher":{"@id":"https:\/\/mivisioneyecare.com\/#organization"},"potentialAction":[{"@type":"SearchAction","target":{"@type":"EntryPoint","urlTemplate":"https:\/\/mivisioneyecare.com\/?s={search_term_string}"},"query-input":{"@type":"PropertyValueSpecification","valueRequired":true,"valueName":"search_term_string"}}],"inLanguage":"es"},{"@type":"Organization","@id":"https:\/\/mivisioneyecare.com\/#organization","name":"Mi Vision Eye Care","url":"https:\/\/mivisioneyecare.com\/","logo":{"@type":"ImageObject","inLanguage":"es","@id":"https:\/\/mivisioneyecare.com\/#\/schema\/logo\/image\/","url":"https:\/\/mivisioneyecare.com\/wp-content\/uploads\/2022\/04\/Logo-mi-vision-eye-care.jpg","contentUrl":"https:\/\/mivisioneyecare.com\/wp-content\/uploads\/2022\/04\/Logo-mi-vision-eye-care.jpg","width":500,"height":500,"caption":"Mi Vision Eye Care"},"image":{"@id":"https:\/\/mivisioneyecare.com\/#\/schema\/logo\/image\/"},"sameAs":["https:\/\/www.facebook.com\/mivision2020","https:\/\/www.instagram.com\/mivisioneyecare\/","https:\/\/www.youtube.com\/channel\/UCRg--4BZMPV669U2v2CoY8w"]}]}},"_links":{"self":[{"href":"https:\/\/mivisioneyecare.com\/es\/wp-json\/wp\/v2\/pages\/756","targetHints":{"allow":["GET"]}}],"collection":[{"href":"https:\/\/mivisioneyecare.com\/es\/wp-json\/wp\/v2\/pages"}],"about":[{"href":"https:\/\/mivisioneyecare.com\/es\/wp-json\/wp\/v2\/types\/page"}],"author":[{"embeddable":true,"href":"https:\/\/mivisioneyecare.com\/es\/wp-json\/wp\/v2\/users\/1"}],"replies":[{"embeddable":true,"href":"https:\/\/mivisioneyecare.com\/es\/wp-json\/wp\/v2\/comments?post=756"}],"version-history":[{"count":0,"href":"https:\/\/mivisioneyecare.com\/es\/wp-json\/wp\/v2\/pages\/756\/revisions"}],"wp:attachment":[{"href":"https:\/\/mivisioneyecare.com\/es\/wp-json\/wp\/v2\/media?parent=756"}],"curies":[{"name":"wp","href":"https:\/\/api.w.org\/{rel}","templated":true}]}}