{"id":879,"date":"2021-07-27T01:21:21","date_gmt":"2021-07-27T01:21:21","guid":{"rendered":"https:\/\/mivisioneyecare.com\/?page_id=879"},"modified":"2023-10-27T22:57:43","modified_gmt":"2023-10-27T22:57:43","slug":"politicas-opticas","status":"publish","type":"page","link":"https:\/\/mivisioneyecare.com\/es\/politicas-opticas\/","title":{"rendered":"Pol\u00edticas-\u00f3pticas"},"content":{"rendered":"<div data-elementor-type=\"wp-page\" data-elementor-id=\"879\" class=\"elementor elementor-879\" data-elementor-post-type=\"page\">\n\t\t\t\t\t\t<section class=\"elementor-section elementor-top-section elementor-element elementor-element-2739653 elementor-section-height-min-height elementor-section-boxed elementor-section-height-default elementor-section-items-middle\" data-id=\"2739653\" data-element_type=\"section\" data-e-type=\"section\" data-settings=\"{&quot;background_background&quot;:&quot;classic&quot;,&quot;shape_divider_top&quot;:&quot;opacity-fan&quot;}\">\n\t\t\t\t\t\t\t<div class=\"elementor-background-overlay\"><\/div>\n\t\t\t\t\t\t<div class=\"elementor-shape elementor-shape-top\" aria-hidden=\"true\" data-negative=\"false\">\n\t\t\t<svg xmlns=\"http:\/\/www.w3.org\/2000\/svg\" viewbox=\"0 0 283.5 19.6\" preserveaspectratio=\"none\">\n\t<path class=\"elementor-shape-fill\" style=\"opacity:0.33\" d=\"M0 0L0 18.8 141.8 4.1 283.5 18.8 283.5 0z\"\/>\n\t<path class=\"elementor-shape-fill\" style=\"opacity:0.33\" d=\"M0 0L0 12.6 141.8 4 283.5 12.6 283.5 0z\"\/>\n\t<path class=\"elementor-shape-fill\" style=\"opacity:0.33\" d=\"M0 0L0 6.4 141.8 4 283.5 6.4 283.5 0z\"\/>\n\t<path class=\"elementor-shape-fill\" d=\"M0 0L0 1.2 141.8 4 283.5 1.2 283.5 0z\"\/>\n<\/svg>\t\t<\/div>\n\t\t\t\t\t<div class=\"elementor-container elementor-column-gap-default\">\n\t\t\t\t\t<div class=\"elementor-column elementor-col-100 elementor-top-column elementor-element elementor-element-41c03ce\" data-id=\"41c03ce\" data-element_type=\"column\" data-e-type=\"column\">\n\t\t\t<div class=\"elementor-widget-wrap elementor-element-populated\">\n\t\t\t\t\t\t<div class=\"elementor-element elementor-element-f6dec92 elementor-widget__width-initial elementor-widget elementor-widget-heading\" data-id=\"f6dec92\" data-element_type=\"widget\" data-e-type=\"widget\" data-widget_type=\"heading.default\">\n\t\t\t\t<div class=\"elementor-widget-container\">\n\t\t\t\t\t<h1 class=\"elementor-heading-title elementor-size-default\">Pol\u00edticas \u00f3pticas<\/h1>\t\t\t\t<\/div>\n\t\t\t\t<\/div>\n\t\t\t\t\t<\/div>\n\t\t<\/div>\n\t\t\t\t\t<\/div>\n\t\t<\/section>\n\t\t\t\t<section class=\"elementor-section elementor-top-section elementor-element elementor-element-bcc8919 elementor-section-boxed elementor-section-height-default elementor-section-height-default\" data-id=\"bcc8919\" data-element_type=\"section\" data-e-type=\"section\">\n\t\t\t\t\t\t<div class=\"elementor-container elementor-column-gap-default\">\n\t\t\t\t\t<div class=\"elementor-column elementor-col-100 elementor-top-column elementor-element elementor-element-191fbd5\" data-id=\"191fbd5\" data-element_type=\"column\" data-e-type=\"column\">\n\t\t\t<div class=\"elementor-widget-wrap elementor-element-populated\">\n\t\t\t\t\t\t<div class=\"elementor-element elementor-element-3729128 elementor-widget elementor-widget-heading\" data-id=\"3729128\" data-element_type=\"widget\" data-e-type=\"widget\" data-widget_type=\"heading.default\">\n\t\t\t\t<div class=\"elementor-widget-container\">\n\t\t\t\t\t<h2 class=\"elementor-heading-title elementor-size-default\">Garant\u00eda y pol\u00edticas<\/h2>\t\t\t\t<\/div>\n\t\t\t\t<\/div>\n\t\t\t\t<div class=\"elementor-element elementor-element-6fa7f59 elementor-widget elementor-widget-text-editor\" data-id=\"6fa7f59\" data-element_type=\"widget\" data-e-type=\"widget\" data-widget_type=\"text-editor.default\">\n\t\t\t\t<div class=\"elementor-widget-container\">\n\t\t\t\t\t\t\t\t\t<p><strong>Marcos\u00a0<\/strong><\/p><p>* Los marcos de actualizaci\u00f3n con un valor superior a $125 est\u00e1n garantizados contra ** defectos de mano de obra \/ fabricante por un per\u00edodo de un a\u00f1o a partir de la fecha de compra y ser\u00e1n reemplazados por el mismo art\u00edculo o uno similar de igual o menor valor. Esto no incluye marcos de paquete valorados en $125 o menos. Los da\u00f1os del fabricante no incluyen roturas ni p\u00e9rdidas. Los marcos no defectuosos se pueden cambiar por cr\u00e9dito completo una vez para la satisfacci\u00f3n del paciente hasta 3 d\u00edas a partir de la fecha de recogida. Se aplican tarifas de lentes. Consulte \u00d3ptica para obtener m\u00e1s detalles.<\/p><p><strong> *** Lentes recetados<\/strong>- no se puede devolver para cr\u00e9dito \/ reembolso. Pueden aplicarse garant\u00edas e intercambios.<\/p><p><strong> *** Progresivos no adaptados-<\/strong> Todas las lentes de adici\u00f3n progresiva (tambi\u00e9n llamadas multifocales invisibles o sin l\u00ednea) tienen una ligera distorsi\u00f3n \u00f3ptica en las partes externas de la lente, lo que puede hacer que algunos objetos parezcan arqueados o curvados, o puede causar una sensaci\u00f3n de movimiento cuando se gira la cabeza. La zona de lectura en lentes progresivos es lo suficientemente amplia para la mayor\u00eda de los prop\u00f3sitos, pero puede ser m\u00e1s estrecha que en algunos otros estilos bifocales. Estos factores suelen ser menores y desaparecen con el desgaste. Las ventajas de esta lente generalmente superan con creces los problemas. Si bien a la mayor\u00eda de las personas no les molestan estos factores, algunos lo encontrar\u00e1n inaceptable incluso despu\u00e9s de un per\u00edodo de adaptaci\u00f3n de 1 a 2 semanas. Si no puede adaptarse a los lentes de adici\u00f3n progresiva, nuestra oficina fabricar\u00e1 lentes nuevos en una visi\u00f3n bifocal o monofocal sin cargo, dentro de los 30 d\u00edas posteriores a la dispensaci\u00f3n. Dado que los lentes originales eran un art\u00edculo de prescripci\u00f3n personalizada, que debe desecharse, no hay reembolsos de la diferencia en el costo si el par rehecho es de menor valor. <strong>Los ara\u00f1azos y la fatiga por un abuso evidente no se consideran defectos.\u00a0 <\/strong><\/p><p><strong>*** Recubrimientos antirreflejos<\/strong>\u00a0est\u00e1n garantizados una vez sin costo para el cliente por un per\u00edodo de un a\u00f1o a partir de la fecha de dispensaci\u00f3n por fallas en el revestimiento, incluido el pelado y el agrietamiento si se selecciona un antirreflectante de nivel 2. No incluye rayado.<\/p><p><strong>*** Pol\u00edtica de cancelaci\u00f3n <\/strong><\/p><p>En caso de que desee cancelar su pedido, debe hacerlo antes del cierre de operaciones el d\u00eda del pedido para recibir un reembolso completo. Todos los costos incurridos una vez que se haya iniciado un pedido de prescripci\u00f3n en el laboratorio, ya sea que se complete o no, ser\u00e1n responsabilidad del cliente, por lo tanto, es posible que no sean elegibles para reembolso.<\/p><p><strong>*** Cambios en las recetas m\u00e9dicas <\/strong><\/p><p>Se aceptar\u00e1 un cambio de Dr. interno durante un per\u00edodo de 30 d\u00edas a partir de la fecha del pedido sin costo alguno. Los costos asociados con cambios distintos a la prescripci\u00f3n ser\u00e1n responsabilidad del cliente. Los cambios subsiguientes se realizar\u00e1n al 50% del costo original a menos que se indique lo contrario en la receta. *** Los cambios externos al Dr. deben realizarse dentro de los 30 d\u00edas a 50% Los costos son responsabilidad del cliente.<\/p><p><strong>Si tiene seguro, permita la entrega de los pedidos de 7 a 14 d\u00edas h\u00e1biles.<\/strong><\/p><p><strong> El tiempo normal de procesamiento para el pago por cuenta propia es de 3 a 10 d\u00edas h\u00e1biles.<\/strong><\/p>\t\t\t\t\t\t\t\t<\/div>\n\t\t\t\t<\/div>\n\t\t\t\t\t<\/div>\n\t\t<\/div>\n\t\t\t\t\t<\/div>\n\t\t<\/section>\n\t\t\t\t<\/div>","protected":false},"excerpt":{"rendered":"<p>Optical Policies Warranty and Policies Frames\u00a0 *Upgrade frames valued over $125 are warranted against **defects in workmanship\/manufacturer for a period of one year from date of purchase and will be replaced with the same or like item equal or lesser value. This does not include package frames valued at $125 or under. Manufacturer damage does [&hellip;]<\/p>\n","protected":false},"author":1,"featured_media":0,"parent":0,"menu_order":0,"comment_status":"closed","ping_status":"closed","template":"elementor_header_footer","meta":{"footnotes":""},"class_list":["post-879","page","type-page","status-publish","hentry"],"yoast_head":"<!-- This site is optimized with the Yoast SEO Premium plugin v27.3 (Yoast SEO v27.3) - https:\/\/yoast.com\/product\/yoast-seo-premium-wordpress\/ -->\n<title>Optical Policies | San Antonio | Mi Vision Eye Care<\/title>\n<meta name=\"description\" content=\"Read about our optical policies at our eye care center in San Antonio. Learn more &amp; call us today for an appointment!\" \/>\n<meta name=\"robots\" content=\"index, follow, max-snippet:-1, max-image-preview:large, max-video-preview:-1\" \/>\n<link rel=\"canonical\" href=\"https:\/\/mivisioneyecare.com\/es\/politicas-opticas\/\" \/>\n<meta property=\"og:locale\" content=\"es_ES\" \/>\n<meta property=\"og:type\" content=\"article\" \/>\n<meta property=\"og:title\" content=\"Optical-policies\" \/>\n<meta property=\"og:description\" content=\"Read about our optical policies at our eye care center in San Antonio. Learn more &amp; call us today for an appointment!\" \/>\n<meta property=\"og:url\" content=\"https:\/\/mivisioneyecare.com\/es\/politicas-opticas\/\" \/>\n<meta property=\"og:site_name\" content=\"Mi Vision Eye Care\" \/>\n<meta property=\"article:publisher\" content=\"https:\/\/www.facebook.com\/mivision2020\" \/>\n<meta property=\"article:modified_time\" content=\"2023-10-27T22:57:43+00:00\" \/>\n<meta property=\"og:image\" content=\"https:\/\/mivisioneyecare.com\/wp-content\/uploads\/2022\/04\/Logo-mi-vision-eye-care.jpg\" \/>\n\t<meta property=\"og:image:width\" content=\"500\" \/>\n\t<meta property=\"og:image:height\" content=\"500\" \/>\n\t<meta property=\"og:image:type\" content=\"image\/jpeg\" \/>\n<meta name=\"twitter:card\" content=\"summary_large_image\" \/>\n<meta name=\"twitter:label1\" content=\"Tiempo de lectura\" \/>\n\t<meta name=\"twitter:data1\" content=\"3 minutos\" \/>\n<script type=\"application\/ld+json\" class=\"yoast-schema-graph\">{\"@context\":\"https:\\\/\\\/schema.org\",\"@graph\":[{\"@type\":\"WebPage\",\"@id\":\"https:\\\/\\\/mivisioneyecare.com\\\/optical-policies\\\/\",\"url\":\"https:\\\/\\\/mivisioneyecare.com\\\/optical-policies\\\/\",\"name\":\"Optical Policies | San Antonio | Mi Vision Eye Care\",\"isPartOf\":{\"@id\":\"https:\\\/\\\/mivisioneyecare.com\\\/#website\"},\"datePublished\":\"2021-07-27T01:21:21+00:00\",\"dateModified\":\"2023-10-27T22:57:43+00:00\",\"description\":\"Read about our optical policies at our eye care center in San Antonio. Learn more & call us today for an appointment!\",\"breadcrumb\":{\"@id\":\"https:\\\/\\\/mivisioneyecare.com\\\/optical-policies\\\/#breadcrumb\"},\"inLanguage\":\"es\",\"potentialAction\":[{\"@type\":\"ReadAction\",\"target\":[\"https:\\\/\\\/mivisioneyecare.com\\\/optical-policies\\\/\"]}]},{\"@type\":\"BreadcrumbList\",\"@id\":\"https:\\\/\\\/mivisioneyecare.com\\\/optical-policies\\\/#breadcrumb\",\"itemListElement\":[{\"@type\":\"ListItem\",\"position\":1,\"name\":\"Portada\",\"item\":\"https:\\\/\\\/mivisioneyecare.com\\\/\"},{\"@type\":\"ListItem\",\"position\":2,\"name\":\"Optical-policies\"}]},{\"@type\":\"WebSite\",\"@id\":\"https:\\\/\\\/mivisioneyecare.com\\\/#website\",\"url\":\"https:\\\/\\\/mivisioneyecare.com\\\/\",\"name\":\"Mi Vision Eye Care\",\"description\":\"\",\"publisher\":{\"@id\":\"https:\\\/\\\/mivisioneyecare.com\\\/#organization\"},\"potentialAction\":[{\"@type\":\"SearchAction\",\"target\":{\"@type\":\"EntryPoint\",\"urlTemplate\":\"https:\\\/\\\/mivisioneyecare.com\\\/?s={search_term_string}\"},\"query-input\":{\"@type\":\"PropertyValueSpecification\",\"valueRequired\":true,\"valueName\":\"search_term_string\"}}],\"inLanguage\":\"es\"},{\"@type\":\"Organization\",\"@id\":\"https:\\\/\\\/mivisioneyecare.com\\\/#organization\",\"name\":\"Mi Vision Eye Care\",\"url\":\"https:\\\/\\\/mivisioneyecare.com\\\/\",\"logo\":{\"@type\":\"ImageObject\",\"inLanguage\":\"es\",\"@id\":\"https:\\\/\\\/mivisioneyecare.com\\\/#\\\/schema\\\/logo\\\/image\\\/\",\"url\":\"https:\\\/\\\/mivisioneyecare.com\\\/wp-content\\\/uploads\\\/2022\\\/04\\\/Logo-mi-vision-eye-care.jpg\",\"contentUrl\":\"https:\\\/\\\/mivisioneyecare.com\\\/wp-content\\\/uploads\\\/2022\\\/04\\\/Logo-mi-vision-eye-care.jpg\",\"width\":500,\"height\":500,\"caption\":\"Mi Vision Eye Care\"},\"image\":{\"@id\":\"https:\\\/\\\/mivisioneyecare.com\\\/#\\\/schema\\\/logo\\\/image\\\/\"},\"sameAs\":[\"https:\\\/\\\/www.facebook.com\\\/mivision2020\",\"https:\\\/\\\/www.instagram.com\\\/mivisioneyecare\\\/\",\"https:\\\/\\\/www.youtube.com\\\/channel\\\/UCRg--4BZMPV669U2v2CoY8w\"]}]}<\/script>\n<!-- \/ Yoast SEO Premium plugin. -->","yoast_head_json":{"title":"Pol\u00edticas \u00f3pticas | San Antonio | Cuidado de los ojos Mi Vision","description":"Lea sobre nuestras pol\u00edticas \u00f3pticas en nuestro centro de atenci\u00f3n oftalmol\u00f3gica en San Antonio. Obtenga m\u00e1s informaci\u00f3n y ll\u00e1menos hoy para una cita.","robots":{"index":"index","follow":"follow","max-snippet":"max-snippet:-1","max-image-preview":"max-image-preview:large","max-video-preview":"max-video-preview:-1"},"canonical":"https:\/\/mivisioneyecare.com\/es\/politicas-opticas\/","og_locale":"es_ES","og_type":"article","og_title":"Optical-policies","og_description":"Read about our optical policies at our eye care center in San Antonio. Learn more & call us today for an appointment!","og_url":"https:\/\/mivisioneyecare.com\/es\/politicas-opticas\/","og_site_name":"Mi Vision Eye Care","article_publisher":"https:\/\/www.facebook.com\/mivision2020","article_modified_time":"2023-10-27T22:57:43+00:00","og_image":[{"width":500,"height":500,"url":"https:\/\/mivisioneyecare.com\/wp-content\/uploads\/2022\/04\/Logo-mi-vision-eye-care.jpg","type":"image\/jpeg"}],"twitter_card":"summary_large_image","twitter_misc":{"Tiempo de lectura":"3 minutos"},"schema":{"@context":"https:\/\/schema.org","@graph":[{"@type":"WebPage","@id":"https:\/\/mivisioneyecare.com\/optical-policies\/","url":"https:\/\/mivisioneyecare.com\/optical-policies\/","name":"Pol\u00edticas \u00f3pticas | San Antonio | Cuidado de los ojos Mi Vision","isPartOf":{"@id":"https:\/\/mivisioneyecare.com\/#website"},"datePublished":"2021-07-27T01:21:21+00:00","dateModified":"2023-10-27T22:57:43+00:00","description":"Lea sobre nuestras pol\u00edticas \u00f3pticas en nuestro centro de atenci\u00f3n oftalmol\u00f3gica en San Antonio. Obtenga m\u00e1s informaci\u00f3n y ll\u00e1menos hoy para una cita.","breadcrumb":{"@id":"https:\/\/mivisioneyecare.com\/optical-policies\/#breadcrumb"},"inLanguage":"es","potentialAction":[{"@type":"ReadAction","target":["https:\/\/mivisioneyecare.com\/optical-policies\/"]}]},{"@type":"BreadcrumbList","@id":"https:\/\/mivisioneyecare.com\/optical-policies\/#breadcrumb","itemListElement":[{"@type":"ListItem","position":1,"name":"Portada","item":"https:\/\/mivisioneyecare.com\/"},{"@type":"ListItem","position":2,"name":"Optical-policies"}]},{"@type":"WebSite","@id":"https:\/\/mivisioneyecare.com\/#website","url":"https:\/\/mivisioneyecare.com\/","name":"Mi Vision Eye Care","description":"","publisher":{"@id":"https:\/\/mivisioneyecare.com\/#organization"},"potentialAction":[{"@type":"SearchAction","target":{"@type":"EntryPoint","urlTemplate":"https:\/\/mivisioneyecare.com\/?s={search_term_string}"},"query-input":{"@type":"PropertyValueSpecification","valueRequired":true,"valueName":"search_term_string"}}],"inLanguage":"es"},{"@type":"Organization","@id":"https:\/\/mivisioneyecare.com\/#organization","name":"Mi Vision Eye Care","url":"https:\/\/mivisioneyecare.com\/","logo":{"@type":"ImageObject","inLanguage":"es","@id":"https:\/\/mivisioneyecare.com\/#\/schema\/logo\/image\/","url":"https:\/\/mivisioneyecare.com\/wp-content\/uploads\/2022\/04\/Logo-mi-vision-eye-care.jpg","contentUrl":"https:\/\/mivisioneyecare.com\/wp-content\/uploads\/2022\/04\/Logo-mi-vision-eye-care.jpg","width":500,"height":500,"caption":"Mi Vision Eye Care"},"image":{"@id":"https:\/\/mivisioneyecare.com\/#\/schema\/logo\/image\/"},"sameAs":["https:\/\/www.facebook.com\/mivision2020","https:\/\/www.instagram.com\/mivisioneyecare\/","https:\/\/www.youtube.com\/channel\/UCRg--4BZMPV669U2v2CoY8w"]}]}},"_links":{"self":[{"href":"https:\/\/mivisioneyecare.com\/es\/wp-json\/wp\/v2\/pages\/879","targetHints":{"allow":["GET"]}}],"collection":[{"href":"https:\/\/mivisioneyecare.com\/es\/wp-json\/wp\/v2\/pages"}],"about":[{"href":"https:\/\/mivisioneyecare.com\/es\/wp-json\/wp\/v2\/types\/page"}],"author":[{"embeddable":true,"href":"https:\/\/mivisioneyecare.com\/es\/wp-json\/wp\/v2\/users\/1"}],"replies":[{"embeddable":true,"href":"https:\/\/mivisioneyecare.com\/es\/wp-json\/wp\/v2\/comments?post=879"}],"version-history":[{"count":0,"href":"https:\/\/mivisioneyecare.com\/es\/wp-json\/wp\/v2\/pages\/879\/revisions"}],"wp:attachment":[{"href":"https:\/\/mivisioneyecare.com\/es\/wp-json\/wp\/v2\/media?parent=879"}],"curies":[{"name":"wp","href":"https:\/\/api.w.org\/{rel}","templated":true}]}}